{"id":39947,"date":"2026-03-18T11:40:07","date_gmt":"2026-03-18T08:40:07","guid":{"rendered":"https:\/\/www.gasia.com.tr\/?post_type=product&#038;p=39947"},"modified":"2026-04-16T18:00:56","modified_gmt":"2026-04-16T15:00:56","slug":"sari-inci-ve-pirlanta-detayli-modern-kupe","status":"publish","type":"product","link":"https:\/\/www.gasia.com.tr\/en\/collections\/sari-inci-ve-pirlanta-detayli-modern-kupe\/","title":{"rendered":"Sar\u0131 \u0130nci ve P\u0131rlanta Detayl\u0131 Modern K\u00fcpe"},"content":{"rendered":"<p>I\u015f\u0131lt\u0131l\u0131 p\u0131rlanta detaylarla bezeli modern formu ve dikkat \u00e7ekici inci detay\u0131yla tasarlanan bu k\u00fcpe, klasik zarafeti \u00e7a\u011fda\u015f bir dokunu\u015fla bulu\u015fturur. Yumu\u015fak parlakl\u0131\u011fa sahip inci, tasar\u0131ma sofistike bir g\u00f6r\u00fcn\u00fcm kazand\u0131r\u0131rken, g\u00fcnl\u00fck ve \u00f6zel kombinlerde \u015f\u0131k bir tamamlay\u0131c\u0131 olur.<\/p>","protected":false},"excerpt":{"rendered":"<ul>\n<li>18 Ayar Alt\u0131n<\/li>\n<li>0,85 ct P\u0131rlanta<\/li>\n<\/ul>","protected":false},"featured_media":39948,"comment_status":"open","ping_status":"closed","template":"","meta":[],"product_brand":[77],"product_cat":[74],"product_tag":[1843,1848,1723,1856,1722,1854,1684,1573,1595,1858,389,1594,1852,1543,373,1847,1844,1849,395,1721,379,1564,1537,1788,1583,392,1845,1846,1853,1567,814,1842,1855,375,403,813,1850,1857,1596,1851,378],"class_list":{"0":"post-39947","1":"product","2":"type-product","3":"status-publish","4":"has-post-thumbnail","6":"product_brand-gasia","7":"product_cat-kupe-modelleri","8":"product_tag-altin-ton-inci-kupe","9":"product_tag-altin-ton-taki","10":"product_tag-bridal-earrings","11":"product_tag-chic-earrings","12":"product_tag-classic-earrings","13":"product_tag-daily-earrings","14":"product_tag-dangle-earrings","15":"product_tag-diamond-detail-earrings","16":"product_tag-elegant-earrings","17":"product_tag-fashion-earrings","18":"product_tag-fine-jewelry-earrings","19":"product_tag-gemstone-earrings","20":"product_tag-gold-tone-pearl-earrings","21":"product_tag-gunluk-kupe","22":"product_tag-inci-kupe","23":"product_tag-inci-taki","24":"product_tag-inci-ve-pirlanta-kupe","25":"product_tag-isiltili-kupe","26":"product_tag-kadin-kupe","27":"product_tag-klasik-kupe","28":"product_tag-luks-kupe","29":"product_tag-luxury-earrings","30":"product_tag-minimal-kupe","31":"product_tag-minimalist-earrings","32":"product_tag-modern-earrings","33":"product_tag-modern-kupe","34":"product_tag-ozel-gun-kupesi","35":"product_tag-parlak-kupe","36":"product_tag-pearl-and-diamond-earrings","37":"product_tag-pirlanta-detayli-kupe","38":"product_tag-sallantili-kupe","39":"product_tag-sari-inci-kupe","40":"product_tag-shiny-earrings","41":"product_tag-sik-kupe","42":"product_tag-statement-earrings","43":"product_tag-tasli-kupe","44":"product_tag-trend-kupe-pearl-earrings","45":"product_tag-trendy-jewelry","46":"product_tag-women-earrings","47":"product_tag-yellow-pearl-earrings","48":"product_tag-zarif-kupe","49":"pa_cinsiyet-kadin","51":"first","52":"instock","53":"sale","54":"shipping-taxable","55":"purchasable","56":"product-type-simple"},"_links":{"self":[{"href":"https:\/\/www.gasia.com.tr\/en\/wp-json\/wp\/v2\/product\/39947","targetHints":{"allow":["GET"]}}],"collection":[{"href":"https:\/\/www.gasia.com.tr\/en\/wp-json\/wp\/v2\/product"}],"about":[{"href":"https:\/\/www.gasia.com.tr\/en\/wp-json\/wp\/v2\/types\/product"}],"replies":[{"embeddable":true,"href":"https:\/\/www.gasia.com.tr\/en\/wp-json\/wp\/v2\/comments?post=39947"}],"version-history":[{"count":3,"href":"https:\/\/www.gasia.com.tr\/en\/wp-json\/wp\/v2\/product\/39947\/revisions"}],"predecessor-version":[{"id":42004,"href":"https:\/\/www.gasia.com.tr\/en\/wp-json\/wp\/v2\/product\/39947\/revisions\/42004"}],"wp:featuredmedia":[{"embeddable":true,"href":"https:\/\/www.gasia.com.tr\/en\/wp-json\/wp\/v2\/media\/39948"}],"wp:attachment":[{"href":"https:\/\/www.gasia.com.tr\/en\/wp-json\/wp\/v2\/media?parent=39947"}],"wp:term":[{"taxonomy":"product_brand","embeddable":true,"href":"https:\/\/www.gasia.com.tr\/en\/wp-json\/wp\/v2\/product_brand?post=39947"},{"taxonomy":"product_cat","embeddable":true,"href":"https:\/\/www.gasia.com.tr\/en\/wp-json\/wp\/v2\/product_cat?post=39947"},{"taxonomy":"product_tag","embeddable":true,"href":"https:\/\/www.gasia.com.tr\/en\/wp-json\/wp\/v2\/product_tag?post=39947"}],"curies":[{"name":"wp","href":"https:\/\/api.w.org\/{rel}","templated":true}]}}