{"id":39950,"date":"2026-03-18T11:42:58","date_gmt":"2026-03-18T08:42:58","guid":{"rendered":"https:\/\/www.gasia.com.tr\/?post_type=product&#038;p=39950"},"modified":"2026-04-13T13:26:21","modified_gmt":"2026-04-13T10:26:21","slug":"yilan-motifli-zincir-detayli-erkek-yuzuk","status":"publish","type":"product","link":"https:\/\/www.gasia.com.tr\/en\/collections\/yilan-motifli-zincir-detayli-erkek-yuzuk\/","title":{"rendered":"Y\u0131lan Motifli Zincir Detayl\u0131 Erkek Y\u00fcz\u00fck"},"content":{"rendered":"<p>Y\u0131lan fig\u00fcr\u00fc ve zincir detaylar\u0131yla tasarlanan bu y\u00fcz\u00fck, g\u00fc\u00e7l\u00fc ve karakteristik bir stil sunar. Oksitli y\u00fczey dokusu sayesinde vintage bir g\u00f6r\u00fcn\u00fcm kazanan tasar\u0131m, mask\u00fclen ve \u00f6zg\u00fcn bir tarz arayanlar i\u00e7in dikkat \u00e7ekici bir tamamlay\u0131c\u0131d\u0131r. G\u00fcnl\u00fck kullan\u0131mda stilinizi \u00f6ne \u00e7\u0131karan iddial\u0131 bir par\u00e7ad\u0131r.<\/p>","protected":false},"excerpt":{"rendered":"<p>&nbsp;<\/p>\n<ul>\n<li>925 Ayar Okside G\u00fcm\u00fc\u015f<\/li>\n<\/ul>","protected":false},"featured_media":39957,"comment_status":"open","ping_status":"closed","template":"","meta":[],"product_brand":[77],"product_cat":[76],"product_tag":[463,1874,1157,1876,565,469,1866,1861,455,1875,461,453,1864,1877,1865,1867,1871,682,1868,1873,671,1860,1869,1862,1878,450,1193,1863,340,1872,1870,683,1859,454],"class_list":{"0":"post-39950","1":"product","2":"type-product","3":"status-publish","4":"has-post-thumbnail","6":"product_brand-gasia","7":"product_cat-yuzuk-modelleri","8":"product_tag-biker-ring","9":"product_tag-bold-ring","10":"product_tag-chain-detail-ring","11":"product_tag-dark-metal-ring","12":"product_tag-designer-ring","13":"product_tag-edgy-ring","14":"product_tag-el-yapimi-gorunum-yuzuk","15":"product_tag-erkek-taki","16":"product_tag-erkek-yuzuk","17":"product_tag-fashion-ring","18":"product_tag-gothic-ring","19":"product_tag-gotik-yuzuk","20":"product_tag-gunluk-yuzuk","21":"product_tag-handcrafted-look-ring","22":"product_tag-karakterli-yuzuk","23":"product_tag-koyu-metal-yuzuk-snake-ring","24":"product_tag-masculine-ring","25":"product_tag-maskulen-yuzuk","26":"product_tag-men-ring","27":"product_tag-mens-jewelry","28":"product_tag-modern-erkek-yuzuk","29":"product_tag-oksitli-yuzuk","30":"product_tag-oxidized-ring","31":"product_tag-ozgun-yuzuk","32":"product_tag-silver-tone-ring","33":"product_tag-statement-ring","34":"product_tag-statement-yuzuk","35":"product_tag-stil-yuzuk","36":"product_tag-tasarim-yuzuk","37":"product_tag-unique-ring","38":"product_tag-vintage-ring","39":"product_tag-vintage-yuzuk","40":"product_tag-yilan-yuzuk","41":"product_tag-zincir-detayli-yuzuk","42":"pa_cinsiyet-erkek","44":"first","45":"instock","46":"shipping-taxable","47":"purchasable","48":"product-type-simple"},"_links":{"self":[{"href":"https:\/\/www.gasia.com.tr\/en\/wp-json\/wp\/v2\/product\/39950","targetHints":{"allow":["GET"]}}],"collection":[{"href":"https:\/\/www.gasia.com.tr\/en\/wp-json\/wp\/v2\/product"}],"about":[{"href":"https:\/\/www.gasia.com.tr\/en\/wp-json\/wp\/v2\/types\/product"}],"replies":[{"embeddable":true,"href":"https:\/\/www.gasia.com.tr\/en\/wp-json\/wp\/v2\/comments?post=39950"}],"version-history":[{"count":4,"href":"https:\/\/www.gasia.com.tr\/en\/wp-json\/wp\/v2\/product\/39950\/revisions"}],"predecessor-version":[{"id":41999,"href":"https:\/\/www.gasia.com.tr\/en\/wp-json\/wp\/v2\/product\/39950\/revisions\/41999"}],"wp:featuredmedia":[{"embeddable":true,"href":"https:\/\/www.gasia.com.tr\/en\/wp-json\/wp\/v2\/media\/39957"}],"wp:attachment":[{"href":"https:\/\/www.gasia.com.tr\/en\/wp-json\/wp\/v2\/media?parent=39950"}],"wp:term":[{"taxonomy":"product_brand","embeddable":true,"href":"https:\/\/www.gasia.com.tr\/en\/wp-json\/wp\/v2\/product_brand?post=39950"},{"taxonomy":"product_cat","embeddable":true,"href":"https:\/\/www.gasia.com.tr\/en\/wp-json\/wp\/v2\/product_cat?post=39950"},{"taxonomy":"product_tag","embeddable":true,"href":"https:\/\/www.gasia.com.tr\/en\/wp-json\/wp\/v2\/product_tag?post=39950"}],"curies":[{"name":"wp","href":"https:\/\/api.w.org\/{rel}","templated":true}]}}