{"id":39954,"date":"2026-03-18T12:04:49","date_gmt":"2026-03-18T09:04:49","guid":{"rendered":"https:\/\/www.gasia.com.tr\/?post_type=product&#038;p=39954"},"modified":"2026-04-13T13:21:04","modified_gmt":"2026-04-13T10:21:04","slug":"kuru-kafa-detayli-zincirli-erkek-yuzuk-gotik-oksitli-biker-stil","status":"publish","type":"product","link":"https:\/\/www.gasia.com.tr\/en\/collections\/kuru-kafa-detayli-zincirli-erkek-yuzuk-gotik-oksitli-biker-stil\/","title":{"rendered":"Kuru Kafa Detayl\u0131 Zincirli Erkek Y\u00fcz\u00fck | Gotik Oksitli Biker Stil"},"content":{"rendered":"<p>Kuru kafa motifleri ve zincir detaylar\u0131yla \u00f6ne \u00e7\u0131kan bu y\u00fcz\u00fck, karanl\u0131k ve g\u00fc\u00e7l\u00fc bir stil sunar. Oksitli y\u00fczey dokusu vintage bir karakter kazand\u0131r\u0131rken, mask\u00fclen ve asi duru\u015fuyla dikkat \u00e7eker. Gotik ve biker tarz\u0131 benimseyenler i\u00e7in iddial\u0131 ve \u00f6zg\u00fcn bir par\u00e7ad\u0131r.<\/p>","protected":false},"excerpt":{"rendered":"<p>&nbsp;<\/p>\n<ul>\n<li>925 Ayar Okside G\u00fcm\u00fc\u015f<\/li>\n<\/ul>","protected":false},"featured_media":39955,"comment_status":"open","ping_status":"closed","template":"","meta":[],"product_brand":[77],"product_cat":[76],"product_tag":[1880,463,457,1874,468,1886,565,469,1861,455,461,453,1883,1882,452,1871,682,1868,1873,1860,1869,1884,464,1885,1881,664,450,1193,1872,1870,683,1879],"class_list":{"0":"post-39954","1":"product","2":"type-product","3":"status-publish","4":"has-post-thumbnail","6":"product_brand-gasia","7":"product_cat-yuzuk-modelleri","8":"product_tag-asi-yuzuk","9":"product_tag-biker-ring","10":"product_tag-biker-yuzuk","11":"product_tag-bold-ring","12":"product_tag-chain-ring","13":"product_tag-dark-style-ring","14":"product_tag-designer-ring","15":"product_tag-edgy-ring","16":"product_tag-erkek-taki","17":"product_tag-erkek-yuzuk","18":"product_tag-gothic-ring","19":"product_tag-gotik-yuzuk","20":"product_tag-guclu-yuzuk","21":"product_tag-karanlik-stil-yuzuk","22":"product_tag-kuru-kafa-yuzuk","23":"product_tag-masculine-ring","24":"product_tag-maskulen-yuzuk","25":"product_tag-men-ring","26":"product_tag-mens-jewelry","27":"product_tag-oksitli-yuzuk","28":"product_tag-oxidized-ring","29":"product_tag-ozgun-tasarim-yuzuk-skull-ring","30":"product_tag-punk-ring","31":"product_tag-rock-style-ring","32":"product_tag-rocker-yuzuk","33":"product_tag-skull-yuzuk","34":"product_tag-statement-ring","35":"product_tag-statement-yuzuk","36":"product_tag-unique-ring","37":"product_tag-vintage-ring","38":"product_tag-vintage-yuzuk","39":"product_tag-zincirli-yuzuk","40":"pa_cinsiyet-erkek","42":"first","43":"instock","44":"shipping-taxable","45":"purchasable","46":"product-type-simple"},"_links":{"self":[{"href":"https:\/\/www.gasia.com.tr\/en\/wp-json\/wp\/v2\/product\/39954","targetHints":{"allow":["GET"]}}],"collection":[{"href":"https:\/\/www.gasia.com.tr\/en\/wp-json\/wp\/v2\/product"}],"about":[{"href":"https:\/\/www.gasia.com.tr\/en\/wp-json\/wp\/v2\/types\/product"}],"replies":[{"embeddable":true,"href":"https:\/\/www.gasia.com.tr\/en\/wp-json\/wp\/v2\/comments?post=39954"}],"version-history":[{"count":2,"href":"https:\/\/www.gasia.com.tr\/en\/wp-json\/wp\/v2\/product\/39954\/revisions"}],"predecessor-version":[{"id":41996,"href":"https:\/\/www.gasia.com.tr\/en\/wp-json\/wp\/v2\/product\/39954\/revisions\/41996"}],"wp:featuredmedia":[{"embeddable":true,"href":"https:\/\/www.gasia.com.tr\/en\/wp-json\/wp\/v2\/media\/39955"}],"wp:attachment":[{"href":"https:\/\/www.gasia.com.tr\/en\/wp-json\/wp\/v2\/media?parent=39954"}],"wp:term":[{"taxonomy":"product_brand","embeddable":true,"href":"https:\/\/www.gasia.com.tr\/en\/wp-json\/wp\/v2\/product_brand?post=39954"},{"taxonomy":"product_cat","embeddable":true,"href":"https:\/\/www.gasia.com.tr\/en\/wp-json\/wp\/v2\/product_cat?post=39954"},{"taxonomy":"product_tag","embeddable":true,"href":"https:\/\/www.gasia.com.tr\/en\/wp-json\/wp\/v2\/product_tag?post=39954"}],"curies":[{"name":"wp","href":"https:\/\/api.w.org\/{rel}","templated":true}]}}