{"id":39958,"date":"2026-03-18T12:09:02","date_gmt":"2026-03-18T09:09:02","guid":{"rendered":"https:\/\/www.gasia.com.tr\/?post_type=product&#038;p=39958"},"modified":"2026-04-13T13:19:41","modified_gmt":"2026-04-13T10:19:41","slug":"at-figurlu-heykelsi-erkek-yuzuk-vintage-oksitli-sanatsal-tasarim","status":"publish","type":"product","link":"https:\/\/www.gasia.com.tr\/en\/collections\/at-figurlu-heykelsi-erkek-yuzuk-vintage-oksitli-sanatsal-tasarim\/","title":{"rendered":"At Fig\u00fcrl\u00fc Heykelsi Erkek Y\u00fcz\u00fck | Vintage Oksitli Sanatsal Tasar\u0131m"},"content":{"rendered":"<p>Ko\u015fan at fig\u00fcrlerinin dinamik formuyla tasarlanan bu y\u00fcz\u00fck, hareket ve g\u00fcc\u00fc simgeleyen etkileyici bir tasar\u0131ma sahiptir. Heykelsi detaylar\u0131 ve oksitli y\u00fczey dokusu sayesinde vintage ve sanatsal bir karakter sunar. G\u00fc\u00e7l\u00fc stil anlay\u0131\u015f\u0131na sahip olanlar i\u00e7in dikkat \u00e7ekici ve \u00f6zg\u00fcn bir par\u00e7ad\u0131r.<\/p>","protected":false},"excerpt":{"rendered":"<p>&nbsp;<\/p>\n<ul>\n<li>925 Ayar Okside G\u00fcm\u00fc\u015f<\/li>\n<\/ul>\n<p>&nbsp;<\/p>","protected":false},"featured_media":39959,"comment_status":"open","ping_status":"closed","template":"","meta":[],"product_brand":[],"product_cat":[76],"product_tag":[1898,1897,1887,1888,1874,565,1899,1894,1893,1861,455,1883,1877,1892,1890,1895,1865,682,1868,1873,1860,1869,1891,1889,1896,450,1193,1900,1872,1870,683],"class_list":{"0":"post-39958","1":"product","2":"type-product","3":"status-publish","4":"has-post-thumbnail","6":"product_cat-yuzuk-modelleri","7":"product_tag-animal-ring","8":"product_tag-artistic-ring","9":"product_tag-at-figurlu-yuzuk","10":"product_tag-at-yuzuk","11":"product_tag-bold-ring","12":"product_tag-designer-ring","13":"product_tag-detailed-ring","14":"product_tag-detayli-yuzuk-horse-ring","15":"product_tag-el-isciligi-gorunumlu-yuzuk","16":"product_tag-erkek-taki","17":"product_tag-erkek-yuzuk","18":"product_tag-guclu-yuzuk","19":"product_tag-handcrafted-look-ring","20":"product_tag-hayvan-figurlu-yuzuk","21":"product_tag-heykelsi-yuzuk","22":"product_tag-horse-motif-ring","23":"product_tag-karakterli-yuzuk","24":"product_tag-maskulen-yuzuk","25":"product_tag-men-ring","26":"product_tag-mens-jewelry","27":"product_tag-oksitli-yuzuk","28":"product_tag-oxidized-ring","29":"product_tag-ozgun-tasarim-yuzuk","30":"product_tag-sanatsal-yuzuk","31":"product_tag-sculptural-ring","32":"product_tag-statement-ring","33":"product_tag-statement-yuzuk","34":"product_tag-strong-style-ring","35":"product_tag-unique-ring","36":"product_tag-vintage-ring","37":"product_tag-vintage-yuzuk","38":"pa_cinsiyet-erkek","40":"first","41":"instock","42":"shipping-taxable","43":"purchasable","44":"product-type-simple"},"_links":{"self":[{"href":"https:\/\/www.gasia.com.tr\/en\/wp-json\/wp\/v2\/product\/39958","targetHints":{"allow":["GET"]}}],"collection":[{"href":"https:\/\/www.gasia.com.tr\/en\/wp-json\/wp\/v2\/product"}],"about":[{"href":"https:\/\/www.gasia.com.tr\/en\/wp-json\/wp\/v2\/types\/product"}],"replies":[{"embeddable":true,"href":"https:\/\/www.gasia.com.tr\/en\/wp-json\/wp\/v2\/comments?post=39958"}],"version-history":[{"count":4,"href":"https:\/\/www.gasia.com.tr\/en\/wp-json\/wp\/v2\/product\/39958\/revisions"}],"predecessor-version":[{"id":41995,"href":"https:\/\/www.gasia.com.tr\/en\/wp-json\/wp\/v2\/product\/39958\/revisions\/41995"}],"wp:featuredmedia":[{"embeddable":true,"href":"https:\/\/www.gasia.com.tr\/en\/wp-json\/wp\/v2\/media\/39959"}],"wp:attachment":[{"href":"https:\/\/www.gasia.com.tr\/en\/wp-json\/wp\/v2\/media?parent=39958"}],"wp:term":[{"taxonomy":"product_brand","embeddable":true,"href":"https:\/\/www.gasia.com.tr\/en\/wp-json\/wp\/v2\/product_brand?post=39958"},{"taxonomy":"product_cat","embeddable":true,"href":"https:\/\/www.gasia.com.tr\/en\/wp-json\/wp\/v2\/product_cat?post=39958"},{"taxonomy":"product_tag","embeddable":true,"href":"https:\/\/www.gasia.com.tr\/en\/wp-json\/wp\/v2\/product_tag?post=39958"}],"curies":[{"name":"wp","href":"https:\/\/api.w.org\/{rel}","templated":true}]}}