{"id":39970,"date":"2026-03-18T16:15:30","date_gmt":"2026-03-18T13:15:30","guid":{"rendered":"https:\/\/www.gasia.com.tr\/?post_type=product&#038;p=39970"},"modified":"2026-04-10T19:56:02","modified_gmt":"2026-04-10T16:56:02","slug":"altin-inci-damla-kupe-gunluk-kullanima-uygun-sik-ve-sade-tasarim","status":"publish","type":"product","link":"https:\/\/www.gasia.com.tr\/en\/collections\/altin-inci-damla-kupe-gunluk-kullanima-uygun-sik-ve-sade-tasarim\/","title":{"rendered":"Alt\u0131n \u0130nci Damla K\u00fcpe"},"content":{"rendered":"<p>Alt\u0131n ve do\u011fal incinin uyumuyla tasarlanan bu damla k\u00fcpe, sade ama dikkat \u00e7ekici bir g\u00f6r\u00fcn\u00fcm sunar. G\u00fcnl\u00fck kombinlerinize kolayca uyum sa\u011flar, \u00f6zel g\u00fcnlerde ise \u015f\u0131kl\u0131\u011f\u0131n\u0131z\u0131 tamamlayan zarif bir detay olur. Hafif yap\u0131s\u0131 sayesinde g\u00fcn boyu rahat kullan\u0131m sunarken, klasik inci formu modern bir dokunu\u015fla yeniden yorumlanm\u0131\u015ft\u0131r. Farkl\u0131 stillerle rahat\u00e7a kombinlenebilen bu k\u00fcpe, tak\u0131 koleksiyonunuzun vazge\u00e7ilmez par\u00e7alar\u0131ndan biri olmaya adayd\u0131r.<\/p>","protected":false},"excerpt":{"rendered":"<ul>\n<li>14 Ayar Alt\u0131n<\/li>\n<li>0,12 ct P\u0131rlanta<\/li>\n<li>Do\u011fal \u0130nci<\/li>\n<\/ul>","protected":false},"featured_media":40083,"comment_status":"open","ping_status":"closed","template":"","meta":[],"product_brand":[77],"product_cat":[74],"product_tag":[1935,1945,1937,1936,1941,1942,1946,1944,1938,1948,1949,1943,1947,1939,1940,1950],"class_list":{"0":"post-39970","1":"product","2":"type-product","3":"status-publish","4":"has-post-thumbnail","6":"product_brand-gasia","7":"product_cat-kupe-modelleri","8":"product_tag-altin-inci-kupe-gold-pearl-earrings","9":"product_tag-altin-inci-taki-gold-pearl-jewelry","10":"product_tag-altin-kupe-gold-earrings","11":"product_tag-damla-inci-kupe-pearl-drop-earrings","12":"product_tag-dogal-inci-kupe-natural-pearl-earrings","13":"product_tag-gunluk-kupe-everyday-earrings","14":"product_tag-hafif-kupe-lightweight-earrings","15":"product_tag-inci-taki-pearl-jewelry","16":"product_tag-kadin-kupe-women-earrings","17":"product_tag-klasik-inci-kupe-classic-pearl-earrings","18":"product_tag-kombin-tamamlayici-kupe-outfit-earrings","19":"product_tag-minimal-kupe-minimalist-earrings","20":"product_tag-modern-inci-kupe-modern-pearl-earrings","21":"product_tag-sade-kupe-simple-earrings","22":"product_tag-sik-kupe-elegant-earrings","23":"product_tag-zarif-kadin-taki-dainty-women-jewelry","24":"pa_cinsiyet-kadin","26":"first","27":"instock","28":"shipping-taxable","29":"purchasable","30":"product-type-simple"},"_links":{"self":[{"href":"https:\/\/www.gasia.com.tr\/en\/wp-json\/wp\/v2\/product\/39970","targetHints":{"allow":["GET"]}}],"collection":[{"href":"https:\/\/www.gasia.com.tr\/en\/wp-json\/wp\/v2\/product"}],"about":[{"href":"https:\/\/www.gasia.com.tr\/en\/wp-json\/wp\/v2\/types\/product"}],"replies":[{"embeddable":true,"href":"https:\/\/www.gasia.com.tr\/en\/wp-json\/wp\/v2\/comments?post=39970"}],"version-history":[{"count":3,"href":"https:\/\/www.gasia.com.tr\/en\/wp-json\/wp\/v2\/product\/39970\/revisions"}],"predecessor-version":[{"id":41818,"href":"https:\/\/www.gasia.com.tr\/en\/wp-json\/wp\/v2\/product\/39970\/revisions\/41818"}],"wp:featuredmedia":[{"embeddable":true,"href":"https:\/\/www.gasia.com.tr\/en\/wp-json\/wp\/v2\/media\/40083"}],"wp:attachment":[{"href":"https:\/\/www.gasia.com.tr\/en\/wp-json\/wp\/v2\/media?parent=39970"}],"wp:term":[{"taxonomy":"product_brand","embeddable":true,"href":"https:\/\/www.gasia.com.tr\/en\/wp-json\/wp\/v2\/product_brand?post=39970"},{"taxonomy":"product_cat","embeddable":true,"href":"https:\/\/www.gasia.com.tr\/en\/wp-json\/wp\/v2\/product_cat?post=39970"},{"taxonomy":"product_tag","embeddable":true,"href":"https:\/\/www.gasia.com.tr\/en\/wp-json\/wp\/v2\/product_tag?post=39970"}],"curies":[{"name":"wp","href":"https:\/\/api.w.org\/{rel}","templated":true}]}}