{"id":39974,"date":"2026-02-01T00:00:00","date_gmt":"2026-01-31T21:00:00","guid":{"rendered":"https:\/\/www.gasia.com.tr\/?post_type=product&#038;p=39974"},"modified":"2026-03-30T14:57:37","modified_gmt":"2026-03-30T11:57:37","slug":"altin-turuncu-mine-tas-detayli-halka-kupe","status":"publish","type":"product","link":"https:\/\/www.gasia.com.tr\/en\/collections\/altin-turuncu-mine-tas-detayli-halka-kupe\/","title":{"rendered":"Alt\u0131n Turuncu Mine Ta\u015f Detayl\u0131 Halka K\u00fcpe"},"content":{"rendered":"<p>Alt\u0131n ton ve turuncu mine kaplaman\u0131n dikkat \u00e7ekici uyumuyla tasarlanan bu halka k\u00fcpe, enerjik ve modern bir g\u00f6r\u00fcn\u00fcm sunar. Kavisli formdaki turuncu mine y\u00fczey kula\u011f\u0131 zarif \u015fekilde sararken, \u00fcst k\u0131sm\u0131ndaki ta\u015f detay\u0131 \u0131\u015f\u0131lt\u0131 katar. G\u00fcnl\u00fck kombinlere renk katmak i\u00e7in ideal bir par\u00e7a olup, sade stilleri \u00f6n plana \u00e7\u0131kar\u0131r. Hafif yap\u0131s\u0131 sayesinde g\u00fcn boyu konfor sa\u011flar ve farkl\u0131 tarzlarla kolayca kombinlenebilir.<\/p>","protected":false},"excerpt":{"rendered":"<p>Alt\u0131n ton ve turuncu mine kaplaman\u0131n dikkat \u00e7ekici uyumuyla tasarlanan bu halka k\u00fcpe, enerjik ve modern bir g\u00f6r\u00fcn\u00fcm sunar. Kavisli<\/p>","protected":false},"featured_media":40078,"comment_status":"open","ping_status":"closed","template":"","meta":[],"product_brand":[],"product_cat":[74],"product_tag":[1519,1953,1959,1963,1956,1791,1526,1954,1543,1960,395,1964,1961,1962,1955,1537,1788,1583,392,1952,1965,1958,1957,813,1951,1596],"class_list":{"0":"post-39974","1":"product","2":"type-product","3":"status-publish","4":"has-post-thumbnail","6":"product_cat-kupe-modelleri","7":"product_tag-altin-halka-kupe","8":"product_tag-altin-turuncu-mine-kupe","9":"product_tag-colorful-earrings","10":"product_tag-enamel-detail-earrings","11":"product_tag-enamel-hoop-earrings","12":"product_tag-everyday-earrings","13":"product_tag-gold-hoop-earrings","14":"product_tag-gold-orange-enamel-earrings","15":"product_tag-gunluk-kupe","16":"product_tag-hafif-kupe","17":"product_tag-kadin-kupe","18":"product_tag-kombin-tamamlayici-kupe","19":"product_tag-lightweight-earrings","20":"product_tag-mine-detayli-kupe","21":"product_tag-mine-halka-kupe","22":"product_tag-minimal-kupe","23":"product_tag-minimalist-earrings","24":"product_tag-modern-earrings","25":"product_tag-modern-kupe","26":"product_tag-orange-enamel-earrings","27":"product_tag-outfit-earrings","28":"product_tag-renkli-kupe","29":"product_tag-stone-earrings","30":"product_tag-tasli-kupe","31":"product_tag-turuncu-mine-kupe","32":"product_tag-women-earrings","33":"pa_cinsiyet-kadin","35":"first","36":"instock","37":"shipping-taxable","38":"product-type-simple"},"_links":{"self":[{"href":"https:\/\/www.gasia.com.tr\/en\/wp-json\/wp\/v2\/product\/39974","targetHints":{"allow":["GET"]}}],"collection":[{"href":"https:\/\/www.gasia.com.tr\/en\/wp-json\/wp\/v2\/product"}],"about":[{"href":"https:\/\/www.gasia.com.tr\/en\/wp-json\/wp\/v2\/types\/product"}],"replies":[{"embeddable":true,"href":"https:\/\/www.gasia.com.tr\/en\/wp-json\/wp\/v2\/comments?post=39974"}],"version-history":[{"count":2,"href":"https:\/\/www.gasia.com.tr\/en\/wp-json\/wp\/v2\/product\/39974\/revisions"}],"predecessor-version":[{"id":40079,"href":"https:\/\/www.gasia.com.tr\/en\/wp-json\/wp\/v2\/product\/39974\/revisions\/40079"}],"wp:featuredmedia":[{"embeddable":true,"href":"https:\/\/www.gasia.com.tr\/en\/wp-json\/wp\/v2\/media\/40078"}],"wp:attachment":[{"href":"https:\/\/www.gasia.com.tr\/en\/wp-json\/wp\/v2\/media?parent=39974"}],"wp:term":[{"taxonomy":"product_brand","embeddable":true,"href":"https:\/\/www.gasia.com.tr\/en\/wp-json\/wp\/v2\/product_brand?post=39974"},{"taxonomy":"product_cat","embeddable":true,"href":"https:\/\/www.gasia.com.tr\/en\/wp-json\/wp\/v2\/product_cat?post=39974"},{"taxonomy":"product_tag","embeddable":true,"href":"https:\/\/www.gasia.com.tr\/en\/wp-json\/wp\/v2\/product_tag?post=39974"}],"curies":[{"name":"wp","href":"https:\/\/api.w.org\/{rel}","templated":true}]}}