{"id":39978,"date":"2026-02-01T00:00:00","date_gmt":"2026-01-31T21:00:00","guid":{"rendered":"https:\/\/www.gasia.com.tr\/?post_type=product&#038;p=39978"},"modified":"2026-03-30T14:57:37","modified_gmt":"2026-03-30T11:57:37","slug":"altin-siyah-mine-tas-detayli-halka-kupe-dikkat-cekici-ve-modern-stil","status":"publish","type":"product","link":"https:\/\/www.gasia.com.tr\/en\/collections\/altin-siyah-mine-tas-detayli-halka-kupe-dikkat-cekici-ve-modern-stil\/","title":{"rendered":"Alt\u0131n Siyah Mine Ta\u015f Detayl\u0131 Halka K\u00fcpe  Dikkat \u00c7ekici ve Modern Stil"},"content":{"rendered":"<p>Alt\u0131n ton ve siyah mine kaplaman\u0131n g\u00fc\u00e7l\u00fc kontrast\u0131yla tasarlanan bu halka k\u00fcpe, net ve iddial\u0131 bir g\u00f6r\u00fcn\u00fcm sunar. Kavisli formdaki siyah mine y\u00fczey kula\u011f\u0131 zarif \u015fekilde sararken, \u00fcst k\u0131sm\u0131ndaki ta\u015f detay\u0131 \u0131\u015f\u0131lt\u0131l\u0131 bir vurgu olu\u015fturur. G\u00fcnl\u00fck kombinlerde \u00f6ne \u00e7\u0131kan bir par\u00e7a olarak kullan\u0131labilir, daha \u015f\u0131k g\u00f6r\u00fcn\u00fcmlerde ise tamamlay\u0131c\u0131 bir etki sa\u011flar. Hafif yap\u0131s\u0131 sayesinde konforlu kullan\u0131m sunar ve farkl\u0131 stillerle kolayca uyum sa\u011flar.<\/p>","protected":false},"excerpt":{"rendered":"<p>Alt\u0131n ton ve siyah mine kaplaman\u0131n g\u00fc\u00e7l\u00fc kontrast\u0131yla tasarlanan bu halka k\u00fcpe, net ve iddial\u0131 bir g\u00f6r\u00fcn\u00fcm sunar. Kavisli formdaki<\/p>","protected":false},"featured_media":40077,"comment_status":"open","ping_status":"closed","template":"","meta":[],"product_brand":[],"product_cat":[74],"product_tag":[1519,1968,1967,1595,1963,1956,1791,1969,1526,1543,1960,395,1964,1961,1962,1955,1537,1788,1583,392,1965,1966,375,1957,813,1596],"class_list":{"0":"post-39978","1":"product","2":"type-product","3":"status-publish","4":"has-post-thumbnail","6":"product_cat-kupe-modelleri","7":"product_tag-altin-halka-kupe","8":"product_tag-altin-siyah-mine-kupe","9":"product_tag-black-enamel-earrings","10":"product_tag-elegant-earrings","11":"product_tag-enamel-detail-earrings","12":"product_tag-enamel-hoop-earrings","13":"product_tag-everyday-earrings","14":"product_tag-gold-black-enamel-earrings","15":"product_tag-gold-hoop-earrings","16":"product_tag-gunluk-kupe","17":"product_tag-hafif-kupe","18":"product_tag-kadin-kupe","19":"product_tag-kombin-tamamlayici-kupe","20":"product_tag-lightweight-earrings","21":"product_tag-mine-detayli-kupe","22":"product_tag-mine-halka-kupe","23":"product_tag-minimal-kupe","24":"product_tag-minimalist-earrings","25":"product_tag-modern-earrings","26":"product_tag-modern-kupe","27":"product_tag-outfit-earrings","28":"product_tag-siyah-mine-kupe","29":"product_tag-sik-kupe","30":"product_tag-stone-earrings","31":"product_tag-tasli-kupe","32":"product_tag-women-earrings","33":"pa_cinsiyet-kadin","35":"first","36":"instock","37":"shipping-taxable","38":"product-type-simple"},"_links":{"self":[{"href":"https:\/\/www.gasia.com.tr\/en\/wp-json\/wp\/v2\/product\/39978","targetHints":{"allow":["GET"]}}],"collection":[{"href":"https:\/\/www.gasia.com.tr\/en\/wp-json\/wp\/v2\/product"}],"about":[{"href":"https:\/\/www.gasia.com.tr\/en\/wp-json\/wp\/v2\/types\/product"}],"replies":[{"embeddable":true,"href":"https:\/\/www.gasia.com.tr\/en\/wp-json\/wp\/v2\/comments?post=39978"}],"version-history":[{"count":2,"href":"https:\/\/www.gasia.com.tr\/en\/wp-json\/wp\/v2\/product\/39978\/revisions"}],"predecessor-version":[{"id":39982,"href":"https:\/\/www.gasia.com.tr\/en\/wp-json\/wp\/v2\/product\/39978\/revisions\/39982"}],"wp:featuredmedia":[{"embeddable":true,"href":"https:\/\/www.gasia.com.tr\/en\/wp-json\/wp\/v2\/media\/40077"}],"wp:attachment":[{"href":"https:\/\/www.gasia.com.tr\/en\/wp-json\/wp\/v2\/media?parent=39978"}],"wp:term":[{"taxonomy":"product_brand","embeddable":true,"href":"https:\/\/www.gasia.com.tr\/en\/wp-json\/wp\/v2\/product_brand?post=39978"},{"taxonomy":"product_cat","embeddable":true,"href":"https:\/\/www.gasia.com.tr\/en\/wp-json\/wp\/v2\/product_cat?post=39978"},{"taxonomy":"product_tag","embeddable":true,"href":"https:\/\/www.gasia.com.tr\/en\/wp-json\/wp\/v2\/product_tag?post=39978"}],"curies":[{"name":"wp","href":"https:\/\/api.w.org\/{rel}","templated":true}]}}