{"id":39983,"date":"2026-02-01T00:00:00","date_gmt":"2026-01-31T21:00:00","guid":{"rendered":"https:\/\/www.gasia.com.tr\/?post_type=product&#038;p=39983"},"modified":"2026-03-30T14:57:37","modified_gmt":"2026-03-30T11:57:37","slug":"altin-turkuaz-mine-tas-detayli-halka-kupe-canli-ve-dikkat-cekici-tasarim","status":"publish","type":"product","link":"https:\/\/www.gasia.com.tr\/en\/collections\/altin-turkuaz-mine-tas-detayli-halka-kupe-canli-ve-dikkat-cekici-tasarim\/","title":{"rendered":"Alt\u0131n Turkuaz Mine Ta\u015f Detayl\u0131 Halka K\u00fcpe \u2013 Canl\u0131 ve Dikkat \u00c7ekici Tasar\u0131m"},"content":{"rendered":"<p>Alt\u0131n ton ve turkuaz mine kaplaman\u0131n enerjik uyumuyla tasarlanan bu halka k\u00fcpe, canl\u0131 ve dikkat \u00e7ekici bir g\u00f6r\u00fcn\u00fcm sunar. Kavisli formdaki turkuaz mine y\u00fczey kula\u011f\u0131 zarif \u015fekilde sararken, \u00fcst k\u0131sm\u0131ndaki ta\u015f detay\u0131 \u0131\u015f\u0131lt\u0131l\u0131 bir vurgu olu\u015fturur. G\u00fcnl\u00fck kombinlerde \u00f6ne \u00e7\u0131kan bir par\u00e7a olarak kullan\u0131labilir, sade stillere renk katmak i\u00e7in idealdir. Hafif yap\u0131s\u0131 sayesinde konforlu kullan\u0131m sunar ve farkl\u0131 tarzlarla kolayca uyum sa\u011flar.<\/p>","protected":false},"excerpt":{"rendered":"<p>Alt\u0131n ton ve turkuaz mine kaplaman\u0131n enerjik uyumuyla tasarlanan bu halka k\u00fcpe, canl\u0131 ve dikkat \u00e7ekici bir g\u00f6r\u00fcn\u00fcm sunar. Kavisli<\/p>","protected":false},"featured_media":40075,"comment_status":"open","ping_status":"closed","template":"","meta":[],"product_brand":[77],"product_cat":[74],"product_tag":[1519,1972,1959,1595,1963,1956,1791,1526,1973,1543,1960,395,1964,1961,1962,1955,1537,1788,1583,392,1965,1958,375,1957,813,1970,1971,1596],"class_list":{"0":"post-39983","1":"product","2":"type-product","3":"status-publish","4":"has-post-thumbnail","6":"product_brand-gasia","7":"product_cat-kupe-modelleri","8":"product_tag-altin-halka-kupe","9":"product_tag-altin-turkuaz-mine-kupe","10":"product_tag-colorful-earrings","11":"product_tag-elegant-earrings","12":"product_tag-enamel-detail-earrings","13":"product_tag-enamel-hoop-earrings","14":"product_tag-everyday-earrings","15":"product_tag-gold-hoop-earrings","16":"product_tag-gold-turquoise-enamel-earrings","17":"product_tag-gunluk-kupe","18":"product_tag-hafif-kupe","19":"product_tag-kadin-kupe","20":"product_tag-kombin-tamamlayici-kupe","21":"product_tag-lightweight-earrings","22":"product_tag-mine-detayli-kupe","23":"product_tag-mine-halka-kupe","24":"product_tag-minimal-kupe","25":"product_tag-minimalist-earrings","26":"product_tag-modern-earrings","27":"product_tag-modern-kupe","28":"product_tag-outfit-earrings","29":"product_tag-renkli-kupe","30":"product_tag-sik-kupe","31":"product_tag-stone-earrings","32":"product_tag-tasli-kupe","33":"product_tag-turkuaz-mine-kupe","34":"product_tag-turquoise-enamel-earrings","35":"product_tag-women-earrings","36":"pa_cinsiyet-kadin","38":"first","39":"instock","40":"shipping-taxable","41":"product-type-simple"},"_links":{"self":[{"href":"https:\/\/www.gasia.com.tr\/en\/wp-json\/wp\/v2\/product\/39983","targetHints":{"allow":["GET"]}}],"collection":[{"href":"https:\/\/www.gasia.com.tr\/en\/wp-json\/wp\/v2\/product"}],"about":[{"href":"https:\/\/www.gasia.com.tr\/en\/wp-json\/wp\/v2\/types\/product"}],"replies":[{"embeddable":true,"href":"https:\/\/www.gasia.com.tr\/en\/wp-json\/wp\/v2\/comments?post=39983"}],"version-history":[{"count":2,"href":"https:\/\/www.gasia.com.tr\/en\/wp-json\/wp\/v2\/product\/39983\/revisions"}],"predecessor-version":[{"id":39986,"href":"https:\/\/www.gasia.com.tr\/en\/wp-json\/wp\/v2\/product\/39983\/revisions\/39986"}],"wp:featuredmedia":[{"embeddable":true,"href":"https:\/\/www.gasia.com.tr\/en\/wp-json\/wp\/v2\/media\/40075"}],"wp:attachment":[{"href":"https:\/\/www.gasia.com.tr\/en\/wp-json\/wp\/v2\/media?parent=39983"}],"wp:term":[{"taxonomy":"product_brand","embeddable":true,"href":"https:\/\/www.gasia.com.tr\/en\/wp-json\/wp\/v2\/product_brand?post=39983"},{"taxonomy":"product_cat","embeddable":true,"href":"https:\/\/www.gasia.com.tr\/en\/wp-json\/wp\/v2\/product_cat?post=39983"},{"taxonomy":"product_tag","embeddable":true,"href":"https:\/\/www.gasia.com.tr\/en\/wp-json\/wp\/v2\/product_tag?post=39983"}],"curies":[{"name":"wp","href":"https:\/\/api.w.org\/{rel}","templated":true}]}}