{"id":39987,"date":"2026-03-19T00:00:00","date_gmt":"2026-03-18T21:00:00","guid":{"rendered":"https:\/\/www.gasia.com.tr\/?post_type=product&#038;p=39987"},"modified":"2026-04-13T13:17:58","modified_gmt":"2026-04-13T10:17:58","slug":"altin-morganite-ve-tanzanite-tasli-sallantili-kupe-isiltili-ve-dikkat-cekici-tasarim","status":"publish","type":"product","link":"https:\/\/www.gasia.com.tr\/en\/collections\/altin-morganite-ve-tanzanite-tasli-sallantili-kupe-isiltili-ve-dikkat-cekici-tasarim\/","title":{"rendered":"Alt\u0131n Morganite ve Tanzanite Ta\u015fl\u0131 Sallant\u0131l\u0131 K\u00fcpe \u2013 I\u015f\u0131lt\u0131l\u0131 ve Dikkat \u00c7ekici Tasar\u0131m"},"content":{"rendered":"<p>Morganite ve tanzanite ta\u015flar\u0131n\u0131n g\u00f6z al\u0131c\u0131 uyumuyla tasarlanan bu sallant\u0131l\u0131 k\u00fcpe, g\u00fc\u00e7l\u00fc ve dikkat \u00e7ekici bir g\u00f6r\u00fcn\u00fcm sunar. \u00dcst k\u0131s\u0131mdaki tanzanite ta\u015f\u0131n derin rengi, alt b\u00f6l\u00fcmdeki damla form morganite ile dengeli bir kontrast olu\u015fturur. \u00c7evresini saran ta\u015f detaylar \u0131\u015f\u0131lt\u0131y\u0131 art\u0131r\u0131rken, hareketli yap\u0131s\u0131 k\u00fcpeye dinamik bir etki kazand\u0131r\u0131r. \u00d6zel g\u00fcnlerde \u00f6ne \u00e7\u0131kan bir par\u00e7a olarak tercih edilebilir, \u015f\u0131k kombinlerin tamamlay\u0131c\u0131s\u0131d\u0131r.<\/p>","protected":false},"excerpt":{"rendered":"<ul>\n<li>18 Ayar Alt\u0131n<\/li>\n<li>1,67 ct P\u0131rlanta<\/li>\n<li>9,93 ct Damla Kesim Morganit<\/li>\n<li>3,02 ct Emrald Kesim Tanzanit<\/li>\n<\/ul>","protected":false},"featured_media":40131,"comment_status":"open","ping_status":"closed","template":"","meta":[],"product_brand":[77],"product_cat":[74],"product_tag":[1976,1980,1978,833,1595,1977,1984,1981,395,379,1564,1833,1832,1982,1845,1836,814,375,403,1975,1974,1983,1979,1596],"class_list":{"0":"post-39987","1":"product","2":"type-product","3":"status-publish","4":"has-post-thumbnail","6":"product_brand-gasia","7":"product_cat-kupe-modelleri","8":"product_tag-altin-tasli-kupe","9":"product_tag-colored-gemstone-earrings","10":"product_tag-damla-tas-kupe","11":"product_tag-drop-earrings","12":"product_tag-elegant-earrings","13":"product_tag-gold-gemstone-earrings","14":"product_tag-gold-stone-earrings","15":"product_tag-gosterisli-kupe","16":"product_tag-kadin-kupe","17":"product_tag-luks-kupe","18":"product_tag-luxury-earrings","19":"product_tag-morganite-earrings","20":"product_tag-morganite-kupe","21":"product_tag-occasion-earrings","22":"product_tag-ozel-gun-kupesi","23":"product_tag-renkli-tasli-kupe","24":"product_tag-sallantili-kupe","25":"product_tag-sik-kupe","26":"product_tag-statement-earrings","27":"product_tag-tanzanite-earrings","28":"product_tag-tanzanite-kupe","29":"product_tag-tasli-altin-kupe","30":"product_tag-teardrop-earrings","31":"product_tag-women-earrings","32":"pa_cinsiyet-kadin","34":"first","35":"instock","36":"shipping-taxable","37":"purchasable","38":"product-type-simple"},"_links":{"self":[{"href":"https:\/\/www.gasia.com.tr\/en\/wp-json\/wp\/v2\/product\/39987","targetHints":{"allow":["GET"]}}],"collection":[{"href":"https:\/\/www.gasia.com.tr\/en\/wp-json\/wp\/v2\/product"}],"about":[{"href":"https:\/\/www.gasia.com.tr\/en\/wp-json\/wp\/v2\/types\/product"}],"replies":[{"embeddable":true,"href":"https:\/\/www.gasia.com.tr\/en\/wp-json\/wp\/v2\/comments?post=39987"}],"version-history":[{"count":3,"href":"https:\/\/www.gasia.com.tr\/en\/wp-json\/wp\/v2\/product\/39987\/revisions"}],"predecessor-version":[{"id":41993,"href":"https:\/\/www.gasia.com.tr\/en\/wp-json\/wp\/v2\/product\/39987\/revisions\/41993"}],"wp:featuredmedia":[{"embeddable":true,"href":"https:\/\/www.gasia.com.tr\/en\/wp-json\/wp\/v2\/media\/40131"}],"wp:attachment":[{"href":"https:\/\/www.gasia.com.tr\/en\/wp-json\/wp\/v2\/media?parent=39987"}],"wp:term":[{"taxonomy":"product_brand","embeddable":true,"href":"https:\/\/www.gasia.com.tr\/en\/wp-json\/wp\/v2\/product_brand?post=39987"},{"taxonomy":"product_cat","embeddable":true,"href":"https:\/\/www.gasia.com.tr\/en\/wp-json\/wp\/v2\/product_cat?post=39987"},{"taxonomy":"product_tag","embeddable":true,"href":"https:\/\/www.gasia.com.tr\/en\/wp-json\/wp\/v2\/product_tag?post=39987"}],"curies":[{"name":"wp","href":"https:\/\/api.w.org\/{rel}","templated":true}]}}