{"id":39990,"date":"2026-02-02T01:00:00","date_gmt":"2026-02-01T22:00:00","guid":{"rendered":"https:\/\/www.gasia.com.tr\/?post_type=product&#038;p=39990"},"modified":"2026-03-30T17:57:55","modified_gmt":"2026-03-30T14:57:55","slug":"siyah-pirlantali-halka-kupe-sik-ve-modern-altin-tasarim","status":"publish","type":"product","link":"https:\/\/www.gasia.com.tr\/en\/collections\/siyah-pirlantali-halka-kupe-sik-ve-modern-altin-tasarim\/","title":{"rendered":"Siyah P\u0131rlantal\u0131 Halka K\u00fcpe   \u015e\u0131k ve Modern Alt\u0131n Tasar\u0131m"},"content":{"rendered":"<p>Siyah p\u0131rlanta detay ile zenginle\u015ftirilen bu halka k\u00fcpe, sade formuna g\u00fc\u00e7l\u00fc bir karakter kazand\u0131r\u0131r. \u0130nce halka yap\u0131s\u0131 hafif ve konforlu bir kullan\u0131m sunarken, ortadaki siyah p\u0131rlanta detay\u0131 tasar\u0131ma dikkat \u00e7ekici bir vurgu ekler. G\u00fcnl\u00fck kombinlerde rahatl\u0131kla kullan\u0131labilir, \u00f6zel anlarda ise stilinizi tamamlayan net bir par\u00e7a olur. Farkl\u0131 tak\u0131larla kolayca uyum sa\u011flayarak her stile adapte olur.<\/p>","protected":false},"excerpt":{"rendered":"<p>Siyah p\u0131rlanta detay ile zenginle\u015ftirilen bu halka k\u00fcpe, sade formuna g\u00fc\u00e7l\u00fc bir karakter kazand\u0131r\u0131r. \u0130nce halka yap\u0131s\u0131 hafif ve konforlu<\/p>","protected":false},"featured_media":39992,"comment_status":"open","ping_status":"closed","template":"","meta":[],"product_brand":[],"product_cat":[74],"product_tag":[1986,1712,1717,1573,1595,1791,399,1543,1960,1768,1769,395,1964,1961,1537,1788,1583,392,1965,1567,1985,1716,375,1596],"class_list":{"0":"post-39990","1":"product","2":"type-product","3":"status-publish","4":"has-post-thumbnail","6":"product_cat-kupe-modelleri","7":"product_tag-altin-pirlantali-kupe","8":"product_tag-black-diamond-earrings","9":"product_tag-black-stone-earrings","10":"product_tag-diamond-detail-earrings","11":"product_tag-elegant-earrings","12":"product_tag-everyday-earrings","13":"product_tag-gold-diamond-earrings","14":"product_tag-gunluk-kupe","15":"product_tag-hafif-kupe","16":"product_tag-halka-kupe","17":"product_tag-hoop-earrings","18":"product_tag-kadin-kupe","19":"product_tag-kombin-tamamlayici-kupe","20":"product_tag-lightweight-earrings","21":"product_tag-minimal-kupe","22":"product_tag-minimalist-earrings","23":"product_tag-modern-earrings","24":"product_tag-modern-kupe","25":"product_tag-outfit-earrings","26":"product_tag-pirlanta-detayli-kupe","27":"product_tag-siyah-pirlantali-kupe","28":"product_tag-siyah-tasli-kupe","29":"product_tag-sik-kupe","30":"product_tag-women-earrings","31":"pa_cinsiyet-kadin","33":"first","34":"instock","35":"shipping-taxable","36":"product-type-simple"},"_links":{"self":[{"href":"https:\/\/www.gasia.com.tr\/en\/wp-json\/wp\/v2\/product\/39990","targetHints":{"allow":["GET"]}}],"collection":[{"href":"https:\/\/www.gasia.com.tr\/en\/wp-json\/wp\/v2\/product"}],"about":[{"href":"https:\/\/www.gasia.com.tr\/en\/wp-json\/wp\/v2\/types\/product"}],"replies":[{"embeddable":true,"href":"https:\/\/www.gasia.com.tr\/en\/wp-json\/wp\/v2\/comments?post=39990"}],"version-history":[{"count":2,"href":"https:\/\/www.gasia.com.tr\/en\/wp-json\/wp\/v2\/product\/39990\/revisions"}],"predecessor-version":[{"id":39994,"href":"https:\/\/www.gasia.com.tr\/en\/wp-json\/wp\/v2\/product\/39990\/revisions\/39994"}],"wp:featuredmedia":[{"embeddable":true,"href":"https:\/\/www.gasia.com.tr\/en\/wp-json\/wp\/v2\/media\/39992"}],"wp:attachment":[{"href":"https:\/\/www.gasia.com.tr\/en\/wp-json\/wp\/v2\/media?parent=39990"}],"wp:term":[{"taxonomy":"product_brand","embeddable":true,"href":"https:\/\/www.gasia.com.tr\/en\/wp-json\/wp\/v2\/product_brand?post=39990"},{"taxonomy":"product_cat","embeddable":true,"href":"https:\/\/www.gasia.com.tr\/en\/wp-json\/wp\/v2\/product_cat?post=39990"},{"taxonomy":"product_tag","embeddable":true,"href":"https:\/\/www.gasia.com.tr\/en\/wp-json\/wp\/v2\/product_tag?post=39990"}],"curies":[{"name":"wp","href":"https:\/\/api.w.org\/{rel}","templated":true}]}}