{"id":39995,"date":"2026-02-02T01:00:00","date_gmt":"2026-02-01T22:00:00","guid":{"rendered":"https:\/\/www.gasia.com.tr\/?post_type=product&#038;p=39995"},"modified":"2026-03-30T17:57:30","modified_gmt":"2026-03-30T14:57:30","slug":"siyah-pirlantali-yildiz-detayli-halka-kupe-modern-ve-dikkat-cekici-tasarim","status":"publish","type":"product","link":"https:\/\/www.gasia.com.tr\/en\/collections\/siyah-pirlantali-yildiz-detayli-halka-kupe-modern-ve-dikkat-cekici-tasarim\/","title":{"rendered":"Siyah P\u0131rlantal\u0131 Y\u0131ld\u0131z Detayl\u0131 Halka K\u00fcpe \u2013 Modern ve Dikkat \u00c7ekici Tasar\u0131m"},"content":{"rendered":"<p>Y\u0131ld\u0131z form ve siyah p\u0131rlanta detay\u0131n birle\u015fimiyle tasarlanan bu halka k\u00fcpe, sade \u00e7izgisine g\u00fc\u00e7l\u00fc bir ifade kazand\u0131r\u0131r. \u0130nce halka yap\u0131s\u0131 hafif ve konforlu bir kullan\u0131m sunarken, ortadaki y\u0131ld\u0131z form \u00fczerindeki siyah p\u0131rlantalar tasar\u0131ma \u0131\u015f\u0131lt\u0131l\u0131 ve karakterli bir vurgu ekler. G\u00fcnl\u00fck kombinlerde \u00f6ne \u00e7\u0131kan bir par\u00e7a olarak kullan\u0131labilir, sade stilleri tamamlayan dikkat \u00e7ekici bir aksesuard\u0131r. Farkl\u0131 tak\u0131larla kolayca uyum sa\u011flar.<\/p>","protected":false},"excerpt":{"rendered":"<p>Y\u0131ld\u0131z form ve siyah p\u0131rlanta detay\u0131n birle\u015fimiyle tasarlanan bu halka k\u00fcpe, sade \u00e7izgisine g\u00fc\u00e7l\u00fc bir ifade kazand\u0131r\u0131r. \u0130nce halka yap\u0131s\u0131<\/p>","protected":false},"featured_media":39996,"comment_status":"open","ping_status":"closed","template":"","meta":[],"product_brand":[77],"product_cat":[74,208],"product_tag":[1519,1712,1990,1595,1791,1526,1543,1960,1768,1769,395,1964,1961,1537,1788,1583,392,1965,1989,1985,375,1988,1596,1987],"class_list":{"0":"post-39995","1":"product","2":"type-product","3":"status-publish","4":"has-post-thumbnail","6":"product_brand-gasia","7":"product_cat-kupe-modelleri","8":"product_cat-yildiz-mucevher-modelleri","9":"product_tag-altin-halka-kupe","10":"product_tag-black-diamond-earrings","11":"product_tag-diamond-star-earrings","12":"product_tag-elegant-earrings","13":"product_tag-everyday-earrings","14":"product_tag-gold-hoop-earrings","15":"product_tag-gunluk-kupe","16":"product_tag-hafif-kupe","17":"product_tag-halka-kupe","18":"product_tag-hoop-earrings","19":"product_tag-kadin-kupe","20":"product_tag-kombin-tamamlayici-kupe","21":"product_tag-lightweight-earrings","22":"product_tag-minimal-kupe","23":"product_tag-minimalist-earrings","24":"product_tag-modern-earrings","25":"product_tag-modern-kupe","26":"product_tag-outfit-earrings","27":"product_tag-pirlantali-yildiz-kupe","28":"product_tag-siyah-pirlantali-kupe","29":"product_tag-sik-kupe","30":"product_tag-star-earrings","31":"product_tag-women-earrings","32":"product_tag-yildiz-kupe","33":"pa_cinsiyet-kadin","35":"first","36":"instock","37":"shipping-taxable","38":"product-type-simple"},"_links":{"self":[{"href":"https:\/\/www.gasia.com.tr\/en\/wp-json\/wp\/v2\/product\/39995","targetHints":{"allow":["GET"]}}],"collection":[{"href":"https:\/\/www.gasia.com.tr\/en\/wp-json\/wp\/v2\/product"}],"about":[{"href":"https:\/\/www.gasia.com.tr\/en\/wp-json\/wp\/v2\/types\/product"}],"replies":[{"embeddable":true,"href":"https:\/\/www.gasia.com.tr\/en\/wp-json\/wp\/v2\/comments?post=39995"}],"version-history":[{"count":2,"href":"https:\/\/www.gasia.com.tr\/en\/wp-json\/wp\/v2\/product\/39995\/revisions"}],"predecessor-version":[{"id":39998,"href":"https:\/\/www.gasia.com.tr\/en\/wp-json\/wp\/v2\/product\/39995\/revisions\/39998"}],"wp:featuredmedia":[{"embeddable":true,"href":"https:\/\/www.gasia.com.tr\/en\/wp-json\/wp\/v2\/media\/39996"}],"wp:attachment":[{"href":"https:\/\/www.gasia.com.tr\/en\/wp-json\/wp\/v2\/media?parent=39995"}],"wp:term":[{"taxonomy":"product_brand","embeddable":true,"href":"https:\/\/www.gasia.com.tr\/en\/wp-json\/wp\/v2\/product_brand?post=39995"},{"taxonomy":"product_cat","embeddable":true,"href":"https:\/\/www.gasia.com.tr\/en\/wp-json\/wp\/v2\/product_cat?post=39995"},{"taxonomy":"product_tag","embeddable":true,"href":"https:\/\/www.gasia.com.tr\/en\/wp-json\/wp\/v2\/product_tag?post=39995"}],"curies":[{"name":"wp","href":"https:\/\/api.w.org\/{rel}","templated":true}]}}