{"id":39999,"date":"2026-01-31T00:00:00","date_gmt":"2026-01-30T21:00:00","guid":{"rendered":"https:\/\/www.gasia.com.tr\/?post_type=product&#038;p=39999"},"modified":"2026-03-21T19:46:01","modified_gmt":"2026-03-21T16:46:01","slug":"turkuaz-tasli-kartal-figurlu-kolye-dikkat-cekici-ve-ozgun-tasarim","status":"publish","type":"product","link":"https:\/\/www.gasia.com.tr\/en\/collections\/turkuaz-tasli-kartal-figurlu-kolye-dikkat-cekici-ve-ozgun-tasarim\/","title":{"rendered":"Turkuaz Ta\u015fl\u0131 Kartal Fig\u00fcrl\u00fc Kolye \u2013 Dikkat \u00c7ekici ve \u00d6zg\u00fcn Tasar\u0131m"},"content":{"rendered":"<p>Kartal fig\u00fcr\u00fc ve turkuaz ta\u015f detay\u0131yla tasarlanan bu kolye, g\u00fc\u00e7l\u00fc ve \u00f6zg\u00fcn bir stil sunar. A\u00e7\u0131lm\u0131\u015f kanat formu hareketli bir g\u00f6r\u00fcn\u00fcm olu\u015ftururken, merkezde yer alan turkuaz ta\u015f tasar\u0131ma renk ve vurgu katar. Y\u00fczeydeki ta\u015f detaylar kolyeye \u0131\u015f\u0131lt\u0131 eklerken, karakterli yap\u0131s\u0131yla sade kombinleri \u00f6ne \u00e7\u0131kar\u0131r. G\u00fcnl\u00fck kullan\u0131mda farkl\u0131 bir stil yaratmak isteyenler i\u00e7in ideal bir par\u00e7ad\u0131r.<\/p>","protected":false},"excerpt":{"rendered":"<p>Kartal fig\u00fcr\u00fc ve turkuaz ta\u015f detay\u0131yla tasarlanan bu kolye, g\u00fc\u00e7l\u00fc ve \u00f6zg\u00fcn bir stil sunar. A\u00e7\u0131lm\u0131\u015f kanat formu hareketli bir<\/p>","protected":false},"featured_media":40001,"comment_status":"open","ping_status":"closed","template":"","meta":[],"product_brand":[],"product_cat":[75],"product_tag":[1997,752,1994,1487,1998,1996,1991,1995,480,473,1484,277,1993,324,489,1992,329,1339,1349,1632],"class_list":{"0":"post-39999","1":"product","2":"type-product","3":"status-publish","4":"has-post-thumbnail","6":"product_cat-kolye","7":"product_tag-alternatif-taki","8":"product_tag-animal-necklace","9":"product_tag-dikkat-cekici-kolye","10":"product_tag-eagle-necklace","11":"product_tag-edgy-jewelry","12":"product_tag-everyday-necklace","13":"product_tag-figurlu-kolye","14":"product_tag-gunluk-kolye","15":"product_tag-hayvan-figurlu-kolye","16":"product_tag-kadin-kolye","17":"product_tag-kartal-kolye","18":"product_tag-modern-kolye","19":"product_tag-modern-necklace","20":"product_tag-pendant-necklace","21":"product_tag-statement-necklace","22":"product_tag-stone-necklace","23":"product_tag-tasli-kolye","24":"product_tag-turkuaz-tasli-kolye","25":"product_tag-turquoise-stone-necklace","26":"product_tag-women-necklace","27":"pa_cinsiyet-kadin","29":"first","30":"instock","31":"shipping-taxable","32":"product-type-simple"},"_links":{"self":[{"href":"https:\/\/www.gasia.com.tr\/en\/wp-json\/wp\/v2\/product\/39999","targetHints":{"allow":["GET"]}}],"collection":[{"href":"https:\/\/www.gasia.com.tr\/en\/wp-json\/wp\/v2\/product"}],"about":[{"href":"https:\/\/www.gasia.com.tr\/en\/wp-json\/wp\/v2\/types\/product"}],"replies":[{"embeddable":true,"href":"https:\/\/www.gasia.com.tr\/en\/wp-json\/wp\/v2\/comments?post=39999"}],"version-history":[{"count":2,"href":"https:\/\/www.gasia.com.tr\/en\/wp-json\/wp\/v2\/product\/39999\/revisions"}],"predecessor-version":[{"id":40003,"href":"https:\/\/www.gasia.com.tr\/en\/wp-json\/wp\/v2\/product\/39999\/revisions\/40003"}],"wp:featuredmedia":[{"embeddable":true,"href":"https:\/\/www.gasia.com.tr\/en\/wp-json\/wp\/v2\/media\/40001"}],"wp:attachment":[{"href":"https:\/\/www.gasia.com.tr\/en\/wp-json\/wp\/v2\/media?parent=39999"}],"wp:term":[{"taxonomy":"product_brand","embeddable":true,"href":"https:\/\/www.gasia.com.tr\/en\/wp-json\/wp\/v2\/product_brand?post=39999"},{"taxonomy":"product_cat","embeddable":true,"href":"https:\/\/www.gasia.com.tr\/en\/wp-json\/wp\/v2\/product_cat?post=39999"},{"taxonomy":"product_tag","embeddable":true,"href":"https:\/\/www.gasia.com.tr\/en\/wp-json\/wp\/v2\/product_tag?post=39999"}],"curies":[{"name":"wp","href":"https:\/\/api.w.org\/{rel}","templated":true}]}}