{"id":40004,"date":"2025-10-09T00:00:00","date_gmt":"2025-10-08T21:00:00","guid":{"rendered":"https:\/\/www.gasia.com.tr\/?post_type=product&#038;p=40004"},"modified":"2026-03-30T16:54:58","modified_gmt":"2026-03-30T13:54:58","slug":"pirlanta-detayli-okside-gumus-kartal-kupe-guclu-ve-karakterli-tasarim","status":"publish","type":"product","link":"https:\/\/www.gasia.com.tr\/en\/collections\/pirlanta-detayli-okside-gumus-kartal-kupe-guclu-ve-karakterli-tasarim\/","title":{"rendered":"P\u0131rlanta Detayl\u0131 Okside G\u00fcm\u00fc\u015f Kartal K\u00fcpe \u2013 G\u00fc\u00e7l\u00fc ve Karakterli Tasar\u0131m"},"content":{"rendered":"<p>Okside g\u00fcm\u00fc\u015f y\u00fczey ve p\u0131rlanta detaylar\u0131n birle\u015fimiyle tasarlanan bu kartal fig\u00fcrl\u00fc k\u00fcpe, g\u00fc\u00e7l\u00fc ve dikkat \u00e7ekici bir stil sunar. A\u00e7\u0131lm\u0131\u015f kanat formu dinamik bir g\u00f6r\u00fcn\u00fcm kazand\u0131r\u0131rken, \u00fczerindeki p\u0131rlanta ta\u015flar tasar\u0131ma \u0131\u015f\u0131lt\u0131l\u0131 bir dokunu\u015f ekler. Koyu tonlu okside y\u00fczey ile ta\u015flar\u0131n kontrast\u0131 belirgin bir etki yarat\u0131r. G\u00fcnl\u00fck kullan\u0131mda farkl\u0131 ve karakterli bir stil arayanlar i\u00e7in \u00f6ne \u00e7\u0131kan bir par\u00e7ad\u0131r.<\/p>","protected":false},"excerpt":{"rendered":"<p>Okside g\u00fcm\u00fc\u015f y\u00fczey ve p\u0131rlanta detaylar\u0131n birle\u015fimiyle tasarlanan bu kartal fig\u00fcrl\u00fc k\u00fcpe, g\u00fc\u00e7l\u00fc ve dikkat \u00e7ekici bir stil sunar. A\u00e7\u0131lm\u0131\u015f<\/p>","protected":false},"featured_media":40005,"comment_status":"open","ping_status":"closed","template":"","meta":[],"product_brand":[77],"product_cat":[74],"product_tag":[1997,2003,2004,1715,2005,2002,1998,1791,913,1543,914,395,2001,1583,392,1999,398,2000,403,1957,813,1596],"class_list":{"0":"post-40004","1":"product","2":"type-product","3":"status-publish","4":"has-post-thumbnail","6":"product_brand-gasia","7":"product_cat-kupe-modelleri","8":"product_tag-alternatif-taki","9":"product_tag-animal-earrings","10":"product_tag-animal-figure-earrings","11":"product_tag-diamond-earrings","12":"product_tag-dikkat-cekici-kupe","13":"product_tag-eagle-earrings","14":"product_tag-edgy-jewelry","15":"product_tag-everyday-earrings","16":"product_tag-figurlu-kupe","17":"product_tag-gunluk-kupe","18":"product_tag-hayvan-figurlu-kupe","19":"product_tag-kadin-kupe","20":"product_tag-kartal-kupe","21":"product_tag-modern-earrings","22":"product_tag-modern-kupe","23":"product_tag-oksitli-gumus-kupe","24":"product_tag-oxidized-silver-earrings","25":"product_tag-pirlantali-kupe","26":"product_tag-statement-earrings","27":"product_tag-stone-earrings","28":"product_tag-tasli-kupe","29":"product_tag-women-earrings","30":"pa_cinsiyet-kadin","32":"first","33":"instock","34":"shipping-taxable","35":"product-type-simple"},"_links":{"self":[{"href":"https:\/\/www.gasia.com.tr\/en\/wp-json\/wp\/v2\/product\/40004","targetHints":{"allow":["GET"]}}],"collection":[{"href":"https:\/\/www.gasia.com.tr\/en\/wp-json\/wp\/v2\/product"}],"about":[{"href":"https:\/\/www.gasia.com.tr\/en\/wp-json\/wp\/v2\/types\/product"}],"replies":[{"embeddable":true,"href":"https:\/\/www.gasia.com.tr\/en\/wp-json\/wp\/v2\/comments?post=40004"}],"version-history":[{"count":1,"href":"https:\/\/www.gasia.com.tr\/en\/wp-json\/wp\/v2\/product\/40004\/revisions"}],"predecessor-version":[{"id":40007,"href":"https:\/\/www.gasia.com.tr\/en\/wp-json\/wp\/v2\/product\/40004\/revisions\/40007"}],"wp:featuredmedia":[{"embeddable":true,"href":"https:\/\/www.gasia.com.tr\/en\/wp-json\/wp\/v2\/media\/40005"}],"wp:attachment":[{"href":"https:\/\/www.gasia.com.tr\/en\/wp-json\/wp\/v2\/media?parent=40004"}],"wp:term":[{"taxonomy":"product_brand","embeddable":true,"href":"https:\/\/www.gasia.com.tr\/en\/wp-json\/wp\/v2\/product_brand?post=40004"},{"taxonomy":"product_cat","embeddable":true,"href":"https:\/\/www.gasia.com.tr\/en\/wp-json\/wp\/v2\/product_cat?post=40004"},{"taxonomy":"product_tag","embeddable":true,"href":"https:\/\/www.gasia.com.tr\/en\/wp-json\/wp\/v2\/product_tag?post=40004"}],"curies":[{"name":"wp","href":"https:\/\/api.w.org\/{rel}","templated":true}]}}