{"id":40011,"date":"2026-02-05T00:00:00","date_gmt":"2026-02-04T21:00:00","guid":{"rendered":"https:\/\/www.gasia.com.tr\/?post_type=product&#038;p=40011"},"modified":"2026-04-13T16:28:55","modified_gmt":"2026-04-13T13:28:55","slug":"turkuaz-tasli-pirlanta-detayli-beyaz-altin-kupe","status":"publish","type":"product","link":"https:\/\/www.gasia.com.tr\/en\/collections\/turkuaz-tasli-pirlanta-detayli-beyaz-altin-kupe\/","title":{"rendered":"Turkuaz Ta\u015fl\u0131 P\u0131rlanta Detayl\u0131 Beyaz Alt\u0131n K\u00fcpe"},"content":{"rendered":"<p>Turkuaz ta\u015f ve p\u0131rlanta detaylar\u0131n birle\u015fimiyle tasarlanan bu k\u00fcpe, sade ama g\u00fc\u00e7l\u00fc bir g\u00f6r\u00fcn\u00fcm sunar. Yuvarlak formdaki turkuaz ta\u015f merkeze odaklan\u0131rken, etraf\u0131n\u0131 saran p\u0131rlantalar \u0131\u015f\u0131lt\u0131l\u0131 bir \u00e7er\u00e7eve olu\u015fturur. Beyaz alt\u0131n zemin ta\u015flar\u0131n rengini \u00f6ne \u00e7\u0131kararak dengeli bir etki sa\u011flar. G\u00fcnl\u00fck kullan\u0131mda \u015f\u0131k bir tamamlay\u0131c\u0131 olarak tercih edilebilir, \u00f6zel anlarda ise dikkat \u00e7eken bir par\u00e7a olarak \u00f6ne \u00e7\u0131kar.<\/p>","protected":false},"excerpt":{"rendered":"<ul>\n<li>18 Ayar Alt\u0131n<\/li>\n<li>0,35 ct P\u0131rlanta<\/li>\n<li>5,26 ct Turkuaz<\/li>\n<\/ul>","protected":false},"featured_media":40071,"comment_status":"open","ping_status":"closed","template":"","meta":[],"product_brand":[],"product_cat":[74],"product_tag":[2006,1722,1715,1595,1791,1543,1960,395,1721,1961,1583,392,2000,2010,375,1957,813,842,855,847,2008,2007,1596,2009],"class_list":{"0":"post-40011","1":"product","2":"type-product","3":"status-publish","4":"has-post-thumbnail","6":"product_cat-kupe-modelleri","7":"product_tag-beyaz-altin-kupe","8":"product_tag-classic-earrings","9":"product_tag-diamond-earrings","10":"product_tag-elegant-earrings","11":"product_tag-everyday-earrings","12":"product_tag-gunluk-kupe","13":"product_tag-hafif-kupe","14":"product_tag-kadin-kupe","15":"product_tag-klasik-kupe","16":"product_tag-lightweight-earrings","17":"product_tag-modern-earrings","18":"product_tag-modern-kupe","19":"product_tag-pirlantali-kupe","20":"product_tag-round-earrings","21":"product_tag-sik-kupe","22":"product_tag-stone-earrings","23":"product_tag-tasli-kupe","24":"product_tag-turkuaz-kupe","25":"product_tag-turkuaz-tasli-kupe","26":"product_tag-turquoise-earrings","27":"product_tag-turquoise-stone-earrings","28":"product_tag-white-gold-earrings","29":"product_tag-women-earrings","30":"product_tag-yuvarlak-kupe","31":"pa_cinsiyet-kadin","33":"first","34":"instock","35":"shipping-taxable","36":"purchasable","37":"product-type-simple"},"_links":{"self":[{"href":"https:\/\/www.gasia.com.tr\/en\/wp-json\/wp\/v2\/product\/40011","targetHints":{"allow":["GET"]}}],"collection":[{"href":"https:\/\/www.gasia.com.tr\/en\/wp-json\/wp\/v2\/product"}],"about":[{"href":"https:\/\/www.gasia.com.tr\/en\/wp-json\/wp\/v2\/types\/product"}],"replies":[{"embeddable":true,"href":"https:\/\/www.gasia.com.tr\/en\/wp-json\/wp\/v2\/comments?post=40011"}],"version-history":[{"count":3,"href":"https:\/\/www.gasia.com.tr\/en\/wp-json\/wp\/v2\/product\/40011\/revisions"}],"predecessor-version":[{"id":42043,"href":"https:\/\/www.gasia.com.tr\/en\/wp-json\/wp\/v2\/product\/40011\/revisions\/42043"}],"wp:featuredmedia":[{"embeddable":true,"href":"https:\/\/www.gasia.com.tr\/en\/wp-json\/wp\/v2\/media\/40071"}],"wp:attachment":[{"href":"https:\/\/www.gasia.com.tr\/en\/wp-json\/wp\/v2\/media?parent=40011"}],"wp:term":[{"taxonomy":"product_brand","embeddable":true,"href":"https:\/\/www.gasia.com.tr\/en\/wp-json\/wp\/v2\/product_brand?post=40011"},{"taxonomy":"product_cat","embeddable":true,"href":"https:\/\/www.gasia.com.tr\/en\/wp-json\/wp\/v2\/product_cat?post=40011"},{"taxonomy":"product_tag","embeddable":true,"href":"https:\/\/www.gasia.com.tr\/en\/wp-json\/wp\/v2\/product_tag?post=40011"}],"curies":[{"name":"wp","href":"https:\/\/api.w.org\/{rel}","templated":true}]}}