{"id":40022,"date":"2026-02-01T00:00:00","date_gmt":"2026-01-31T21:00:00","guid":{"rendered":"https:\/\/www.gasia.com.tr\/?post_type=product&#038;p=40022"},"modified":"2026-03-30T14:57:37","modified_gmt":"2026-03-30T11:57:37","slug":"turkuaz-mine-ve-pirlanta-detayli-halka-kupe","status":"publish","type":"product","link":"https:\/\/www.gasia.com.tr\/en\/collections\/turkuaz-mine-ve-pirlanta-detayli-halka-kupe\/","title":{"rendered":"Turkuaz Mine ve P\u0131rlanta Detayl\u0131 Halka K\u00fcpe"},"content":{"rendered":"<p>Turkuaz mine y\u00fczey ve p\u0131rlanta detaylar\u0131n birle\u015fimiyle tasarlanan bu halka k\u00fcpe, canl\u0131 ve dengeli bir g\u00f6r\u00fcn\u00fcm sunar. Kavisli formdaki mine y\u00fczey kula\u011f\u0131 zarif \u015fekilde sararken, \u00fcst k\u0131sm\u0131ndaki p\u0131rlanta ta\u015flar tasar\u0131ma \u0131\u015f\u0131lt\u0131l\u0131 bir vurgu ekler. G\u00fcnl\u00fck kombinlerde renk katmak i\u00e7in ideal bir par\u00e7a olup, sade stilleri \u00f6ne \u00e7\u0131kar\u0131r. Hafif yap\u0131s\u0131 sayesinde g\u00fcn boyu konfor sa\u011flar ve farkl\u0131 tarzlarla kolayca uyum sa\u011flar.<\/p>","protected":false},"excerpt":{"rendered":"<p>Turkuaz mine y\u00fczey ve p\u0131rlanta detaylar\u0131n birle\u015fimiyle tasarlanan bu halka k\u00fcpe, canl\u0131 ve dengeli bir g\u00f6r\u00fcn\u00fcm sunar. Kavisli formdaki mine<\/p>","protected":false},"featured_media":40023,"comment_status":"open","ping_status":"closed","template":"","meta":[],"product_brand":[77],"product_cat":[74],"product_tag":[1959,1715,1595,1956,1791,1543,1960,1768,1769,395,1964,1961,1955,1583,392,1965,2000,1958,375,1957,813,1970,1971,1596],"class_list":{"0":"post-40022","1":"product","2":"type-product","3":"status-publish","4":"has-post-thumbnail","6":"product_brand-gasia","7":"product_cat-kupe-modelleri","8":"product_tag-colorful-earrings","9":"product_tag-diamond-earrings","10":"product_tag-elegant-earrings","11":"product_tag-enamel-hoop-earrings","12":"product_tag-everyday-earrings","13":"product_tag-gunluk-kupe","14":"product_tag-hafif-kupe","15":"product_tag-halka-kupe","16":"product_tag-hoop-earrings","17":"product_tag-kadin-kupe","18":"product_tag-kombin-tamamlayici-kupe","19":"product_tag-lightweight-earrings","20":"product_tag-mine-halka-kupe","21":"product_tag-modern-earrings","22":"product_tag-modern-kupe","23":"product_tag-outfit-earrings","24":"product_tag-pirlantali-kupe","25":"product_tag-renkli-kupe","26":"product_tag-sik-kupe","27":"product_tag-stone-earrings","28":"product_tag-tasli-kupe","29":"product_tag-turkuaz-mine-kupe","30":"product_tag-turquoise-enamel-earrings","31":"product_tag-women-earrings","32":"pa_cinsiyet-kadin","34":"first","35":"instock","36":"shipping-taxable","37":"product-type-simple"},"_links":{"self":[{"href":"https:\/\/www.gasia.com.tr\/en\/wp-json\/wp\/v2\/product\/40022","targetHints":{"allow":["GET"]}}],"collection":[{"href":"https:\/\/www.gasia.com.tr\/en\/wp-json\/wp\/v2\/product"}],"about":[{"href":"https:\/\/www.gasia.com.tr\/en\/wp-json\/wp\/v2\/types\/product"}],"replies":[{"embeddable":true,"href":"https:\/\/www.gasia.com.tr\/en\/wp-json\/wp\/v2\/comments?post=40022"}],"version-history":[{"count":2,"href":"https:\/\/www.gasia.com.tr\/en\/wp-json\/wp\/v2\/product\/40022\/revisions"}],"predecessor-version":[{"id":40025,"href":"https:\/\/www.gasia.com.tr\/en\/wp-json\/wp\/v2\/product\/40022\/revisions\/40025"}],"wp:featuredmedia":[{"embeddable":true,"href":"https:\/\/www.gasia.com.tr\/en\/wp-json\/wp\/v2\/media\/40023"}],"wp:attachment":[{"href":"https:\/\/www.gasia.com.tr\/en\/wp-json\/wp\/v2\/media?parent=40022"}],"wp:term":[{"taxonomy":"product_brand","embeddable":true,"href":"https:\/\/www.gasia.com.tr\/en\/wp-json\/wp\/v2\/product_brand?post=40022"},{"taxonomy":"product_cat","embeddable":true,"href":"https:\/\/www.gasia.com.tr\/en\/wp-json\/wp\/v2\/product_cat?post=40022"},{"taxonomy":"product_tag","embeddable":true,"href":"https:\/\/www.gasia.com.tr\/en\/wp-json\/wp\/v2\/product_tag?post=40022"}],"curies":[{"name":"wp","href":"https:\/\/api.w.org\/{rel}","templated":true}]}}