{"id":40030,"date":"2026-02-01T00:00:00","date_gmt":"2026-01-31T21:00:00","guid":{"rendered":"https:\/\/www.gasia.com.tr\/?post_type=product&#038;p=40030"},"modified":"2026-03-30T14:57:36","modified_gmt":"2026-03-30T11:57:36","slug":"turuncu-mine-ve-baget-pirlanta-detayli-halka-kupe","status":"publish","type":"product","link":"https:\/\/www.gasia.com.tr\/en\/collections\/turuncu-mine-ve-baget-pirlanta-detayli-halka-kupe\/","title":{"rendered":"Turuncu Mine ve Baget P\u0131rlanta Detayl\u0131 Halka K\u00fcpe"},"content":{"rendered":"<p>Turuncu mine y\u00fczey ve baget kesim p\u0131rlanta detaylar\u0131n birle\u015fimiyle tasarlanan bu halka k\u00fcpe, enerjik ve dikkat \u00e7ekici bir g\u00f6r\u00fcn\u00fcm sunar. Kavisli mine formu kula\u011f\u0131 zarif \u015fekilde sararken, \u00fcst k\u0131sm\u0131ndaki baget ta\u015f ve \u00e7evresindeki p\u0131rlanta dizilimi g\u00fc\u00e7l\u00fc bir \u0131\u015f\u0131lt\u0131 olu\u015fturur. G\u00fcnl\u00fck kombinlere renk katmak i\u00e7in ideal bir par\u00e7a olup, sade stilleri \u00f6ne \u00e7\u0131kar\u0131r. Hafif yap\u0131s\u0131 sayesinde konforlu kullan\u0131m sa\u011flar ve farkl\u0131 tarzlarla kolayca uyum yakalar.<\/p>","protected":false},"excerpt":{"rendered":"<p>Turuncu mine y\u00fczey ve baget kesim p\u0131rlanta detaylar\u0131n birle\u015fimiyle tasarlanan bu halka k\u00fcpe, enerjik ve dikkat \u00e7ekici bir g\u00f6r\u00fcn\u00fcm sunar.<\/p>","protected":false},"featured_media":40031,"comment_status":"open","ping_status":"closed","template":"","meta":[],"product_brand":[],"product_cat":[74],"product_tag":[2013,2014,1959,1573,1595,1956,1791,1543,1768,1769,395,1964,1955,1583,392,1952,1965,1567,1958,375,1957,813,1951,1596],"class_list":{"0":"post-40030","1":"product","2":"type-product","3":"status-publish","4":"has-post-thumbnail","6":"product_cat-kupe-modelleri","7":"product_tag-baget-pirlantali-kupe","8":"product_tag-baguette-diamond-earrings","9":"product_tag-colorful-earrings","10":"product_tag-diamond-detail-earrings","11":"product_tag-elegant-earrings","12":"product_tag-enamel-hoop-earrings","13":"product_tag-everyday-earrings","14":"product_tag-gunluk-kupe","15":"product_tag-halka-kupe","16":"product_tag-hoop-earrings","17":"product_tag-kadin-kupe","18":"product_tag-kombin-tamamlayici-kupe","19":"product_tag-mine-halka-kupe","20":"product_tag-modern-earrings","21":"product_tag-modern-kupe","22":"product_tag-orange-enamel-earrings","23":"product_tag-outfit-earrings","24":"product_tag-pirlanta-detayli-kupe","25":"product_tag-renkli-kupe","26":"product_tag-sik-kupe","27":"product_tag-stone-earrings","28":"product_tag-tasli-kupe","29":"product_tag-turuncu-mine-kupe","30":"product_tag-women-earrings","31":"pa_cinsiyet-kadin","33":"first","34":"instock","35":"shipping-taxable","36":"product-type-simple"},"_links":{"self":[{"href":"https:\/\/www.gasia.com.tr\/en\/wp-json\/wp\/v2\/product\/40030","targetHints":{"allow":["GET"]}}],"collection":[{"href":"https:\/\/www.gasia.com.tr\/en\/wp-json\/wp\/v2\/product"}],"about":[{"href":"https:\/\/www.gasia.com.tr\/en\/wp-json\/wp\/v2\/types\/product"}],"replies":[{"embeddable":true,"href":"https:\/\/www.gasia.com.tr\/en\/wp-json\/wp\/v2\/comments?post=40030"}],"version-history":[{"count":1,"href":"https:\/\/www.gasia.com.tr\/en\/wp-json\/wp\/v2\/product\/40030\/revisions"}],"predecessor-version":[{"id":40032,"href":"https:\/\/www.gasia.com.tr\/en\/wp-json\/wp\/v2\/product\/40030\/revisions\/40032"}],"wp:featuredmedia":[{"embeddable":true,"href":"https:\/\/www.gasia.com.tr\/en\/wp-json\/wp\/v2\/media\/40031"}],"wp:attachment":[{"href":"https:\/\/www.gasia.com.tr\/en\/wp-json\/wp\/v2\/media?parent=40030"}],"wp:term":[{"taxonomy":"product_brand","embeddable":true,"href":"https:\/\/www.gasia.com.tr\/en\/wp-json\/wp\/v2\/product_brand?post=40030"},{"taxonomy":"product_cat","embeddable":true,"href":"https:\/\/www.gasia.com.tr\/en\/wp-json\/wp\/v2\/product_cat?post=40030"},{"taxonomy":"product_tag","embeddable":true,"href":"https:\/\/www.gasia.com.tr\/en\/wp-json\/wp\/v2\/product_tag?post=40030"}],"curies":[{"name":"wp","href":"https:\/\/api.w.org\/{rel}","templated":true}]}}