{"id":40034,"date":"2026-02-01T00:00:00","date_gmt":"2026-01-31T21:00:00","guid":{"rendered":"https:\/\/www.gasia.com.tr\/?post_type=product&#038;p=40034"},"modified":"2026-03-30T14:57:36","modified_gmt":"2026-03-30T11:57:36","slug":"turuncu-mine-ve-baget-pirlanta-damla-form-kupe","status":"publish","type":"product","link":"https:\/\/www.gasia.com.tr\/en\/collections\/turuncu-mine-ve-baget-pirlanta-damla-form-kupe\/","title":{"rendered":"Turuncu Mine ve Baget P\u0131rlanta Damla Form K\u00fcpe"},"content":{"rendered":"<p>Turuncu mine y\u00fczey ve baget kesim p\u0131rlanta detaylar\u0131n birle\u015fimiyle tasarlanan bu k\u00fcpe, enerjik ve dikkat \u00e7ekici bir g\u00f6r\u00fcn\u00fcm sunar. Damla formdaki \u00fcst tasar\u0131m, ortadaki baget ta\u015f ve \u00e7evresindeki p\u0131rlanta dizilimiyle g\u00fc\u00e7l\u00fc bir \u0131\u015f\u0131lt\u0131 olu\u015fturur. Kavisli mine formu kula\u011f\u0131 zarif \u015fekilde sararken, canl\u0131 rengi kombinlere hareket katar. G\u00fcnl\u00fck kullan\u0131mda \u00f6ne \u00e7\u0131kan bir par\u00e7a olup, sade stilleri tamamlayan \u015f\u0131k bir se\u00e7enektir.<\/p>","protected":false},"excerpt":{"rendered":"<p>Turuncu mine y\u00fczey ve baget kesim p\u0131rlanta detaylar\u0131n birle\u015fimiyle tasarlanan bu k\u00fcpe, enerjik ve dikkat \u00e7ekici bir g\u00f6r\u00fcn\u00fcm sunar. Damla<\/p>","protected":false},"featured_media":40035,"comment_status":"open","ping_status":"closed","template":"","meta":[],"product_brand":[77],"product_cat":[74],"product_tag":[2013,2014,1959,2015,1573,1595,1963,1791,1543,395,1964,1962,1583,392,1952,1965,1567,1958,375,1957,813,1979,1951,1596],"class_list":{"0":"post-40034","1":"product","2":"type-product","3":"status-publish","4":"has-post-thumbnail","6":"product_brand-gasia","7":"product_cat-kupe-modelleri","8":"product_tag-baget-pirlantali-kupe","9":"product_tag-baguette-diamond-earrings","10":"product_tag-colorful-earrings","11":"product_tag-damla-form-kupe","12":"product_tag-diamond-detail-earrings","13":"product_tag-elegant-earrings","14":"product_tag-enamel-detail-earrings","15":"product_tag-everyday-earrings","16":"product_tag-gunluk-kupe","17":"product_tag-kadin-kupe","18":"product_tag-kombin-tamamlayici-kupe","19":"product_tag-mine-detayli-kupe","20":"product_tag-modern-earrings","21":"product_tag-modern-kupe","22":"product_tag-orange-enamel-earrings","23":"product_tag-outfit-earrings","24":"product_tag-pirlanta-detayli-kupe","25":"product_tag-renkli-kupe","26":"product_tag-sik-kupe","27":"product_tag-stone-earrings","28":"product_tag-tasli-kupe","29":"product_tag-teardrop-earrings","30":"product_tag-turuncu-mine-kupe","31":"product_tag-women-earrings","32":"pa_cinsiyet-kadin","34":"first","35":"instock","36":"shipping-taxable","37":"product-type-simple"},"_links":{"self":[{"href":"https:\/\/www.gasia.com.tr\/en\/wp-json\/wp\/v2\/product\/40034","targetHints":{"allow":["GET"]}}],"collection":[{"href":"https:\/\/www.gasia.com.tr\/en\/wp-json\/wp\/v2\/product"}],"about":[{"href":"https:\/\/www.gasia.com.tr\/en\/wp-json\/wp\/v2\/types\/product"}],"replies":[{"embeddable":true,"href":"https:\/\/www.gasia.com.tr\/en\/wp-json\/wp\/v2\/comments?post=40034"}],"version-history":[{"count":1,"href":"https:\/\/www.gasia.com.tr\/en\/wp-json\/wp\/v2\/product\/40034\/revisions"}],"predecessor-version":[{"id":40036,"href":"https:\/\/www.gasia.com.tr\/en\/wp-json\/wp\/v2\/product\/40034\/revisions\/40036"}],"wp:featuredmedia":[{"embeddable":true,"href":"https:\/\/www.gasia.com.tr\/en\/wp-json\/wp\/v2\/media\/40035"}],"wp:attachment":[{"href":"https:\/\/www.gasia.com.tr\/en\/wp-json\/wp\/v2\/media?parent=40034"}],"wp:term":[{"taxonomy":"product_brand","embeddable":true,"href":"https:\/\/www.gasia.com.tr\/en\/wp-json\/wp\/v2\/product_brand?post=40034"},{"taxonomy":"product_cat","embeddable":true,"href":"https:\/\/www.gasia.com.tr\/en\/wp-json\/wp\/v2\/product_cat?post=40034"},{"taxonomy":"product_tag","embeddable":true,"href":"https:\/\/www.gasia.com.tr\/en\/wp-json\/wp\/v2\/product_tag?post=40034"}],"curies":[{"name":"wp","href":"https:\/\/api.w.org\/{rel}","templated":true}]}}