{"id":40047,"date":"2025-10-09T00:00:00","date_gmt":"2025-10-08T21:00:00","guid":{"rendered":"https:\/\/www.gasia.com.tr\/?post_type=product&#038;p=40047"},"modified":"2026-03-30T13:47:18","modified_gmt":"2026-03-30T10:47:18","slug":"orumcek-figurlu-pirlanta-detayli-tek-kupe-ve-inci-sallanti","status":"publish","type":"product","link":"https:\/\/www.gasia.com.tr\/en\/collections\/orumcek-figurlu-pirlanta-detayli-tek-kupe-ve-inci-sallanti\/","title":{"rendered":"\u00d6r\u00fcmcek Fig\u00fcrl\u00fc P\u0131rlanta Detayl\u0131 Tek K\u00fcpe ve \u0130nci Sallant\u0131"},"content":{"rendered":"<p>\u00d6r\u00fcmcek fig\u00fcr\u00fc, p\u0131rlanta detaylar ve inci sallant\u0131n\u0131n birle\u015fimiyle tasarlanan bu tek k\u00fcpe, dikkat \u00e7ekici ve \u00f6zg\u00fcn bir stil sunar. Zincir ucundaki inci hareketli bir g\u00f6r\u00fcn\u00fcm kazand\u0131r\u0131rken, fig\u00fcr \u00fczerindeki ta\u015flar \u0131\u015f\u0131\u011f\u0131 zarif \u015fekilde yans\u0131t\u0131r. Halka formuyla kula\u011fa kolayca uyum sa\u011flar ve modern kombinlere karakter katar. Tekli kullan\u0131m i\u00e7in tasarlanm\u0131\u015f bu par\u00e7a, stilinde farkl\u0131l\u0131k arayanlar i\u00e7in g\u00fc\u00e7l\u00fc bir tamamlay\u0131c\u0131d\u0131r.<\/p>","protected":false},"excerpt":{"rendered":"<p>\u00d6r\u00fcmcek fig\u00fcr\u00fc, p\u0131rlanta detaylar ve inci sallant\u0131n\u0131n birle\u015fimiyle tasarlanan bu tek k\u00fcpe, dikkat \u00e7ekici ve \u00f6zg\u00fcn bir stil sunar. Zincir<\/p>","protected":false},"featured_media":40080,"comment_status":"open","ping_status":"closed","template":"","meta":[],"product_brand":[77],"product_cat":[74],"product_tag":[2025,1573,2026,913,2021,395,1583,392,2019,2022,1567,1747,2020,2023,1746,2027,1596,2024],"class_list":{"0":"post-40047","1":"product","2":"type-product","3":"status-publish","4":"has-post-thumbnail","6":"product_brand-gasia","7":"product_cat-kupe-modelleri","8":"product_tag-chain-earring","9":"product_tag-diamond-detail-earrings","10":"product_tag-farkli-kupe","11":"product_tag-figurlu-kupe","12":"product_tag-inci-sallantili-kupe","13":"product_tag-kadin-kupe","14":"product_tag-modern-earrings","15":"product_tag-modern-kupe","16":"product_tag-orumcek-kupe","17":"product_tag-pearl-drop-earring","18":"product_tag-pirlanta-detayli-kupe","19":"product_tag-single-earring","20":"product_tag-spider-earring","21":"product_tag-statement-earring","22":"product_tag-tek-kupe","23":"product_tag-unique-earrings","24":"product_tag-women-earrings","25":"product_tag-zincirli-kupe","26":"pa_cinsiyet-kadin","28":"first","29":"instock","30":"shipping-taxable","31":"product-type-simple"},"_links":{"self":[{"href":"https:\/\/www.gasia.com.tr\/en\/wp-json\/wp\/v2\/product\/40047","targetHints":{"allow":["GET"]}}],"collection":[{"href":"https:\/\/www.gasia.com.tr\/en\/wp-json\/wp\/v2\/product"}],"about":[{"href":"https:\/\/www.gasia.com.tr\/en\/wp-json\/wp\/v2\/types\/product"}],"replies":[{"embeddable":true,"href":"https:\/\/www.gasia.com.tr\/en\/wp-json\/wp\/v2\/comments?post=40047"}],"version-history":[{"count":1,"href":"https:\/\/www.gasia.com.tr\/en\/wp-json\/wp\/v2\/product\/40047\/revisions"}],"predecessor-version":[{"id":40049,"href":"https:\/\/www.gasia.com.tr\/en\/wp-json\/wp\/v2\/product\/40047\/revisions\/40049"}],"wp:featuredmedia":[{"embeddable":true,"href":"https:\/\/www.gasia.com.tr\/en\/wp-json\/wp\/v2\/media\/40080"}],"wp:attachment":[{"href":"https:\/\/www.gasia.com.tr\/en\/wp-json\/wp\/v2\/media?parent=40047"}],"wp:term":[{"taxonomy":"product_brand","embeddable":true,"href":"https:\/\/www.gasia.com.tr\/en\/wp-json\/wp\/v2\/product_brand?post=40047"},{"taxonomy":"product_cat","embeddable":true,"href":"https:\/\/www.gasia.com.tr\/en\/wp-json\/wp\/v2\/product_cat?post=40047"},{"taxonomy":"product_tag","embeddable":true,"href":"https:\/\/www.gasia.com.tr\/en\/wp-json\/wp\/v2\/product_tag?post=40047"}],"curies":[{"name":"wp","href":"https:\/\/api.w.org\/{rel}","templated":true}]}}