{"id":40050,"date":"2025-10-09T00:00:00","date_gmt":"2025-10-08T21:00:00","guid":{"rendered":"https:\/\/www.gasia.com.tr\/?post_type=product&#038;p=40050"},"modified":"2026-03-30T13:47:17","modified_gmt":"2026-03-30T10:47:17","slug":"cicek-formlu-pirlanta-detayli-earcuff","status":"publish","type":"product","link":"https:\/\/www.gasia.com.tr\/en\/collections\/cicek-formlu-pirlanta-detayli-earcuff\/","title":{"rendered":"\u00c7i\u00e7ek Formlu P\u0131rlanta Detayl\u0131 Earcuff"},"content":{"rendered":"<p>\u00c7i\u00e7ek formundan ilham alan bu earcuff k\u00fcpe, p\u0131rlanta detaylarla zenginle\u015ftirilmi\u015f zarif bir tasar\u0131m sunar. Kula\u011f\u0131 saran yap\u0131s\u0131 modern bir g\u00f6r\u00fcn\u00fcm olu\u015ftururken, kullan\u0131m i\u00e7in kulak deli\u011fi gerektirir. Sa\u011f ve sol kulak i\u00e7in ayr\u0131 ayr\u0131 sat\u0131lan bu model, kombinlere dengeli ve \u015f\u0131k bir dokunu\u015f katar. \u00c7i\u00e7ek motiflerinin merkezindeki ta\u015flar \u0131\u015f\u0131\u011f\u0131 zarif \u015fekilde yans\u0131tarak g\u00fcnl\u00fck stilinize \u0131\u015f\u0131lt\u0131 ekler.<\/p>","protected":false},"excerpt":{"rendered":"<p>\u00c7i\u00e7ek formundan ilham alan bu earcuff k\u00fcpe, p\u0131rlanta detaylarla zenginle\u015ftirilmi\u015f zarif bir tasar\u0131m sunar. Kula\u011f\u0131 saran yap\u0131s\u0131 modern bir g\u00f6r\u00fcn\u00fcm<\/p>","protected":false},"featured_media":40070,"comment_status":"open","ping_status":"closed","template":"","meta":[],"product_brand":[77],"product_cat":[74],"product_tag":[843,2031,1573,2029,2028,1595,2030,395,1537,1788,1583,392,2032,1567,2033,2034,1596,378],"class_list":{"0":"post-40050","1":"product","2":"type-product","3":"status-publish","4":"has-post-thumbnail","6":"product_brand-gasia","7":"product_cat-kupe-modelleri","8":"product_tag-cicek-kupe","9":"product_tag-deliksiz-kupe","10":"product_tag-diamond-detail-earrings","11":"product_tag-ear-cuff-earring","12":"product_tag-earcuff-kupe","13":"product_tag-elegant-earrings","14":"product_tag-flower-earrings","15":"product_tag-kadin-kupe","16":"product_tag-minimal-kupe","17":"product_tag-minimalist-earrings","18":"product_tag-modern-earrings","19":"product_tag-modern-kupe","20":"product_tag-non-pierced-earrings","21":"product_tag-pirlanta-detayli-kupe","22":"product_tag-trend-kupe","23":"product_tag-trendy-earrings","24":"product_tag-women-earrings","25":"product_tag-zarif-kupe","26":"pa_cinsiyet-kadin","28":"first","29":"instock","30":"shipping-taxable","31":"product-type-simple"},"_links":{"self":[{"href":"https:\/\/www.gasia.com.tr\/en\/wp-json\/wp\/v2\/product\/40050","targetHints":{"allow":["GET"]}}],"collection":[{"href":"https:\/\/www.gasia.com.tr\/en\/wp-json\/wp\/v2\/product"}],"about":[{"href":"https:\/\/www.gasia.com.tr\/en\/wp-json\/wp\/v2\/types\/product"}],"replies":[{"embeddable":true,"href":"https:\/\/www.gasia.com.tr\/en\/wp-json\/wp\/v2\/comments?post=40050"}],"version-history":[{"count":2,"href":"https:\/\/www.gasia.com.tr\/en\/wp-json\/wp\/v2\/product\/40050\/revisions"}],"predecessor-version":[{"id":40054,"href":"https:\/\/www.gasia.com.tr\/en\/wp-json\/wp\/v2\/product\/40050\/revisions\/40054"}],"wp:featuredmedia":[{"embeddable":true,"href":"https:\/\/www.gasia.com.tr\/en\/wp-json\/wp\/v2\/media\/40070"}],"wp:attachment":[{"href":"https:\/\/www.gasia.com.tr\/en\/wp-json\/wp\/v2\/media?parent=40050"}],"wp:term":[{"taxonomy":"product_brand","embeddable":true,"href":"https:\/\/www.gasia.com.tr\/en\/wp-json\/wp\/v2\/product_brand?post=40050"},{"taxonomy":"product_cat","embeddable":true,"href":"https:\/\/www.gasia.com.tr\/en\/wp-json\/wp\/v2\/product_cat?post=40050"},{"taxonomy":"product_tag","embeddable":true,"href":"https:\/\/www.gasia.com.tr\/en\/wp-json\/wp\/v2\/product_tag?post=40050"}],"curies":[{"name":"wp","href":"https:\/\/api.w.org\/{rel}","templated":true}]}}