{"id":40053,"date":"2025-12-25T00:00:00","date_gmt":"2025-12-24T21:00:00","guid":{"rendered":"https:\/\/www.gasia.com.tr\/?post_type=product&#038;p=40053"},"modified":"2026-03-30T16:38:49","modified_gmt":"2026-03-30T13:38:49","slug":"okside-gumus-ve-altin-detayli-modern-halka-kupe","status":"publish","type":"product","link":"https:\/\/www.gasia.com.tr\/en\/collections\/okside-gumus-ve-altin-detayli-modern-halka-kupe\/","title":{"rendered":"Okside G\u00fcm\u00fc\u015f ve Alt\u0131n Detayl\u0131 Modern Halka K\u00fcpe"},"content":{"rendered":"<p>Okside g\u00fcm\u00fc\u015f y\u00fczey ve alt\u0131n detaylar\u0131n kontrast\u0131yla tasarlanan bu halka k\u00fcpe, modern ve g\u00fc\u00e7l\u00fc bir stil sunar. Dairesel form \u00fczerindeki ince \u00e7izgili doku tasar\u0131ma derinlik kazand\u0131r\u0131rken, merkezde yer alan minimal ta\u015f detay\u0131 zarif bir \u0131\u015f\u0131lt\u0131 ekler. G\u00fcnl\u00fck kullan\u0131ma uygun yap\u0131s\u0131yla \u00f6ne \u00e7\u0131kan bu model, sade kombinlere karakterli bir dokunu\u015f katmak isteyenler i\u00e7in ideal bir se\u00e7enektir.<\/p>","protected":false},"excerpt":{"rendered":"<p>Okside g\u00fcm\u00fc\u015f y\u00fczey ve alt\u0131n detaylar\u0131n kontrast\u0131yla tasarlanan bu halka k\u00fcpe, modern ve g\u00fc\u00e7l\u00fc bir stil sunar. Dairesel form \u00fczerindeki<\/p>","protected":false},"featured_media":40059,"comment_status":"open","ping_status":"closed","template":"","meta":[],"product_brand":[77],"product_cat":[74],"product_tag":[393,1595,1791,1686,1543,1768,1769,395,1537,1788,1583,392,2035,398,375,1957,813,1596],"class_list":{"0":"post-40053","1":"product","2":"type-product","3":"status-publish","4":"has-post-thumbnail","6":"product_brand-gasia","7":"product_cat-kupe-modelleri","8":"product_tag-altin-detayli-kupe","9":"product_tag-elegant-earrings","10":"product_tag-everyday-earrings","11":"product_tag-gold-detail-earrings","12":"product_tag-gunluk-kupe","13":"product_tag-halka-kupe","14":"product_tag-hoop-earrings","15":"product_tag-kadin-kupe","16":"product_tag-minimal-kupe","17":"product_tag-minimalist-earrings","18":"product_tag-modern-earrings","19":"product_tag-modern-kupe","20":"product_tag-okside-gumus-kupe","21":"product_tag-oxidized-silver-earrings","22":"product_tag-sik-kupe","23":"product_tag-stone-earrings","24":"product_tag-tasli-kupe","25":"product_tag-women-earrings","26":"pa_cinsiyet-kadin","28":"first","29":"instock","30":"shipping-taxable","31":"product-type-simple"},"_links":{"self":[{"href":"https:\/\/www.gasia.com.tr\/en\/wp-json\/wp\/v2\/product\/40053","targetHints":{"allow":["GET"]}}],"collection":[{"href":"https:\/\/www.gasia.com.tr\/en\/wp-json\/wp\/v2\/product"}],"about":[{"href":"https:\/\/www.gasia.com.tr\/en\/wp-json\/wp\/v2\/types\/product"}],"replies":[{"embeddable":true,"href":"https:\/\/www.gasia.com.tr\/en\/wp-json\/wp\/v2\/comments?post=40053"}],"version-history":[{"count":2,"href":"https:\/\/www.gasia.com.tr\/en\/wp-json\/wp\/v2\/product\/40053\/revisions"}],"predecessor-version":[{"id":40061,"href":"https:\/\/www.gasia.com.tr\/en\/wp-json\/wp\/v2\/product\/40053\/revisions\/40061"}],"wp:featuredmedia":[{"embeddable":true,"href":"https:\/\/www.gasia.com.tr\/en\/wp-json\/wp\/v2\/media\/40059"}],"wp:attachment":[{"href":"https:\/\/www.gasia.com.tr\/en\/wp-json\/wp\/v2\/media?parent=40053"}],"wp:term":[{"taxonomy":"product_brand","embeddable":true,"href":"https:\/\/www.gasia.com.tr\/en\/wp-json\/wp\/v2\/product_brand?post=40053"},{"taxonomy":"product_cat","embeddable":true,"href":"https:\/\/www.gasia.com.tr\/en\/wp-json\/wp\/v2\/product_cat?post=40053"},{"taxonomy":"product_tag","embeddable":true,"href":"https:\/\/www.gasia.com.tr\/en\/wp-json\/wp\/v2\/product_tag?post=40053"}],"curies":[{"name":"wp","href":"https:\/\/api.w.org\/{rel}","templated":true}]}}