{"id":40062,"date":"2026-03-18T11:43:40","date_gmt":"2026-03-18T08:43:40","guid":{"rendered":"https:\/\/www.gasia.com.tr\/?post_type=product&#038;p=40062"},"modified":"2026-04-13T13:23:16","modified_gmt":"2026-04-13T10:23:16","slug":"altin-renk-inci-ve-pirlanta-detayli-halka-kupe","status":"publish","type":"product","link":"https:\/\/www.gasia.com.tr\/en\/collections\/altin-renk-inci-ve-pirlanta-detayli-halka-kupe\/","title":{"rendered":"Alt\u0131n Renk \u0130nci ve P\u0131rlanta Detayl\u0131 Halka K\u00fcpe"},"content":{"rendered":"<p>Alt\u0131n tonlu inci ve p\u0131rlanta detaylar\u0131n birle\u015fimiyle tasarlanan bu halka k\u00fcpe, zarif ve dikkat \u00e7ekici bir g\u00f6r\u00fcn\u00fcm sunar. B\u00fcy\u00fck formdaki inci tasar\u0131ma g\u00fc\u00e7l\u00fc bir karakter katarken, \u00fcst k\u0131s\u0131mdaki p\u0131rlanta dizilimi \u0131\u015f\u0131lt\u0131y\u0131 dengeli \u015fekilde tamamlar. Klasik ve modern \u00e7izgiyi bir araya getiren bu model, hem g\u00fcnl\u00fck hem \u00f6zel kombinlerde \u015f\u0131k bir tamamlay\u0131c\u0131 olarak \u00f6ne \u00e7\u0131kar.<\/p>","protected":false},"excerpt":{"rendered":"<ul>\n<li>14 Ayar Alt\u0131n<\/li>\n<li>0,32 ct P\u0131rlanta<\/li>\n<\/ul>","protected":false},"featured_media":40063,"comment_status":"open","ping_status":"closed","template":"","meta":[],"product_brand":[77],"product_cat":[74],"product_tag":[2036,1722,1573,1595,1791,2037,1543,1768,1769,373,395,1721,1583,392,1718,1567,375,1596],"class_list":{"0":"post-40062","1":"product","2":"type-product","3":"status-publish","4":"has-post-thumbnail","6":"product_brand-gasia","7":"product_cat-kupe-modelleri","8":"product_tag-altin-inci-kupe","9":"product_tag-classic-earrings","10":"product_tag-diamond-detail-earrings","11":"product_tag-elegant-earrings","12":"product_tag-everyday-earrings","13":"product_tag-gold-pearl-earrings","14":"product_tag-gunluk-kupe","15":"product_tag-halka-kupe","16":"product_tag-hoop-earrings","17":"product_tag-inci-kupe","18":"product_tag-kadin-kupe","19":"product_tag-klasik-kupe","20":"product_tag-modern-earrings","21":"product_tag-modern-kupe","22":"product_tag-pearl-earrings","23":"product_tag-pirlanta-detayli-kupe","24":"product_tag-sik-kupe","25":"product_tag-women-earrings","26":"pa_cinsiyet-kadin","28":"first","29":"instock","30":"shipping-taxable","31":"purchasable","32":"product-type-simple"},"_links":{"self":[{"href":"https:\/\/www.gasia.com.tr\/en\/wp-json\/wp\/v2\/product\/40062","targetHints":{"allow":["GET"]}}],"collection":[{"href":"https:\/\/www.gasia.com.tr\/en\/wp-json\/wp\/v2\/product"}],"about":[{"href":"https:\/\/www.gasia.com.tr\/en\/wp-json\/wp\/v2\/types\/product"}],"replies":[{"embeddable":true,"href":"https:\/\/www.gasia.com.tr\/en\/wp-json\/wp\/v2\/comments?post=40062"}],"version-history":[{"count":3,"href":"https:\/\/www.gasia.com.tr\/en\/wp-json\/wp\/v2\/product\/40062\/revisions"}],"predecessor-version":[{"id":41997,"href":"https:\/\/www.gasia.com.tr\/en\/wp-json\/wp\/v2\/product\/40062\/revisions\/41997"}],"wp:featuredmedia":[{"embeddable":true,"href":"https:\/\/www.gasia.com.tr\/en\/wp-json\/wp\/v2\/media\/40063"}],"wp:attachment":[{"href":"https:\/\/www.gasia.com.tr\/en\/wp-json\/wp\/v2\/media?parent=40062"}],"wp:term":[{"taxonomy":"product_brand","embeddable":true,"href":"https:\/\/www.gasia.com.tr\/en\/wp-json\/wp\/v2\/product_brand?post=40062"},{"taxonomy":"product_cat","embeddable":true,"href":"https:\/\/www.gasia.com.tr\/en\/wp-json\/wp\/v2\/product_cat?post=40062"},{"taxonomy":"product_tag","embeddable":true,"href":"https:\/\/www.gasia.com.tr\/en\/wp-json\/wp\/v2\/product_tag?post=40062"}],"curies":[{"name":"wp","href":"https:\/\/api.w.org\/{rel}","templated":true}]}}