{"id":40101,"date":"2026-03-19T22:27:38","date_gmt":"2026-03-19T19:27:38","guid":{"rendered":"https:\/\/www.gasia.com.tr\/?post_type=product&#038;p=40101"},"modified":"2026-04-13T13:11:54","modified_gmt":"2026-04-13T10:11:54","slug":"pirlanta-tasli-rose-altin-kadin-yuzuk","status":"publish","type":"product","link":"https:\/\/www.gasia.com.tr\/en\/collections\/pirlanta-tasli-rose-altin-kadin-yuzuk\/","title":{"rendered":"P\u0131rlanta Ta\u015fl\u0131 Rose Alt\u0131n Kad\u0131n Y\u00fcz\u00fck"},"content":{"rendered":"<p>\u00c7i\u00e7ek formundan ilham alan bu y\u00fcz\u00fck, rose alt\u0131n ton ve yo\u011fun p\u0131rlanta dizilimiyle dikkat \u00e7eker. I\u015f\u0131lt\u0131l\u0131 yap\u0131s\u0131na ra\u011fmen dengeli bir g\u00f6r\u00fcn\u00fcm sunar. G\u00fcnl\u00fck kullan\u0131mdan \u00f6zel kombinlere kadar rahatl\u0131kla tercih edilebilir.<\/p>","protected":false},"excerpt":{"rendered":"<ul>\n<li>18 Ayar Alt\u0131n<\/li>\n<li>2,03 ct P\u0131rlanta<\/li>\n<\/ul>","protected":false},"featured_media":40102,"comment_status":"open","ping_status":"closed","template":"","meta":[],"product_brand":[],"product_cat":[76],"product_tag":[2051,2050,565,654,528,1875,2053,566,2052,2042,520,590,581,521,335,2049,701,344,450,340,562,2047,1021,519],"class_list":{"0":"post-40101","1":"product","2":"type-product","3":"status-publish","4":"has-post-thumbnail","6":"product_cat-yuzuk-modelleri","7":"product_tag-buyuk-yuzuk","8":"product_tag-cicek-form-yuzuk","9":"product_tag-designer-ring","10":"product_tag-diamond-ring","11":"product_tag-elegant-ring","12":"product_tag-fashion-ring","13":"product_tag-floral-ring","14":"product_tag-gemstone-ring","15":"product_tag-isiltili-yuzuk","16":"product_tag-kadin-taki","17":"product_tag-kadin-yuzuk","18":"product_tag-luxury-ring","19":"product_tag-modern-ring","20":"product_tag-modern-yuzuk","21":"product_tag-pirlanta-yuzuk","22":"product_tag-rose-altin-yuzuk","23":"product_tag-rose-gold-ring","24":"product_tag-sik-yuzuk","25":"product_tag-statement-ring","26":"product_tag-tasarim-yuzuk","27":"product_tag-tasli-yuzuk","28":"product_tag-women-jewelry","29":"product_tag-women-ring","30":"product_tag-zarif-yuzuk","31":"pa_cinsiyet-kadin","33":"first","34":"instock","35":"shipping-taxable","36":"purchasable","37":"product-type-simple"},"_links":{"self":[{"href":"https:\/\/www.gasia.com.tr\/en\/wp-json\/wp\/v2\/product\/40101","targetHints":{"allow":["GET"]}}],"collection":[{"href":"https:\/\/www.gasia.com.tr\/en\/wp-json\/wp\/v2\/product"}],"about":[{"href":"https:\/\/www.gasia.com.tr\/en\/wp-json\/wp\/v2\/types\/product"}],"replies":[{"embeddable":true,"href":"https:\/\/www.gasia.com.tr\/en\/wp-json\/wp\/v2\/comments?post=40101"}],"version-history":[{"count":3,"href":"https:\/\/www.gasia.com.tr\/en\/wp-json\/wp\/v2\/product\/40101\/revisions"}],"predecessor-version":[{"id":40105,"href":"https:\/\/www.gasia.com.tr\/en\/wp-json\/wp\/v2\/product\/40101\/revisions\/40105"}],"wp:featuredmedia":[{"embeddable":true,"href":"https:\/\/www.gasia.com.tr\/en\/wp-json\/wp\/v2\/media\/40102"}],"wp:attachment":[{"href":"https:\/\/www.gasia.com.tr\/en\/wp-json\/wp\/v2\/media?parent=40101"}],"wp:term":[{"taxonomy":"product_brand","embeddable":true,"href":"https:\/\/www.gasia.com.tr\/en\/wp-json\/wp\/v2\/product_brand?post=40101"},{"taxonomy":"product_cat","embeddable":true,"href":"https:\/\/www.gasia.com.tr\/en\/wp-json\/wp\/v2\/product_cat?post=40101"},{"taxonomy":"product_tag","embeddable":true,"href":"https:\/\/www.gasia.com.tr\/en\/wp-json\/wp\/v2\/product_tag?post=40101"}],"curies":[{"name":"wp","href":"https:\/\/api.w.org\/{rel}","templated":true}]}}