{"id":40104,"date":"2026-03-20T00:12:09","date_gmt":"2026-03-19T21:12:09","guid":{"rendered":"https:\/\/www.gasia.com.tr\/?post_type=product&#038;p=40104"},"modified":"2026-04-13T13:09:09","modified_gmt":"2026-04-13T10:09:09","slug":"damla-ve-yuvarlak-kesim-elmas-ve-pirlantali-uzun-sallantili-kupe","status":"publish","type":"product","link":"https:\/\/www.gasia.com.tr\/en\/collections\/damla-ve-yuvarlak-kesim-elmas-ve-pirlantali-uzun-sallantili-kupe\/","title":{"rendered":"Damla ve Yuvarlak Kesim\u00a0 Elmas ve P\u0131rlantal\u0131 Uzun Sallant\u0131l\u0131 K\u00fcpe"},"content":{"rendered":"<p>Damla ve yuvarlak kesim\u00a0 elmas ve p\u0131rlantalar\u0131n bir araya geldi\u011fi bu uzun k\u00fcpe, hareket ettik\u00e7e \u0131\u015f\u0131\u011f\u0131 g\u00fc\u00e7l\u00fc \u015fekilde yans\u0131tan bir tasar\u0131m sunar. Kademeli dizilimde yerle\u015ftirilen ta\u015flar, kulakta ak\u0131c\u0131 ve zarif bir g\u00f6r\u00fcn\u00fcm olu\u015ftururken, ince formu sayesinde dengeli bir duru\u015f sa\u011flar. \u00d6zel g\u00fcnlerde ya da \u015f\u0131k kombinlerde \u00f6ne \u00e7\u0131kan bu model, \u0131\u015f\u0131lt\u0131s\u0131yla dikkat \u00e7eken g\u00fc\u00e7l\u00fc bir tamamlay\u0131c\u0131d\u0131r.<\/p>","protected":false},"excerpt":{"rendered":"<ul>\n<li>18 Ayar Alt\u0131n<\/li>\n<li>0,38 ct P\u0131rlanta<\/li>\n<li>4,60 ct Elmas Kesim\u00a0 P\u0131rlanta<\/li>\n<\/ul>","protected":false},"featured_media":40106,"comment_status":"open","ping_status":"closed","template":"","meta":[],"product_brand":[77],"product_cat":[74],"product_tag":[2057,2054,1715,833,1595,2056,1594,395,2059,2055,374,814,375,813,2058,1596],"class_list":{"0":"post-40104","1":"product","2":"type-product","3":"status-publish","4":"has-post-thumbnail","6":"product_brand-gasia","7":"product_cat-kupe-modelleri","8":"product_tag-brilliant-cut-diamond-earrings","9":"product_tag-damla-kesim-pirlanta-kupe","10":"product_tag-diamond-earrings","11":"product_tag-drop-earrings","12":"product_tag-elegant-earrings","13":"product_tag-elmas-kesim-pirlanta-kupe","14":"product_tag-gemstone-earrings","15":"product_tag-kadin-kupe","16":"product_tag-long-earrings","17":"product_tag-pear-cut-diamond-earrings","18":"product_tag-pirlanta-kupe","19":"product_tag-sallantili-kupe","20":"product_tag-sik-kupe","21":"product_tag-tasli-kupe","22":"product_tag-uzun-kupe","23":"product_tag-women-earrings","24":"pa_cinsiyet-kadin","26":"first","27":"instock","28":"shipping-taxable","29":"purchasable","30":"product-type-simple"},"_links":{"self":[{"href":"https:\/\/www.gasia.com.tr\/en\/wp-json\/wp\/v2\/product\/40104","targetHints":{"allow":["GET"]}}],"collection":[{"href":"https:\/\/www.gasia.com.tr\/en\/wp-json\/wp\/v2\/product"}],"about":[{"href":"https:\/\/www.gasia.com.tr\/en\/wp-json\/wp\/v2\/types\/product"}],"replies":[{"embeddable":true,"href":"https:\/\/www.gasia.com.tr\/en\/wp-json\/wp\/v2\/comments?post=40104"}],"version-history":[{"count":3,"href":"https:\/\/www.gasia.com.tr\/en\/wp-json\/wp\/v2\/product\/40104\/revisions"}],"predecessor-version":[{"id":41990,"href":"https:\/\/www.gasia.com.tr\/en\/wp-json\/wp\/v2\/product\/40104\/revisions\/41990"}],"wp:featuredmedia":[{"embeddable":true,"href":"https:\/\/www.gasia.com.tr\/en\/wp-json\/wp\/v2\/media\/40106"}],"wp:attachment":[{"href":"https:\/\/www.gasia.com.tr\/en\/wp-json\/wp\/v2\/media?parent=40104"}],"wp:term":[{"taxonomy":"product_brand","embeddable":true,"href":"https:\/\/www.gasia.com.tr\/en\/wp-json\/wp\/v2\/product_brand?post=40104"},{"taxonomy":"product_cat","embeddable":true,"href":"https:\/\/www.gasia.com.tr\/en\/wp-json\/wp\/v2\/product_cat?post=40104"},{"taxonomy":"product_tag","embeddable":true,"href":"https:\/\/www.gasia.com.tr\/en\/wp-json\/wp\/v2\/product_tag?post=40104"}],"curies":[{"name":"wp","href":"https:\/\/api.w.org\/{rel}","templated":true}]}}