{"id":40111,"date":"2026-04-11T11:00:10","date_gmt":"2026-04-11T08:00:10","guid":{"rendered":"https:\/\/www.gasia.com.tr\/?post_type=product&#038;p=40111"},"modified":"2026-04-13T09:55:31","modified_gmt":"2026-04-13T06:55:31","slug":"besmele-yazili-pirlanta-detayli-yuvarlak-kolye","status":"publish","type":"product","link":"https:\/\/www.gasia.com.tr\/en\/collections\/besmele-yazili-pirlanta-detayli-yuvarlak-kolye\/","title":{"rendered":"Besmele Yaz\u0131l\u0131 P\u0131rlanta Detayl\u0131 Yuvarlak Kolye"},"content":{"rendered":"<ul>\n<li>Besmele yaz\u0131s\u0131 formunda tasarlanan bu kolye, manevi anlam\u0131 ve zarif detaylar\u0131 bir araya getirir. Yuvarlak \u00e7er\u00e7eveyi saran p\u0131rlanta dizilimi tasar\u0131ma \u0131\u015f\u0131lt\u0131 katarken, i\u00e7 k\u0131s\u0131mdaki yaz\u0131 formu estetik ve anlaml\u0131 bir b\u00fct\u00fcnl\u00fck sunar. G\u00fcnl\u00fck kullan\u0131mda \u015f\u0131kl\u0131kla ta\u015f\u0131nabilecek bu par\u00e7a, \u00f6zel g\u00fcnler i\u00e7in de anlaml\u0131 bir hediye se\u00e7ene\u011fidir.<\/li>\n<\/ul>","protected":false},"excerpt":{"rendered":"<ul>\n<li>8,25 gram 18 Ayar Alt\u0131n<\/li>\n<li>0,38 ct P\u0131rlanta<\/li>\n<li>45 cm uzunlu\u011funda zincir<\/li>\n<\/ul>","protected":false},"featured_media":40832,"comment_status":"open","ping_status":"closed","template":"","meta":[],"product_brand":[77,2719],"product_cat":[75],"product_tag":[1089,1491,1497,2061,294,978,1637,1036,473,2060,276,2063,474,1632,982,2062],"class_list":{"0":"post-40111","1":"product","2":"type-product","3":"status-publish","4":"has-post-thumbnail","6":"product_brand-gasia","7":"product_brand-gasia-protect","8":"product_cat-kolye","9":"product_tag-anlamli-kolye","10":"product_tag-besmele-kolye","11":"product_tag-bismillah-necklace","12":"product_tag-calligraphy-necklace","13":"product_tag-diamond-necklace","14":"product_tag-dini-kolye","15":"product_tag-elegant-necklace","16":"product_tag-islamic-jewelry","17":"product_tag-kadin-kolye","18":"product_tag-meaningful-necklace","19":"product_tag-pirlanta-kolye","20":"product_tag-round-pendant","21":"product_tag-sik-kolye","22":"product_tag-women-necklace","23":"product_tag-yazili-kolye","24":"product_tag-yuvarlak-kolye","25":"pa_cinsiyet-kadin","27":"first","28":"instock","29":"sale","30":"shipping-taxable","31":"purchasable","32":"product-type-simple"},"_links":{"self":[{"href":"https:\/\/www.gasia.com.tr\/en\/wp-json\/wp\/v2\/product\/40111","targetHints":{"allow":["GET"]}}],"collection":[{"href":"https:\/\/www.gasia.com.tr\/en\/wp-json\/wp\/v2\/product"}],"about":[{"href":"https:\/\/www.gasia.com.tr\/en\/wp-json\/wp\/v2\/types\/product"}],"replies":[{"embeddable":true,"href":"https:\/\/www.gasia.com.tr\/en\/wp-json\/wp\/v2\/comments?post=40111"}],"version-history":[{"count":3,"href":"https:\/\/www.gasia.com.tr\/en\/wp-json\/wp\/v2\/product\/40111\/revisions"}],"predecessor-version":[{"id":41944,"href":"https:\/\/www.gasia.com.tr\/en\/wp-json\/wp\/v2\/product\/40111\/revisions\/41944"}],"wp:featuredmedia":[{"embeddable":true,"href":"https:\/\/www.gasia.com.tr\/en\/wp-json\/wp\/v2\/media\/40832"}],"wp:attachment":[{"href":"https:\/\/www.gasia.com.tr\/en\/wp-json\/wp\/v2\/media?parent=40111"}],"wp:term":[{"taxonomy":"product_brand","embeddable":true,"href":"https:\/\/www.gasia.com.tr\/en\/wp-json\/wp\/v2\/product_brand?post=40111"},{"taxonomy":"product_cat","embeddable":true,"href":"https:\/\/www.gasia.com.tr\/en\/wp-json\/wp\/v2\/product_cat?post=40111"},{"taxonomy":"product_tag","embeddable":true,"href":"https:\/\/www.gasia.com.tr\/en\/wp-json\/wp\/v2\/product_tag?post=40111"}],"curies":[{"name":"wp","href":"https:\/\/api.w.org\/{rel}","templated":true}]}}