{"id":40115,"date":"2026-03-20T00:27:09","date_gmt":"2026-03-19T21:27:09","guid":{"rendered":"https:\/\/www.gasia.com.tr\/?post_type=product&#038;p=40115"},"modified":"2026-04-13T13:06:46","modified_gmt":"2026-04-13T10:06:46","slug":"mavi-safir-ve-pirlanta-kupe","status":"publish","type":"product","link":"https:\/\/www.gasia.com.tr\/en\/collections\/mavi-safir-ve-pirlanta-kupe\/","title":{"rendered":"Mavi Safir ve P\u0131rlanta  K\u00fcpe"},"content":{"rendered":"<p>Damla kesim mavi safir ta\u015f ve \u00e7evresini saran p\u0131rlanta detaylar\u0131yla tasarlanan bu k\u00fcpe, g\u00fc\u00e7l\u00fc bir \u0131\u015f\u0131lt\u0131 sunar. Hareketli yap\u0131s\u0131 sayesinde \u0131\u015f\u0131\u011f\u0131 farkl\u0131 a\u00e7\u0131lardan yans\u0131tarak dikkat \u00e7eken bir g\u00f6r\u00fcn\u00fcm olu\u015fturur. G\u00fcnl\u00fck kullan\u0131mda da \u00f6zel anlarda da rahatl\u0131kla tercih edilebilir.<\/p>","protected":false},"excerpt":{"rendered":"<ul>\n<li>18 Ayar Alt\u0131n<\/li>\n<li>0,59 ct P\u0131rlanta<\/li>\n<li>0,73 ct Damla Kesim P\u0131rlanta<\/li>\n<li>4,19 ct Damla Kesim Safir<\/li>\n<\/ul>","protected":false},"featured_media":40133,"comment_status":"open","ping_status":"closed","template":"","meta":[],"product_brand":[],"product_cat":[74],"product_tag":[1723,1818,1684,1715,833,1595,1655,1594,1849,395,2042,1564,2064,1845,1819,374,2065,814,2067,375,813,1596,2066],"class_list":{"0":"post-40115","1":"product","2":"type-product","3":"status-publish","4":"has-post-thumbnail","6":"product_cat-kupe-modelleri","7":"product_tag-bridal-earrings","8":"product_tag-damla-kesim-kupe","9":"product_tag-dangle-earrings","10":"product_tag-diamond-earrings","11":"product_tag-drop-earrings","12":"product_tag-elegant-earrings","13":"product_tag-fine-jewelry","14":"product_tag-gemstone-earrings","15":"product_tag-isiltili-kupe","16":"product_tag-kadin-kupe","17":"product_tag-kadin-taki","18":"product_tag-luxury-earrings","19":"product_tag-mavi-safir-kupe","20":"product_tag-ozel-gun-kupesi","21":"product_tag-pear-cut-earrings","22":"product_tag-pirlanta-kupe","23":"product_tag-safir-kupe","24":"product_tag-sallantili-kupe","25":"product_tag-sapphire-earrings","26":"product_tag-sik-kupe","27":"product_tag-tasli-kupe","28":"product_tag-women-earrings","29":"product_tag-zarif-kupe-blue-sapphire-earrings","30":"pa_cinsiyet-kadin","32":"first","33":"instock","34":"shipping-taxable","35":"purchasable","36":"product-type-simple"},"_links":{"self":[{"href":"https:\/\/www.gasia.com.tr\/en\/wp-json\/wp\/v2\/product\/40115","targetHints":{"allow":["GET"]}}],"collection":[{"href":"https:\/\/www.gasia.com.tr\/en\/wp-json\/wp\/v2\/product"}],"about":[{"href":"https:\/\/www.gasia.com.tr\/en\/wp-json\/wp\/v2\/types\/product"}],"replies":[{"embeddable":true,"href":"https:\/\/www.gasia.com.tr\/en\/wp-json\/wp\/v2\/comments?post=40115"}],"version-history":[{"count":3,"href":"https:\/\/www.gasia.com.tr\/en\/wp-json\/wp\/v2\/product\/40115\/revisions"}],"predecessor-version":[{"id":41989,"href":"https:\/\/www.gasia.com.tr\/en\/wp-json\/wp\/v2\/product\/40115\/revisions\/41989"}],"wp:featuredmedia":[{"embeddable":true,"href":"https:\/\/www.gasia.com.tr\/en\/wp-json\/wp\/v2\/media\/40133"}],"wp:attachment":[{"href":"https:\/\/www.gasia.com.tr\/en\/wp-json\/wp\/v2\/media?parent=40115"}],"wp:term":[{"taxonomy":"product_brand","embeddable":true,"href":"https:\/\/www.gasia.com.tr\/en\/wp-json\/wp\/v2\/product_brand?post=40115"},{"taxonomy":"product_cat","embeddable":true,"href":"https:\/\/www.gasia.com.tr\/en\/wp-json\/wp\/v2\/product_cat?post=40115"},{"taxonomy":"product_tag","embeddable":true,"href":"https:\/\/www.gasia.com.tr\/en\/wp-json\/wp\/v2\/product_tag?post=40115"}],"curies":[{"name":"wp","href":"https:\/\/api.w.org\/{rel}","templated":true}]}}