{"id":40119,"date":"2026-01-31T00:00:00","date_gmt":"2026-01-30T21:00:00","guid":{"rendered":"https:\/\/www.gasia.com.tr\/?post_type=product&#038;p=40119"},"modified":"2026-03-21T19:44:56","modified_gmt":"2026-03-21T16:44:56","slug":"mavi-pirlanta-tasli-kus-figurlu-kolye","status":"publish","type":"product","link":"https:\/\/www.gasia.com.tr\/en\/collections\/mavi-pirlanta-tasli-kus-figurlu-kolye\/","title":{"rendered":"Mavi P\u0131rlanta Ta\u015fl\u0131 Ku\u015f Fig\u00fcrl\u00fc Kolye"},"content":{"rendered":"<p>Ku\u015f fig\u00fcr\u00fc formunda tasarlanan bu kolye, kanat detaylar\u0131nda yer alan p\u0131rlantalar ve merkezdeki mavi p\u0131rlantalarla dikkat \u00e7eker. Oksitli y\u00fczey ve alt\u0131n ton zincir kontrast\u0131 tasar\u0131ma karakter katar. G\u00fcnl\u00fck kullan\u0131ma uygun, farkl\u0131 ve dikkat \u00e7ekici bir par\u00e7ad\u0131r.<\/p>","protected":false},"excerpt":{"rendered":"<p>Ku\u015f fig\u00fcr\u00fc formunda tasarlanan bu kolye, kanat detaylar\u0131nda yer alan p\u0131rlantalar ve merkezdeki mavi p\u0131rlantalarla dikkat \u00e7eker. Oksitli y\u00fczey ve<\/p>","protected":false},"featured_media":40120,"comment_status":"open","ping_status":"closed","template":"","meta":[],"product_brand":[],"product_cat":[75],"product_tag":[1476,629,2072,633,294,2070,2074,1991,1655,811,473,626,2068,277,1993,2069,276,2071,274,329,2073,1632],"class_list":{"0":"post-40119","1":"product","2":"type-product","3":"status-publish","4":"has-post-thumbnail","6":"product_cat-kolye","7":"product_tag-altin-zincir-kolye","8":"product_tag-bird-necklace","9":"product_tag-blue-diamond-necklace","10":"product_tag-designer-necklace","11":"product_tag-diamond-necklace","12":"product_tag-farkli-kolye","13":"product_tag-fashion-necklace","14":"product_tag-figurlu-kolye","15":"product_tag-fine-jewelry","16":"product_tag-gemstone-necklace","17":"product_tag-kadin-kolye","18":"product_tag-kus-kolye","19":"product_tag-mavi-pirlanta-kolye","20":"product_tag-modern-kolye","21":"product_tag-modern-necklace","22":"product_tag-oksitli-kolye","23":"product_tag-pirlanta-kolye","24":"product_tag-stil-kolye","25":"product_tag-tasarim-kolye","26":"product_tag-tasli-kolye","27":"product_tag-unique-necklace","28":"product_tag-women-necklace","29":"pa_cinsiyet-kadin","31":"first","32":"instock","33":"shipping-taxable","34":"product-type-simple"},"_links":{"self":[{"href":"https:\/\/www.gasia.com.tr\/en\/wp-json\/wp\/v2\/product\/40119","targetHints":{"allow":["GET"]}}],"collection":[{"href":"https:\/\/www.gasia.com.tr\/en\/wp-json\/wp\/v2\/product"}],"about":[{"href":"https:\/\/www.gasia.com.tr\/en\/wp-json\/wp\/v2\/types\/product"}],"replies":[{"embeddable":true,"href":"https:\/\/www.gasia.com.tr\/en\/wp-json\/wp\/v2\/comments?post=40119"}],"version-history":[{"count":1,"href":"https:\/\/www.gasia.com.tr\/en\/wp-json\/wp\/v2\/product\/40119\/revisions"}],"predecessor-version":[{"id":40121,"href":"https:\/\/www.gasia.com.tr\/en\/wp-json\/wp\/v2\/product\/40119\/revisions\/40121"}],"wp:featuredmedia":[{"embeddable":true,"href":"https:\/\/www.gasia.com.tr\/en\/wp-json\/wp\/v2\/media\/40120"}],"wp:attachment":[{"href":"https:\/\/www.gasia.com.tr\/en\/wp-json\/wp\/v2\/media?parent=40119"}],"wp:term":[{"taxonomy":"product_brand","embeddable":true,"href":"https:\/\/www.gasia.com.tr\/en\/wp-json\/wp\/v2\/product_brand?post=40119"},{"taxonomy":"product_cat","embeddable":true,"href":"https:\/\/www.gasia.com.tr\/en\/wp-json\/wp\/v2\/product_cat?post=40119"},{"taxonomy":"product_tag","embeddable":true,"href":"https:\/\/www.gasia.com.tr\/en\/wp-json\/wp\/v2\/product_tag?post=40119"}],"curies":[{"name":"wp","href":"https:\/\/api.w.org\/{rel}","templated":true}]}}