{"id":40122,"date":"2026-03-20T00:35:45","date_gmt":"2026-03-19T21:35:45","guid":{"rendered":"https:\/\/www.gasia.com.tr\/?post_type=product&#038;p=40122"},"modified":"2026-04-13T13:03:44","modified_gmt":"2026-04-13T10:03:44","slug":"pirlanta-detayli-coklu-plaka-tasarim-yuzuk","status":"publish","type":"product","link":"https:\/\/www.gasia.com.tr\/en\/collections\/pirlanta-detayli-coklu-plaka-tasarim-yuzuk\/","title":{"rendered":"P\u0131rlanta Detayl\u0131 \u00c7oklu Plaka Tasar\u0131m Y\u00fcz\u00fck"},"content":{"rendered":"<p>Birbiri \u00fczerine yerle\u015fen \u00e7oklu plaka formu ve yo\u011fun p\u0131rlanta detaylar\u0131yla tasarlanan bu y\u00fcz\u00fck, g\u00fc\u00e7l\u00fc ve g\u00f6z al\u0131c\u0131 bir stil sunar. Farkl\u0131 tonlardaki y\u00fczeylerin birle\u015fimi tasar\u0131ma derinlik katarken, geni\u015f formu sayesinde tek ba\u015f\u0131na dikkat \u00e7ekici bir g\u00f6r\u00fcn\u00fcm olu\u015fturur. \u00d6zel davetlerde \u00f6ne \u00e7\u0131kan bu model, stiline iddial\u0131 bir dokunu\u015f eklemek isteyenler i\u00e7in ideal bir par\u00e7ad\u0131r.<\/p>","protected":false},"excerpt":{"rendered":"<ul>\n<li>18 Ayar Alt\u0131n<\/li>\n<li>1,21 ct P\u0131rlanta<\/li>\n<li>1,00 ct\u00a0 Sar\u0131 P\u0131rlanta<\/li>\n<\/ul>","protected":false},"featured_media":40123,"comment_status":"open","ping_status":"closed","template":"","meta":[],"product_brand":[],"product_cat":[76],"product_tag":[1874,2051,565,654,528,1250,520,581,521,2076,335,344,450,2075,562,1021],"class_list":{"0":"post-40122","1":"product","2":"type-product","3":"status-publish","4":"has-post-thumbnail","6":"product_cat-yuzuk-modelleri","7":"product_tag-bold-ring","8":"product_tag-buyuk-yuzuk","9":"product_tag-designer-ring","10":"product_tag-diamond-ring","11":"product_tag-elegant-ring","12":"product_tag-gosterisli-yuzuk","13":"product_tag-kadin-yuzuk","14":"product_tag-modern-ring","15":"product_tag-modern-yuzuk","16":"product_tag-ozel-tasarim-yuzuk","17":"product_tag-pirlanta-yuzuk","18":"product_tag-sik-yuzuk","19":"product_tag-statement-ring","20":"product_tag-stone-ring","21":"product_tag-tasli-yuzuk","22":"product_tag-women-ring","23":"pa_cinsiyet-kadin","25":"first","26":"instock","27":"shipping-taxable","28":"purchasable","29":"product-type-simple"},"_links":{"self":[{"href":"https:\/\/www.gasia.com.tr\/en\/wp-json\/wp\/v2\/product\/40122","targetHints":{"allow":["GET"]}}],"collection":[{"href":"https:\/\/www.gasia.com.tr\/en\/wp-json\/wp\/v2\/product"}],"about":[{"href":"https:\/\/www.gasia.com.tr\/en\/wp-json\/wp\/v2\/types\/product"}],"replies":[{"embeddable":true,"href":"https:\/\/www.gasia.com.tr\/en\/wp-json\/wp\/v2\/comments?post=40122"}],"version-history":[{"count":3,"href":"https:\/\/www.gasia.com.tr\/en\/wp-json\/wp\/v2\/product\/40122\/revisions"}],"predecessor-version":[{"id":41987,"href":"https:\/\/www.gasia.com.tr\/en\/wp-json\/wp\/v2\/product\/40122\/revisions\/41987"}],"wp:featuredmedia":[{"embeddable":true,"href":"https:\/\/www.gasia.com.tr\/en\/wp-json\/wp\/v2\/media\/40123"}],"wp:attachment":[{"href":"https:\/\/www.gasia.com.tr\/en\/wp-json\/wp\/v2\/media?parent=40122"}],"wp:term":[{"taxonomy":"product_brand","embeddable":true,"href":"https:\/\/www.gasia.com.tr\/en\/wp-json\/wp\/v2\/product_brand?post=40122"},{"taxonomy":"product_cat","embeddable":true,"href":"https:\/\/www.gasia.com.tr\/en\/wp-json\/wp\/v2\/product_cat?post=40122"},{"taxonomy":"product_tag","embeddable":true,"href":"https:\/\/www.gasia.com.tr\/en\/wp-json\/wp\/v2\/product_tag?post=40122"}],"curies":[{"name":"wp","href":"https:\/\/api.w.org\/{rel}","templated":true}]}}