{"id":40125,"date":"2026-03-20T00:37:25","date_gmt":"2026-03-19T21:37:25","guid":{"rendered":"https:\/\/www.gasia.com.tr\/?post_type=product&#038;p=40125"},"modified":"2026-04-13T13:01:30","modified_gmt":"2026-04-13T10:01:30","slug":"athenanin-bilgeligi-baykus-figurlu-altin-kolye-2","status":"publish","type":"product","link":"https:\/\/www.gasia.com.tr\/en\/collections\/athenanin-bilgeligi-baykus-figurlu-altin-kolye-2\/","title":{"rendered":"Athena\u2019n\u0131n Bilgeli\u011fi \u2013 Bayku\u015f Fig\u00fcrl\u00fc Alt\u0131n Kolye"},"content":{"rendered":"<p>Bayku\u015f fig\u00fcr\u00fcyle tasarlanan bu kolye, antik ilhaml\u0131 detaylar\u0131 modern i\u015f\u00e7ilikle bir araya getirir. Merkezde yer alan kabartma form, bilgelik ve gizemi simgelerken; \u00e7evresindeki p\u0131rlanta dizilimi g\u00fc\u00e7l\u00fc bir \u0131\u015f\u0131lt\u0131 sunar. \u00dcst k\u0131s\u0131mdaki z\u00fcmr\u00fct detay tasar\u0131ma renk ve karakter katarken, okside tonlarla birle\u015fen alt\u0131n y\u00fczey kontrastl\u0131 ve dikkat \u00e7ekici bir g\u00f6r\u00fcn\u00fcm olu\u015fturur. G\u00fcnl\u00fck stilinize farkl\u0131l\u0131k katacak, ayn\u0131 zamanda koleksiyonluk de\u011fere sahip \u00f6zel bir par\u00e7ad\u0131r.<\/p>","protected":false},"excerpt":{"rendered":"<ul>\n<li>24 Ayar 995 Alt\u0131n<\/li>\n<li>18 Ayar 750 Alt\u0131n<\/li>\n<li>925 Ayar Okside G\u00fcm\u00fc\u015f<\/li>\n<li>0,61 ct P\u0131rlanta<\/li>\n<li>0,49 ct Baget Kesim Z\u00fcmr\u00fct<\/li>\n<li>45 cm Uzunlu\u011funda Zincir<\/li>\n<\/ul>","protected":false},"featured_media":41492,"comment_status":"open","ping_status":"closed","template":"","meta":[],"product_brand":[77],"product_cat":[75],"product_tag":[2078,1469,633,294,1408,1991,473,2079,1471,2080,483,276,489,634,1632,2077],"class_list":{"0":"post-40125","1":"product","2":"type-product","3":"status-publish","4":"has-post-thumbnail","6":"product_brand-gasia","7":"product_cat-kolye","8":"product_tag-antik-tasarim-kolye","9":"product_tag-baykus-kolye","10":"product_tag-designer-necklace","11":"product_tag-diamond-necklace","12":"product_tag-emerald-necklace","13":"product_tag-figurlu-kolye","14":"product_tag-kadin-kolye","15":"product_tag-okside-kolye","16":"product_tag-owl-necklace","17":"product_tag-oxidized-jewelry","18":"product_tag-ozel-tasarim-kolye","19":"product_tag-pirlanta-kolye","20":"product_tag-statement-necklace","21":"product_tag-vintage-style-necklace","22":"product_tag-women-necklace","23":"product_tag-zumrut-detayli-kolye","24":"pa_cinsiyet-kadin","26":"first","27":"instock","28":"shipping-taxable","29":"purchasable","30":"product-type-simple"},"_links":{"self":[{"href":"https:\/\/www.gasia.com.tr\/en\/wp-json\/wp\/v2\/product\/40125","targetHints":{"allow":["GET"]}}],"collection":[{"href":"https:\/\/www.gasia.com.tr\/en\/wp-json\/wp\/v2\/product"}],"about":[{"href":"https:\/\/www.gasia.com.tr\/en\/wp-json\/wp\/v2\/types\/product"}],"replies":[{"embeddable":true,"href":"https:\/\/www.gasia.com.tr\/en\/wp-json\/wp\/v2\/comments?post=40125"}],"version-history":[{"count":3,"href":"https:\/\/www.gasia.com.tr\/en\/wp-json\/wp\/v2\/product\/40125\/revisions"}],"predecessor-version":[{"id":41489,"href":"https:\/\/www.gasia.com.tr\/en\/wp-json\/wp\/v2\/product\/40125\/revisions\/41489"}],"wp:featuredmedia":[{"embeddable":true,"href":"https:\/\/www.gasia.com.tr\/en\/wp-json\/wp\/v2\/media\/41492"}],"wp:attachment":[{"href":"https:\/\/www.gasia.com.tr\/en\/wp-json\/wp\/v2\/media?parent=40125"}],"wp:term":[{"taxonomy":"product_brand","embeddable":true,"href":"https:\/\/www.gasia.com.tr\/en\/wp-json\/wp\/v2\/product_brand?post=40125"},{"taxonomy":"product_cat","embeddable":true,"href":"https:\/\/www.gasia.com.tr\/en\/wp-json\/wp\/v2\/product_cat?post=40125"},{"taxonomy":"product_tag","embeddable":true,"href":"https:\/\/www.gasia.com.tr\/en\/wp-json\/wp\/v2\/product_tag?post=40125"}],"curies":[{"name":"wp","href":"https:\/\/api.w.org\/{rel}","templated":true}]}}