{"id":40137,"date":"2026-03-20T00:58:43","date_gmt":"2026-03-19T21:58:43","guid":{"rendered":"https:\/\/www.gasia.com.tr\/?post_type=product&#038;p=40137"},"modified":"2026-04-02T16:03:03","modified_gmt":"2026-04-02T13:03:03","slug":"sari-ve-beyaz-pirlantali-avustralya-opalli-kelebek-kolye","status":"publish","type":"product","link":"https:\/\/www.gasia.com.tr\/en\/collections\/sari-ve-beyaz-pirlantali-avustralya-opalli-kelebek-kolye\/","title":{"rendered":"Sar\u0131 ve Beyaz P\u0131rlantal\u0131 Avustralya Opalli Kelebek Kolye"},"content":{"rendered":"<p>Kelebek formundan ilham alan bu zarif kolye, sar\u0131 ve beyaz p\u0131rlantalar\u0131n \u0131\u015f\u0131lt\u0131s\u0131n\u0131 Avustralya opalinin e\u015fsiz renk oyunlar\u0131yla bulu\u015fturur. I\u015f\u0131\u011fa g\u00f6re de\u011fi\u015fen opal ta\u015f detay\u0131 tasar\u0131ma canl\u0131l\u0131k katarken, ince i\u015f\u00e7ilikle haz\u0131rlanm\u0131\u015f p\u0131rlanta y\u00fczeyler kolyeye g\u00f6z al\u0131c\u0131 bir parlakl\u0131k kazand\u0131r\u0131r. G\u00fcnl\u00fck \u015f\u0131kl\u0131\u011f\u0131 tamamlayan bu \u00f6zel par\u00e7a, ayn\u0131 zamanda anlaml\u0131 ve dikkat \u00e7ekici bir hediye alternatifi sunar.<\/p>","protected":false},"excerpt":{"rendered":"<ul>\n<li>18 Ayar Alt\u0131n<\/li>\n<li>0,22 ct 36 adet Sar\u0131 P\u0131rlanta<\/li>\n<li>0,24 ct 42 adet Beyaz P\u0131rlanta<\/li>\n<li>0,15 ct Avustralya Opal<\/li>\n<li>42 cm uzunlu\u011funda zincir<\/li>\n<\/ul>","protected":false},"featured_media":40138,"comment_status":"open","ping_status":"closed","template":"","meta":[],"product_brand":[77],"product_cat":[75],"product_tag":[278,2088,2087,1762,294,1637,322,473,1761,2085,2086,276,2089,1632,2090,476],"class_list":{"0":"post-40137","1":"product","2":"type-product","3":"status-publish","4":"has-post-thumbnail","6":"product_brand-gasia","7":"product_cat-kolye","8":"product_tag-altin-kolye","9":"product_tag-australian-opal-necklace","10":"product_tag-avustralya-opal-kolye","11":"product_tag-butterfly-necklace","12":"product_tag-diamond-necklace","13":"product_tag-elegant-necklace","14":"product_tag-gold-necklace","15":"product_tag-kadin-kolye","16":"product_tag-kelebek-kolye","17":"product_tag-opal-kolye","18":"product_tag-opal-necklace","19":"product_tag-pirlanta-kolye","20":"product_tag-sari-beyaz-pirlanta","21":"product_tag-women-necklace","22":"product_tag-yellow-white-diamond","23":"product_tag-zarif-kolye","24":"pa_cinsiyet-kadin","26":"first","27":"instock","28":"shipping-taxable","29":"purchasable","30":"product-type-simple"},"_links":{"self":[{"href":"https:\/\/www.gasia.com.tr\/en\/wp-json\/wp\/v2\/product\/40137","targetHints":{"allow":["GET"]}}],"collection":[{"href":"https:\/\/www.gasia.com.tr\/en\/wp-json\/wp\/v2\/product"}],"about":[{"href":"https:\/\/www.gasia.com.tr\/en\/wp-json\/wp\/v2\/types\/product"}],"replies":[{"embeddable":true,"href":"https:\/\/www.gasia.com.tr\/en\/wp-json\/wp\/v2\/comments?post=40137"}],"version-history":[{"count":2,"href":"https:\/\/www.gasia.com.tr\/en\/wp-json\/wp\/v2\/product\/40137\/revisions"}],"predecessor-version":[{"id":41311,"href":"https:\/\/www.gasia.com.tr\/en\/wp-json\/wp\/v2\/product\/40137\/revisions\/41311"}],"wp:featuredmedia":[{"embeddable":true,"href":"https:\/\/www.gasia.com.tr\/en\/wp-json\/wp\/v2\/media\/40138"}],"wp:attachment":[{"href":"https:\/\/www.gasia.com.tr\/en\/wp-json\/wp\/v2\/media?parent=40137"}],"wp:term":[{"taxonomy":"product_brand","embeddable":true,"href":"https:\/\/www.gasia.com.tr\/en\/wp-json\/wp\/v2\/product_brand?post=40137"},{"taxonomy":"product_cat","embeddable":true,"href":"https:\/\/www.gasia.com.tr\/en\/wp-json\/wp\/v2\/product_cat?post=40137"},{"taxonomy":"product_tag","embeddable":true,"href":"https:\/\/www.gasia.com.tr\/en\/wp-json\/wp\/v2\/product_tag?post=40137"}],"curies":[{"name":"wp","href":"https:\/\/api.w.org\/{rel}","templated":true}]}}