{"id":40141,"date":"2025-12-25T00:00:00","date_gmt":"2025-12-24T21:00:00","guid":{"rendered":"https:\/\/www.gasia.com.tr\/?post_type=product&#038;p=40141"},"modified":"2026-03-30T16:38:49","modified_gmt":"2026-03-30T13:38:49","slug":"orgu-form-gumus-halka-kupe-ve-altin-kartal-figur-detay","status":"publish","type":"product","link":"https:\/\/www.gasia.com.tr\/en\/collections\/orgu-form-gumus-halka-kupe-ve-altin-kartal-figur-detay\/","title":{"rendered":"\u00d6rg\u00fc Form G\u00fcm\u00fc\u015f Halka K\u00fcpe ve Alt\u0131n Kartal Fig\u00fcr Detay"},"content":{"rendered":"<p>\u00d6rg\u00fc dokulu y\u00fczeyiyle g\u00fc\u00e7l\u00fc bir stil sunan bu halka k\u00fcpe, dikkat \u00e7ekici detaylar\u0131yla \u00f6ne \u00e7\u0131kar. Okside g\u00fcm\u00fc\u015f g\u00f6r\u00fcn\u00fcm \u00fczerine yerle\u015ftirilen alt\u0131n kartal fig\u00fcr\u00fc tasar\u0131ma karakter ve sembolik bir vurgu kazand\u0131r\u0131r. Hafif yap\u0131s\u0131 ve dengeli formu sayesinde g\u00fcn boyu konforlu kullan\u0131m sunarken, hem g\u00fcnl\u00fck kombinlere hem daha iddial\u0131 stillere kolayca uyum sa\u011flar.<\/p>","protected":false},"excerpt":{"rendered":"<p>\u00d6rg\u00fc dokulu y\u00fczeyiyle g\u00fc\u00e7l\u00fc bir stil sunan bu halka k\u00fcpe, dikkat \u00e7ekici detaylar\u0131yla \u00f6ne \u00e7\u0131kar. Okside g\u00fcm\u00fc\u015f g\u00f6r\u00fcn\u00fcm \u00fczerine yerle\u015ftirilen<\/p>","protected":false},"featured_media":40144,"comment_status":"open","ping_status":"closed","template":"","meta":[],"product_brand":[],"product_cat":[74],"product_tag":[393,2092,2093,1574,2002,1686,1588,395,1566,2094,1583,392,2091,1593,815,1596],"class_list":{"0":"post-40141","1":"product","2":"type-product","3":"status-publish","4":"has-post-thumbnail","6":"product_cat-kupe-modelleri","7":"product_tag-altin-detayli-kupe","8":"product_tag-braided-hoop-earrings","9":"product_tag-buyuk-halka-kupe","10":"product_tag-designer-earrings","11":"product_tag-eagle-earrings","12":"product_tag-gold-detail-earrings","13":"product_tag-gumus-halka-kupe","14":"product_tag-kadin-kupe","15":"product_tag-kartal-figurlu-kupe","16":"product_tag-large-hoop-earrings","17":"product_tag-modern-earrings","18":"product_tag-modern-kupe","19":"product_tag-orgu-halka-kupe","20":"product_tag-silver-hoop-earrings","21":"product_tag-tasarim-kupe","22":"product_tag-women-earrings","23":"pa_cinsiyet-kadin","25":"first","26":"instock","27":"shipping-taxable","28":"product-type-simple"},"_links":{"self":[{"href":"https:\/\/www.gasia.com.tr\/en\/wp-json\/wp\/v2\/product\/40141","targetHints":{"allow":["GET"]}}],"collection":[{"href":"https:\/\/www.gasia.com.tr\/en\/wp-json\/wp\/v2\/product"}],"about":[{"href":"https:\/\/www.gasia.com.tr\/en\/wp-json\/wp\/v2\/types\/product"}],"replies":[{"embeddable":true,"href":"https:\/\/www.gasia.com.tr\/en\/wp-json\/wp\/v2\/comments?post=40141"}],"version-history":[{"count":1,"href":"https:\/\/www.gasia.com.tr\/en\/wp-json\/wp\/v2\/product\/40141\/revisions"}],"predecessor-version":[{"id":40143,"href":"https:\/\/www.gasia.com.tr\/en\/wp-json\/wp\/v2\/product\/40141\/revisions\/40143"}],"wp:featuredmedia":[{"embeddable":true,"href":"https:\/\/www.gasia.com.tr\/en\/wp-json\/wp\/v2\/media\/40144"}],"wp:attachment":[{"href":"https:\/\/www.gasia.com.tr\/en\/wp-json\/wp\/v2\/media?parent=40141"}],"wp:term":[{"taxonomy":"product_brand","embeddable":true,"href":"https:\/\/www.gasia.com.tr\/en\/wp-json\/wp\/v2\/product_brand?post=40141"},{"taxonomy":"product_cat","embeddable":true,"href":"https:\/\/www.gasia.com.tr\/en\/wp-json\/wp\/v2\/product_cat?post=40141"},{"taxonomy":"product_tag","embeddable":true,"href":"https:\/\/www.gasia.com.tr\/en\/wp-json\/wp\/v2\/product_tag?post=40141"}],"curies":[{"name":"wp","href":"https:\/\/api.w.org\/{rel}","templated":true}]}}