{"id":40145,"date":"2026-03-20T22:02:35","date_gmt":"2026-03-20T19:02:35","guid":{"rendered":"https:\/\/www.gasia.com.tr\/?post_type=product&#038;p=40145"},"modified":"2026-04-13T12:57:19","modified_gmt":"2026-04-13T09:57:19","slug":"pirlanta-detayli-rose-gold-petek-form-yuzuk","status":"publish","type":"product","link":"https:\/\/www.gasia.com.tr\/en\/collections\/pirlanta-detayli-rose-gold-petek-form-yuzuk\/","title":{"rendered":"P\u0131rlanta Detayl\u0131 Rose Gold Petek Form Y\u00fcz\u00fck"},"content":{"rendered":"<p>Petek formundan ilham alan bu \u00f6zg\u00fcn y\u00fcz\u00fck, rose gold tonuyla modern ve iddial\u0131 bir g\u00f6r\u00fcn\u00fcm sunar. \u0130nce i\u015f\u00e7ilikle olu\u015fturulmu\u015f a\u00e7\u0131k form yap\u0131s\u0131 ve zarif p\u0131rlanta dokunu\u015flar\u0131, tasar\u0131ma hafiflik ve \u0131\u015f\u0131lt\u0131 katar. G\u00fcnl\u00fck stilinize farkl\u0131 bir karakter katmak i\u00e7in dikkat \u00e7ekici bir par\u00e7ad\u0131r.<\/p>","protected":false},"excerpt":{"rendered":"<ul>\n<li>18 Ayar Alt\u0131n<\/li>\n<li>0,90 ct P\u0131rlanta<\/li>\n<\/ul>","protected":false},"featured_media":40146,"comment_status":"open","ping_status":"closed","template":"","meta":[],"product_brand":[77],"product_cat":[76],"product_tag":[289,565,654,528,577,2096,520,581,521,2095,335,701,686,344,340,1021],"class_list":{"0":"post-40145","1":"product","2":"type-product","3":"status-publish","4":"has-post-thumbnail","6":"product_brand-gasia","7":"product_cat-yuzuk-modelleri","8":"product_tag-altin-yuzuk","9":"product_tag-designer-ring","10":"product_tag-diamond-ring","11":"product_tag-elegant-ring","12":"product_tag-gold-ring","13":"product_tag-honeycomb-ring","14":"product_tag-kadin-yuzuk","15":"product_tag-modern-ring","16":"product_tag-modern-yuzuk","17":"product_tag-petek-yuzuk","18":"product_tag-pirlanta-yuzuk","19":"product_tag-rose-gold-ring","20":"product_tag-rose-gold-yuzuk","21":"product_tag-sik-yuzuk","22":"product_tag-tasarim-yuzuk","23":"product_tag-women-ring","24":"pa_cinsiyet-kadin","26":"first","27":"instock","28":"shipping-taxable","29":"purchasable","30":"product-type-simple"},"_links":{"self":[{"href":"https:\/\/www.gasia.com.tr\/en\/wp-json\/wp\/v2\/product\/40145","targetHints":{"allow":["GET"]}}],"collection":[{"href":"https:\/\/www.gasia.com.tr\/en\/wp-json\/wp\/v2\/product"}],"about":[{"href":"https:\/\/www.gasia.com.tr\/en\/wp-json\/wp\/v2\/types\/product"}],"replies":[{"embeddable":true,"href":"https:\/\/www.gasia.com.tr\/en\/wp-json\/wp\/v2\/comments?post=40145"}],"version-history":[{"count":2,"href":"https:\/\/www.gasia.com.tr\/en\/wp-json\/wp\/v2\/product\/40145\/revisions"}],"predecessor-version":[{"id":41985,"href":"https:\/\/www.gasia.com.tr\/en\/wp-json\/wp\/v2\/product\/40145\/revisions\/41985"}],"wp:featuredmedia":[{"embeddable":true,"href":"https:\/\/www.gasia.com.tr\/en\/wp-json\/wp\/v2\/media\/40146"}],"wp:attachment":[{"href":"https:\/\/www.gasia.com.tr\/en\/wp-json\/wp\/v2\/media?parent=40145"}],"wp:term":[{"taxonomy":"product_brand","embeddable":true,"href":"https:\/\/www.gasia.com.tr\/en\/wp-json\/wp\/v2\/product_brand?post=40145"},{"taxonomy":"product_cat","embeddable":true,"href":"https:\/\/www.gasia.com.tr\/en\/wp-json\/wp\/v2\/product_cat?post=40145"},{"taxonomy":"product_tag","embeddable":true,"href":"https:\/\/www.gasia.com.tr\/en\/wp-json\/wp\/v2\/product_tag?post=40145"}],"curies":[{"name":"wp","href":"https:\/\/api.w.org\/{rel}","templated":true}]}}