{"id":40148,"date":"2026-01-31T00:00:00","date_gmt":"2026-01-30T21:00:00","guid":{"rendered":"https:\/\/www.gasia.com.tr\/?post_type=product&#038;p=40148"},"modified":"2026-03-21T19:46:01","modified_gmt":"2026-03-21T16:46:01","slug":"opal-tasli-ve-pirlanta-detayli-kartal-figur-kolye","status":"publish","type":"product","link":"https:\/\/www.gasia.com.tr\/en\/collections\/opal-tasli-ve-pirlanta-detayli-kartal-figur-kolye\/","title":{"rendered":"Opal Ta\u015fl\u0131 ve P\u0131rlanta Detayl\u0131 Kartal Fig\u00fcr Kolye"},"content":{"rendered":"<p>Kartal fig\u00fcr\u00fcyle tasarlanan bu kolye, merkezde yer alan opal ta\u015f ve \u00e7evresindeki p\u0131rlanta detaylarla dikkat \u00e7eker. Okside y\u00fczey tasar\u0131ma g\u00fc\u00e7l\u00fc bir karakter kazand\u0131r\u0131rken, ince zinciriyle dengeli bir kullan\u0131m sunar. G\u00fcnl\u00fck stilinize farkl\u0131 bir dokunu\u015f katmak i\u00e7in ideal bir par\u00e7ad\u0131r.<\/p>","protected":false},"excerpt":{"rendered":"<p>Kartal fig\u00fcr\u00fcyle tasarlanan bu kolye, merkezde yer alan opal ta\u015f ve \u00e7evresindeki p\u0131rlanta detaylarla dikkat \u00e7eker. Okside y\u00fczey tasar\u0131ma g\u00fc\u00e7l\u00fc<\/p>","protected":false},"featured_media":40149,"comment_status":"open","ping_status":"closed","template":"","meta":[],"product_brand":[],"product_cat":[75],"product_tag":[1476,633,294,1487,811,1647,473,1484,277,1993,2085,2086,276,274,329,1632],"class_list":{"0":"post-40148","1":"product","2":"type-product","3":"status-publish","4":"has-post-thumbnail","6":"product_cat-kolye","7":"product_tag-altin-zincir-kolye","8":"product_tag-designer-necklace","9":"product_tag-diamond-necklace","10":"product_tag-eagle-necklace","11":"product_tag-gemstone-necklace","12":"product_tag-gold-chain-necklace","13":"product_tag-kadin-kolye","14":"product_tag-kartal-kolye","15":"product_tag-modern-kolye","16":"product_tag-modern-necklace","17":"product_tag-opal-kolye","18":"product_tag-opal-necklace","19":"product_tag-pirlanta-kolye","20":"product_tag-tasarim-kolye","21":"product_tag-tasli-kolye","22":"product_tag-women-necklace","23":"pa_cinsiyet-kadin","25":"first","26":"instock","27":"shipping-taxable","28":"product-type-simple"},"_links":{"self":[{"href":"https:\/\/www.gasia.com.tr\/en\/wp-json\/wp\/v2\/product\/40148","targetHints":{"allow":["GET"]}}],"collection":[{"href":"https:\/\/www.gasia.com.tr\/en\/wp-json\/wp\/v2\/product"}],"about":[{"href":"https:\/\/www.gasia.com.tr\/en\/wp-json\/wp\/v2\/types\/product"}],"replies":[{"embeddable":true,"href":"https:\/\/www.gasia.com.tr\/en\/wp-json\/wp\/v2\/comments?post=40148"}],"version-history":[{"count":2,"href":"https:\/\/www.gasia.com.tr\/en\/wp-json\/wp\/v2\/product\/40148\/revisions"}],"predecessor-version":[{"id":40151,"href":"https:\/\/www.gasia.com.tr\/en\/wp-json\/wp\/v2\/product\/40148\/revisions\/40151"}],"wp:featuredmedia":[{"embeddable":true,"href":"https:\/\/www.gasia.com.tr\/en\/wp-json\/wp\/v2\/media\/40149"}],"wp:attachment":[{"href":"https:\/\/www.gasia.com.tr\/en\/wp-json\/wp\/v2\/media?parent=40148"}],"wp:term":[{"taxonomy":"product_brand","embeddable":true,"href":"https:\/\/www.gasia.com.tr\/en\/wp-json\/wp\/v2\/product_brand?post=40148"},{"taxonomy":"product_cat","embeddable":true,"href":"https:\/\/www.gasia.com.tr\/en\/wp-json\/wp\/v2\/product_cat?post=40148"},{"taxonomy":"product_tag","embeddable":true,"href":"https:\/\/www.gasia.com.tr\/en\/wp-json\/wp\/v2\/product_tag?post=40148"}],"curies":[{"name":"wp","href":"https:\/\/api.w.org\/{rel}","templated":true}]}}