{"id":40152,"date":"2026-01-31T00:00:00","date_gmt":"2026-01-30T21:00:00","guid":{"rendered":"https:\/\/www.gasia.com.tr\/?post_type=product&#038;p=40152"},"modified":"2026-03-21T19:44:56","modified_gmt":"2026-03-21T16:44:56","slug":"pembe-turmalin-tasli-renkli-ve-beyaz-pirlanta-kus-kolye","status":"publish","type":"product","link":"https:\/\/www.gasia.com.tr\/en\/collections\/pembe-turmalin-tasli-renkli-ve-beyaz-pirlanta-kus-kolye\/","title":{"rendered":"Pembe Turmalin Ta\u015fl\u0131 Renkli ve Beyaz P\u0131rlanta Ku\u015f Kolye"},"content":{"rendered":"<p>U\u00e7an ku\u015f formunda tasarlanan bu kolye, pembe turmalin ta\u015f\u0131 ve renkli-beyaz p\u0131rlanta detaylar\u0131yla dikkat \u00e7eker. Yakut ta\u015fl\u0131 g\u00f6z detay\u0131 tasar\u0131ma karakter katar. G\u00fcnl\u00fck ve \u00f6zel kombinlerde fark yaratan bir par\u00e7ad\u0131r.<\/p>","protected":false},"excerpt":{"rendered":"<p>U\u00e7an ku\u015f formunda tasarlanan bu kolye, pembe turmalin ta\u015f\u0131 ve renkli-beyaz p\u0131rlanta detaylar\u0131yla dikkat \u00e7eker. Yakut ta\u015fl\u0131 g\u00f6z detay\u0131 tasar\u0131ma<\/p>","protected":false},"featured_media":40153,"comment_status":"open","ping_status":"closed","template":"","meta":[],"product_brand":[],"product_cat":[75],"product_tag":[752,2098,629,633,294,1637,811,480,473,2042,626,1481,2097,2100,276,1474,2101,474,274,329,1452,2047,1632,2099],"class_list":{"0":"post-40152","1":"product","2":"type-product","3":"status-publish","4":"has-post-thumbnail","6":"product_cat-kolye","7":"product_tag-animal-necklace","8":"product_tag-beyaz-pirlanta-kolye","9":"product_tag-bird-necklace","10":"product_tag-designer-necklace","11":"product_tag-diamond-necklace","12":"product_tag-elegant-necklace","13":"product_tag-gemstone-necklace","14":"product_tag-hayvan-figurlu-kolye","15":"product_tag-kadin-kolye","16":"product_tag-kadin-taki","17":"product_tag-kus-kolye","18":"product_tag-multicolor-diamond-necklace","19":"product_tag-pembe-turmalin-kolye","20":"product_tag-pink-tourmaline-necklace","21":"product_tag-pirlanta-kolye","22":"product_tag-renkli-pirlanta-kolye","23":"product_tag-ruby-detail-necklace","24":"product_tag-sik-kolye","25":"product_tag-tasarim-kolye","26":"product_tag-tasli-kolye","27":"product_tag-white-diamond-necklace","28":"product_tag-women-jewelry","29":"product_tag-women-necklace","30":"product_tag-yakut-detayli-kolye","31":"pa_cinsiyet-kadin","33":"first","34":"instock","35":"shipping-taxable","36":"product-type-simple"},"_links":{"self":[{"href":"https:\/\/www.gasia.com.tr\/en\/wp-json\/wp\/v2\/product\/40152","targetHints":{"allow":["GET"]}}],"collection":[{"href":"https:\/\/www.gasia.com.tr\/en\/wp-json\/wp\/v2\/product"}],"about":[{"href":"https:\/\/www.gasia.com.tr\/en\/wp-json\/wp\/v2\/types\/product"}],"replies":[{"embeddable":true,"href":"https:\/\/www.gasia.com.tr\/en\/wp-json\/wp\/v2\/comments?post=40152"}],"version-history":[{"count":2,"href":"https:\/\/www.gasia.com.tr\/en\/wp-json\/wp\/v2\/product\/40152\/revisions"}],"predecessor-version":[{"id":40155,"href":"https:\/\/www.gasia.com.tr\/en\/wp-json\/wp\/v2\/product\/40152\/revisions\/40155"}],"wp:featuredmedia":[{"embeddable":true,"href":"https:\/\/www.gasia.com.tr\/en\/wp-json\/wp\/v2\/media\/40153"}],"wp:attachment":[{"href":"https:\/\/www.gasia.com.tr\/en\/wp-json\/wp\/v2\/media?parent=40152"}],"wp:term":[{"taxonomy":"product_brand","embeddable":true,"href":"https:\/\/www.gasia.com.tr\/en\/wp-json\/wp\/v2\/product_brand?post=40152"},{"taxonomy":"product_cat","embeddable":true,"href":"https:\/\/www.gasia.com.tr\/en\/wp-json\/wp\/v2\/product_cat?post=40152"},{"taxonomy":"product_tag","embeddable":true,"href":"https:\/\/www.gasia.com.tr\/en\/wp-json\/wp\/v2\/product_tag?post=40152"}],"curies":[{"name":"wp","href":"https:\/\/api.w.org\/{rel}","templated":true}]}}