{"id":40157,"date":"2026-03-21T19:25:24","date_gmt":"2026-03-21T16:25:24","guid":{"rendered":"https:\/\/www.gasia.com.tr\/?post_type=product&#038;p=40157"},"modified":"2026-04-02T15:59:22","modified_gmt":"2026-04-02T12:59:22","slug":"barok-inci-ve-pirlanta-tavsan-kolye","status":"publish","type":"product","link":"https:\/\/www.gasia.com.tr\/en\/collections\/barok-inci-ve-pirlanta-tavsan-kolye\/","title":{"rendered":"Barok \u0130nci ve P\u0131rlanta Tav\u015fan Kolye"},"content":{"rendered":"<p>Barok inci g\u00f6vde \u00fczerine tasarlanan tav\u015fan formu, p\u0131rlanta detaylarla tamamlan\u0131r. E\u011flenceli ve dikkat \u00e7ekici bir kolyedir<\/p>","protected":false},"excerpt":{"rendered":"<ul>\n<li>14 Ayar Alt\u0131n<\/li>\n<li>925 Ayar Okside G\u00fcm\u00fc\u015f<\/li>\n<li>0,02 ct Mavi P\u0131rlanta<\/li>\n<li>0,67 ct P\u0131rlanta<\/li>\n<li>45 cm uzunlu\u011funda zincir<\/li>\n<\/ul>\n<p>&nbsp;<\/p>","protected":false},"featured_media":40158,"comment_status":"open","ping_status":"closed","template":"","meta":[],"product_brand":[],"product_cat":[75],"product_tag":[2968,278,752,2972,2103,2106,2979,2967,633,294,1994,2761,2971,2762,1637,2975,2070,1991,811,1995,480,1640,2102,1847,2977,2648,473,2042,2969,477,273,2980,277,483,2105,472,276,1405,2976,2107,2970,2978,474,274,329,2966,2104,2974,2073,2047,1632,476,2973],"class_list":{"0":"post-40157","1":"product","2":"type-product","3":"status-publish","4":"has-post-thumbnail","6":"product_cat-kolye","7":"product_tag-altin-inci-kolye","8":"product_tag-altin-kolye","9":"product_tag-animal-necklace","10":"product_tag-anneler-gunu-hediyesi","11":"product_tag-barok-inci-kolye","12":"product_tag-baroque-pearl-necklace","13":"product_tag-benzersiz-kolye","14":"product_tag-butik-taki","15":"product_tag-designer-necklace","16":"product_tag-diamond-necklace","17":"product_tag-dikkat-cekici-kolye","18":"product_tag-dogal-inci-kolye","19":"product_tag-dogum-gunu-hediyesi","20":"product_tag-el-yapimi-kolye","21":"product_tag-elegant-necklace","22":"product_tag-estetik-kolye","23":"product_tag-farkli-kolye","24":"product_tag-figurlu-kolye","25":"product_tag-gemstone-necklace","26":"product_tag-gunluk-kolye","27":"product_tag-hayvan-figurlu-kolye","28":"product_tag-hediye-kolye","29":"product_tag-inci-kolye","30":"product_tag-inci-taki","31":"product_tag-inci-taki-seti","32":"product_tag-kadin-aksesuar","33":"product_tag-kadin-kolye","34":"product_tag-kadin-taki","35":"product_tag-kadinlara-hediye","36":"product_tag-luks-kolye","37":"product_tag-minimal-kolye","38":"product_tag-moda-taki","39":"product_tag-modern-kolye","40":"product_tag-ozel-tasarim-kolye","41":"product_tag-pearl-necklace","42":"product_tag-pirlanta-detayli-kolye","43":"product_tag-pirlanta-kolye","44":"product_tag-pirlantali-kolye","45":"product_tag-premium-kolye","46":"product_tag-rabbit-necklace","47":"product_tag-sevgiliye-hediye","48":"product_tag-sik-aksesuar","49":"product_tag-sik-kolye","50":"product_tag-tasarim-kolye","51":"product_tag-tasli-kolye","52":"product_tag-tavsan-figurlu-kolye","53":"product_tag-tavsan-kolye","54":"product_tag-trend-kolye","55":"product_tag-unique-necklace","56":"product_tag-women-jewelry","57":"product_tag-women-necklace","58":"product_tag-zarif-kolye","59":"product_tag-zarif-taki","60":"pa_cinsiyet-kadin","62":"first","63":"instock","64":"shipping-taxable","65":"purchasable","66":"product-type-simple"},"_links":{"self":[{"href":"https:\/\/www.gasia.com.tr\/en\/wp-json\/wp\/v2\/product\/40157","targetHints":{"allow":["GET"]}}],"collection":[{"href":"https:\/\/www.gasia.com.tr\/en\/wp-json\/wp\/v2\/product"}],"about":[{"href":"https:\/\/www.gasia.com.tr\/en\/wp-json\/wp\/v2\/types\/product"}],"replies":[{"embeddable":true,"href":"https:\/\/www.gasia.com.tr\/en\/wp-json\/wp\/v2\/comments?post=40157"}],"version-history":[{"count":2,"href":"https:\/\/www.gasia.com.tr\/en\/wp-json\/wp\/v2\/product\/40157\/revisions"}],"predecessor-version":[{"id":41309,"href":"https:\/\/www.gasia.com.tr\/en\/wp-json\/wp\/v2\/product\/40157\/revisions\/41309"}],"wp:featuredmedia":[{"embeddable":true,"href":"https:\/\/www.gasia.com.tr\/en\/wp-json\/wp\/v2\/media\/40158"}],"wp:attachment":[{"href":"https:\/\/www.gasia.com.tr\/en\/wp-json\/wp\/v2\/media?parent=40157"}],"wp:term":[{"taxonomy":"product_brand","embeddable":true,"href":"https:\/\/www.gasia.com.tr\/en\/wp-json\/wp\/v2\/product_brand?post=40157"},{"taxonomy":"product_cat","embeddable":true,"href":"https:\/\/www.gasia.com.tr\/en\/wp-json\/wp\/v2\/product_cat?post=40157"},{"taxonomy":"product_tag","embeddable":true,"href":"https:\/\/www.gasia.com.tr\/en\/wp-json\/wp\/v2\/product_tag?post=40157"}],"curies":[{"name":"wp","href":"https:\/\/api.w.org\/{rel}","templated":true}]}}