{"id":40160,"date":"2026-03-21T19:27:23","date_gmt":"2026-03-21T16:27:23","guid":{"rendered":"https:\/\/www.gasia.com.tr\/?post_type=product&#038;p=40160"},"modified":"2026-04-02T15:34:11","modified_gmt":"2026-04-02T12:34:11","slug":"firuze-tasli-hamsa-el-kolye","status":"publish","type":"product","link":"https:\/\/www.gasia.com.tr\/en\/collections\/firuze-tasli-hamsa-el-kolye\/","title":{"rendered":"Firuze Ta\u015fl\u0131 Hamsa El Kolye"},"content":{"rendered":"<p>Firuze ta\u015f detayl\u0131 Hamsa el formu kolye, ortas\u0131nda kalp formuyla \u00f6ne \u00e7\u0131kar. \u0130\u015flemeli y\u00fczeyi ve kontrast metal rengi ile dikkat \u00e7eken bir tasar\u0131md\u0131r.<\/p>\n<p>Fatima\u2019n\u0131n Eli, y\u00fczy\u0131llard\u0131r nazara kar\u015f\u0131 koruyucu, \u015fans ve bereket getiren g\u00fc\u00e7l\u00fc bir sembol olarak bilinir. Zarif tasar\u0131m\u0131yla hem stilinizi tamamlar hem de anlaml\u0131 bir enerji ta\u015f\u0131r. G\u00fcnl\u00fck kombinlerden \u00f6zel g\u00fcnlere kadar her an\u0131n\u0131za \u0131\u015f\u0131lt\u0131 ve anlam katmak i\u00e7in tasarlanm\u0131\u015ft\u0131r<\/p>","protected":false},"excerpt":{"rendered":"<ul>\n<li>14 Ayar 995 saf Alt\u0131n<\/li>\n<li>14 ayar 585 alt\u0131n<\/li>\n<li>925 ayar okside g\u00fcm\u00fc\u015f<\/li>\n<li>0,56 ct P\u0131rlanta<\/li>\n<li>9,97 ct kalp kesim firuze<\/li>\n<li>2,93 ct yuvarlak firuze<\/li>\n<li>50 cm uzunlu\u011funda zincir<\/li>\n<\/ul>","protected":false},"featured_media":40224,"comment_status":"open","ping_status":"closed","template":"","meta":[],"product_brand":[77],"product_cat":[75],"product_tag":[2117,2112,2108,2116,2110,2114,2070,747,1093,811,749,744,2113,2115,473,2042,2109,2111,489,329,1095,2073,2047,1632],"class_list":{"0":"post-40160","1":"product","2":"type-product","3":"status-publish","4":"has-post-thumbnail","6":"product_brand-gasia","7":"product_cat-kolye","8":"product_tag-boho-necklace","9":"product_tag-desenli-kolye","10":"product_tag-el-kolye","11":"product_tag-ethnic-necklace","12":"product_tag-etnik-kolye","13":"product_tag-evil-eye-protection-necklace","14":"product_tag-farkli-kolye","15":"product_tag-fatma-ana-eli-kolye","16":"product_tag-firuze-kolye","17":"product_tag-gemstone-necklace","18":"product_tag-hamsa-kolye","19":"product_tag-hamsa-necklace","20":"product_tag-hand-necklace","21":"product_tag-heart-necklace","22":"product_tag-kadin-kolye","23":"product_tag-kadin-taki","24":"product_tag-kalpli-kolye","25":"product_tag-otantik-kolye","26":"product_tag-statement-necklace","27":"product_tag-tasli-kolye","28":"product_tag-turquoise-necklace","29":"product_tag-unique-necklace","30":"product_tag-women-jewelry","31":"product_tag-women-necklace","32":"pa_cinsiyet-kadin","34":"first","35":"instock","36":"shipping-taxable","37":"purchasable","38":"product-type-simple"},"_links":{"self":[{"href":"https:\/\/www.gasia.com.tr\/en\/wp-json\/wp\/v2\/product\/40160","targetHints":{"allow":["GET"]}}],"collection":[{"href":"https:\/\/www.gasia.com.tr\/en\/wp-json\/wp\/v2\/product"}],"about":[{"href":"https:\/\/www.gasia.com.tr\/en\/wp-json\/wp\/v2\/types\/product"}],"replies":[{"embeddable":true,"href":"https:\/\/www.gasia.com.tr\/en\/wp-json\/wp\/v2\/comments?post=40160"}],"version-history":[{"count":2,"href":"https:\/\/www.gasia.com.tr\/en\/wp-json\/wp\/v2\/product\/40160\/revisions"}],"predecessor-version":[{"id":41296,"href":"https:\/\/www.gasia.com.tr\/en\/wp-json\/wp\/v2\/product\/40160\/revisions\/41296"}],"wp:featuredmedia":[{"embeddable":true,"href":"https:\/\/www.gasia.com.tr\/en\/wp-json\/wp\/v2\/media\/40224"}],"wp:attachment":[{"href":"https:\/\/www.gasia.com.tr\/en\/wp-json\/wp\/v2\/media?parent=40160"}],"wp:term":[{"taxonomy":"product_brand","embeddable":true,"href":"https:\/\/www.gasia.com.tr\/en\/wp-json\/wp\/v2\/product_brand?post=40160"},{"taxonomy":"product_cat","embeddable":true,"href":"https:\/\/www.gasia.com.tr\/en\/wp-json\/wp\/v2\/product_cat?post=40160"},{"taxonomy":"product_tag","embeddable":true,"href":"https:\/\/www.gasia.com.tr\/en\/wp-json\/wp\/v2\/product_tag?post=40160"}],"curies":[{"name":"wp","href":"https:\/\/api.w.org\/{rel}","templated":true}]}}