{"id":40164,"date":"2025-10-14T00:00:00","date_gmt":"2025-10-13T21:00:00","guid":{"rendered":"https:\/\/www.gasia.com.tr\/?post_type=product&#038;p=40164"},"modified":"2026-03-30T22:36:00","modified_gmt":"2026-03-30T19:36:00","slug":"barok-inci-ve-pirlanta-balik-kolye","status":"publish","type":"product","link":"https:\/\/www.gasia.com.tr\/en\/collections\/barok-inci-ve-pirlanta-balik-kolye\/","title":{"rendered":"Barok \u0130nci ve P\u0131rlanta Bal\u0131k Kolye"},"content":{"rendered":"<p>Barok inci g\u00f6vdeye sahip bal\u0131k formu kolye, p\u0131rlanta detaylarla hareket kazan\u0131r. Farkl\u0131 tasar\u0131m\u0131yla \u00f6ne \u00e7\u0131kan dikkat \u00e7ekici bir par\u00e7ad\u0131r.<\/p>","protected":false},"excerpt":{"rendered":"<p>Barok inci g\u00f6vdeye sahip bal\u0131k formu kolye, p\u0131rlanta detaylarla hareket kazan\u0131r. Farkl\u0131 tasar\u0131m\u0131yla \u00f6ne \u00e7\u0131kan dikkat \u00e7ekici bir par\u00e7ad\u0131r.<\/p>","protected":false},"featured_media":40165,"comment_status":"open","ping_status":"closed","template":"","meta":[],"product_brand":[],"product_cat":[75],"product_tag":[752,470,2103,2106,633,294,2070,1755,811,480,2102,1847,473,2042,2118,2105,276,489,274,329,2073,1632],"class_list":{"0":"post-40164","1":"product","2":"type-product","3":"status-publish","4":"has-post-thumbnail","6":"product_cat-kolye","7":"product_tag-animal-necklace","8":"product_tag-balik-kolye","9":"product_tag-barok-inci-kolye","10":"product_tag-baroque-pearl-necklace","11":"product_tag-designer-necklace","12":"product_tag-diamond-necklace","13":"product_tag-farkli-kolye","14":"product_tag-fish-necklace","15":"product_tag-gemstone-necklace","16":"product_tag-hayvan-figurlu-kolye","17":"product_tag-inci-kolye","18":"product_tag-inci-taki","19":"product_tag-kadin-kolye","20":"product_tag-kadin-taki","21":"product_tag-pearl-jewelry","22":"product_tag-pearl-necklace","23":"product_tag-pirlanta-kolye","24":"product_tag-statement-necklace","25":"product_tag-tasarim-kolye","26":"product_tag-tasli-kolye","27":"product_tag-unique-necklace","28":"product_tag-women-necklace","29":"pa_cinsiyet-kadin","31":"first","32":"instock","33":"shipping-taxable","34":"product-type-simple"},"_links":{"self":[{"href":"https:\/\/www.gasia.com.tr\/en\/wp-json\/wp\/v2\/product\/40164","targetHints":{"allow":["GET"]}}],"collection":[{"href":"https:\/\/www.gasia.com.tr\/en\/wp-json\/wp\/v2\/product"}],"about":[{"href":"https:\/\/www.gasia.com.tr\/en\/wp-json\/wp\/v2\/types\/product"}],"replies":[{"embeddable":true,"href":"https:\/\/www.gasia.com.tr\/en\/wp-json\/wp\/v2\/comments?post=40164"}],"version-history":[{"count":1,"href":"https:\/\/www.gasia.com.tr\/en\/wp-json\/wp\/v2\/product\/40164\/revisions"}],"predecessor-version":[{"id":40166,"href":"https:\/\/www.gasia.com.tr\/en\/wp-json\/wp\/v2\/product\/40164\/revisions\/40166"}],"wp:featuredmedia":[{"embeddable":true,"href":"https:\/\/www.gasia.com.tr\/en\/wp-json\/wp\/v2\/media\/40165"}],"wp:attachment":[{"href":"https:\/\/www.gasia.com.tr\/en\/wp-json\/wp\/v2\/media?parent=40164"}],"wp:term":[{"taxonomy":"product_brand","embeddable":true,"href":"https:\/\/www.gasia.com.tr\/en\/wp-json\/wp\/v2\/product_brand?post=40164"},{"taxonomy":"product_cat","embeddable":true,"href":"https:\/\/www.gasia.com.tr\/en\/wp-json\/wp\/v2\/product_cat?post=40164"},{"taxonomy":"product_tag","embeddable":true,"href":"https:\/\/www.gasia.com.tr\/en\/wp-json\/wp\/v2\/product_tag?post=40164"}],"curies":[{"name":"wp","href":"https:\/\/api.w.org\/{rel}","templated":true}]}}