{"id":40167,"date":"2026-01-31T00:00:00","date_gmt":"2026-01-30T21:00:00","guid":{"rendered":"https:\/\/www.gasia.com.tr\/?post_type=product&#038;p=40167"},"modified":"2026-03-26T17:58:48","modified_gmt":"2026-03-26T14:58:48","slug":"kahverengi-elmas-ve-beyaz-pirlanta-kus-kolye","status":"publish","type":"product","link":"https:\/\/www.gasia.com.tr\/en\/collections\/kahverengi-elmas-ve-beyaz-pirlanta-kus-kolye\/","title":{"rendered":"Kahverengi Elmas ve Beyaz P\u0131rlanta Ku\u015f Kolye"},"content":{"rendered":"<p>Ku\u015f formunda tasarlanan kolye, kahverengi elmas ve beyaz p\u0131rlanta detaylarla zenginle\u015ftirilmi\u015ftir. Dikkat \u00e7ekici ve farkl\u0131 bir tasar\u0131ma sahiptir.<\/p>","protected":false},"excerpt":{"rendered":"<p>Ku\u015f formunda tasarlanan kolye, kahverengi elmas ve beyaz p\u0131rlanta detaylarla zenginle\u015ftirilmi\u015ftir. Dikkat \u00e7ekici ve farkl\u0131 bir tasar\u0131ma sahiptir.<\/p>","protected":false},"featured_media":40855,"comment_status":"open","ping_status":"closed","template":"","meta":[],"product_brand":[77],"product_cat":[75],"product_tag":[752,2098,629,1428,633,294,2070,811,480,473,2042,2119,626,276,489,274,329,2073,1452,1632],"class_list":{"0":"post-40167","1":"product","2":"type-product","3":"status-publish","4":"has-post-thumbnail","6":"product_brand-gasia","7":"product_cat-kolye","8":"product_tag-animal-necklace","9":"product_tag-beyaz-pirlanta-kolye","10":"product_tag-bird-necklace","11":"product_tag-brown-diamond-necklace","12":"product_tag-designer-necklace","13":"product_tag-diamond-necklace","14":"product_tag-farkli-kolye","15":"product_tag-gemstone-necklace","16":"product_tag-hayvan-figurlu-kolye","17":"product_tag-kadin-kolye","18":"product_tag-kadin-taki","19":"product_tag-kahverengi-elmas-kolye","20":"product_tag-kus-kolye","21":"product_tag-pirlanta-kolye","22":"product_tag-statement-necklace","23":"product_tag-tasarim-kolye","24":"product_tag-tasli-kolye","25":"product_tag-unique-necklace","26":"product_tag-white-diamond-necklace","27":"product_tag-women-necklace","28":"pa_cinsiyet-kadin","30":"first","31":"instock","32":"shipping-taxable","33":"product-type-simple"},"_links":{"self":[{"href":"https:\/\/www.gasia.com.tr\/en\/wp-json\/wp\/v2\/product\/40167","targetHints":{"allow":["GET"]}}],"collection":[{"href":"https:\/\/www.gasia.com.tr\/en\/wp-json\/wp\/v2\/product"}],"about":[{"href":"https:\/\/www.gasia.com.tr\/en\/wp-json\/wp\/v2\/types\/product"}],"replies":[{"embeddable":true,"href":"https:\/\/www.gasia.com.tr\/en\/wp-json\/wp\/v2\/comments?post=40167"}],"version-history":[{"count":1,"href":"https:\/\/www.gasia.com.tr\/en\/wp-json\/wp\/v2\/product\/40167\/revisions"}],"predecessor-version":[{"id":40169,"href":"https:\/\/www.gasia.com.tr\/en\/wp-json\/wp\/v2\/product\/40167\/revisions\/40169"}],"wp:featuredmedia":[{"embeddable":true,"href":"https:\/\/www.gasia.com.tr\/en\/wp-json\/wp\/v2\/media\/40855"}],"wp:attachment":[{"href":"https:\/\/www.gasia.com.tr\/en\/wp-json\/wp\/v2\/media?parent=40167"}],"wp:term":[{"taxonomy":"product_brand","embeddable":true,"href":"https:\/\/www.gasia.com.tr\/en\/wp-json\/wp\/v2\/product_brand?post=40167"},{"taxonomy":"product_cat","embeddable":true,"href":"https:\/\/www.gasia.com.tr\/en\/wp-json\/wp\/v2\/product_cat?post=40167"},{"taxonomy":"product_tag","embeddable":true,"href":"https:\/\/www.gasia.com.tr\/en\/wp-json\/wp\/v2\/product_tag?post=40167"}],"curies":[{"name":"wp","href":"https:\/\/api.w.org\/{rel}","templated":true}]}}