{"id":40170,"date":"2026-01-31T00:00:00","date_gmt":"2026-01-30T21:00:00","guid":{"rendered":"https:\/\/www.gasia.com.tr\/?post_type=product&#038;p=40170"},"modified":"2026-03-24T12:05:30","modified_gmt":"2026-03-24T09:05:30","slug":"pembe-safir-tasli-kus-kolye","status":"publish","type":"product","link":"https:\/\/www.gasia.com.tr\/en\/collections\/pembe-safir-tasli-kus-kolye\/","title":{"rendered":"Pembe Safir Ta\u015fl\u0131 Ku\u015f Kolye"},"content":{"rendered":"<p>Ku\u015f formunda tasarlanan kolye, merkezinde yer alan pembe safir ta\u015f\u0131 ile \u00f6ne \u00e7\u0131kar. Detayl\u0131 y\u00fczey i\u015f\u00e7ili\u011fi ile dikkat \u00e7eken \u00f6zg\u00fcn bir tasar\u0131md\u0131r.<\/p>","protected":false},"excerpt":{"rendered":"<p>Ku\u015f formunda tasarlanan kolye, merkezinde yer alan pembe safir ta\u015f\u0131 ile \u00f6ne \u00e7\u0131kar. Detayl\u0131 y\u00fczey i\u015f\u00e7ili\u011fi ile dikkat \u00e7eken \u00f6zg\u00fcn<\/p>","protected":false},"featured_media":40171,"comment_status":"open","ping_status":"closed","template":"","meta":[],"product_brand":[77],"product_cat":[75],"product_tag":[752,629,633,2070,811,480,473,2042,750,626,2120,2121,1794,1795,489,274,329,2073,1632],"class_list":{"0":"post-40170","1":"product","2":"type-product","3":"status-publish","4":"has-post-thumbnail","6":"product_brand-gasia","7":"product_cat-kolye","8":"product_tag-animal-necklace","9":"product_tag-bird-necklace","10":"product_tag-designer-necklace","11":"product_tag-farkli-kolye","12":"product_tag-gemstone-necklace","13":"product_tag-hayvan-figurlu-kolye","14":"product_tag-kadin-kolye","15":"product_tag-kadin-taki","16":"product_tag-kus-figurlu-kolye","17":"product_tag-kus-kolye","18":"product_tag-pembe-safir-kolye","19":"product_tag-pink-sapphire-necklace","20":"product_tag-safir-kolye","21":"product_tag-sapphire-necklace","22":"product_tag-statement-necklace","23":"product_tag-tasarim-kolye","24":"product_tag-tasli-kolye","25":"product_tag-unique-necklace","26":"product_tag-women-necklace","27":"pa_cinsiyet-kadin","29":"first","30":"instock","31":"shipping-taxable","32":"product-type-simple"},"_links":{"self":[{"href":"https:\/\/www.gasia.com.tr\/en\/wp-json\/wp\/v2\/product\/40170","targetHints":{"allow":["GET"]}}],"collection":[{"href":"https:\/\/www.gasia.com.tr\/en\/wp-json\/wp\/v2\/product"}],"about":[{"href":"https:\/\/www.gasia.com.tr\/en\/wp-json\/wp\/v2\/types\/product"}],"replies":[{"embeddable":true,"href":"https:\/\/www.gasia.com.tr\/en\/wp-json\/wp\/v2\/comments?post=40170"}],"version-history":[{"count":2,"href":"https:\/\/www.gasia.com.tr\/en\/wp-json\/wp\/v2\/product\/40170\/revisions"}],"predecessor-version":[{"id":40173,"href":"https:\/\/www.gasia.com.tr\/en\/wp-json\/wp\/v2\/product\/40170\/revisions\/40173"}],"wp:featuredmedia":[{"embeddable":true,"href":"https:\/\/www.gasia.com.tr\/en\/wp-json\/wp\/v2\/media\/40171"}],"wp:attachment":[{"href":"https:\/\/www.gasia.com.tr\/en\/wp-json\/wp\/v2\/media?parent=40170"}],"wp:term":[{"taxonomy":"product_brand","embeddable":true,"href":"https:\/\/www.gasia.com.tr\/en\/wp-json\/wp\/v2\/product_brand?post=40170"},{"taxonomy":"product_cat","embeddable":true,"href":"https:\/\/www.gasia.com.tr\/en\/wp-json\/wp\/v2\/product_cat?post=40170"},{"taxonomy":"product_tag","embeddable":true,"href":"https:\/\/www.gasia.com.tr\/en\/wp-json\/wp\/v2\/product_tag?post=40170"}],"curies":[{"name":"wp","href":"https:\/\/api.w.org\/{rel}","templated":true}]}}