{"id":40179,"date":"2026-03-24T22:00:00","date_gmt":"2026-03-24T19:00:00","guid":{"rendered":"https:\/\/www.gasia.com.tr\/?post_type=product&#038;p=40179"},"modified":"2026-04-13T21:09:54","modified_gmt":"2026-04-13T18:09:54","slug":"inci-ve-pirlanta-kurbaga-detayli-kupe","status":"publish","type":"product","link":"https:\/\/www.gasia.com.tr\/en\/collections\/inci-ve-pirlanta-kurbaga-detayli-kupe\/","title":{"rendered":"\u0130nci ve P\u0131rlanta Kurba\u011fa Detayl\u0131 K\u00fcpe"},"content":{"rendered":"<p data-start=\"104\" data-end=\"379\">Do\u011fadan ilham alan zarif tasar\u0131m\u0131yla \u00f6ne \u00e7\u0131kan bu k\u00fcpe, inci ve kurba\u011fa fig\u00fcr\u00fcn\u00fc p\u0131rlanta detaylarla bulu\u015fturarak \u00f6zg\u00fcn bir stil sunar. B\u00fcy\u00fck formdaki parlak inci, tasar\u0131ma klasik bir dokunu\u015f katarken \u00fczerindeki kurba\u011fa fig\u00fcr\u00fc modern ve dikkat \u00e7ekici bir g\u00f6r\u00fcn\u00fcm olu\u015fturur.<\/p>\n<p data-start=\"381\" data-end=\"578\">Alt\u0131n tonlar\u0131n\u0131n s\u0131cakl\u0131\u011f\u0131 ve p\u0131rlantalar\u0131n \u0131\u015f\u0131lt\u0131s\u0131, k\u00fcpeye zarif bir parlakl\u0131k kazand\u0131r\u0131r. \u00dcst k\u0131sm\u0131ndaki yaprak form detay\u0131, do\u011fadan esinlenen tasar\u0131m\u0131 tamamlayarak b\u00fct\u00fcnsel bir estetik sunar.<\/p>\n<p data-start=\"580\" data-end=\"740\">Hem \u00f6zel davetlerde hem de stiline farkl\u0131l\u0131k katmak isteyenler i\u00e7in tercih edilebilecek bu k\u00fcpe, sanatsal ve \u015f\u0131k bir aksesuar arayanlar i\u00e7in ideal bir par\u00e7ad\u0131r.<\/p>","protected":false},"excerpt":{"rendered":"<p>Do\u011fadan ilham alan zarif tasar\u0131m\u0131yla \u00f6ne \u00e7\u0131kan bu k\u00fcpe, inci ve kurba\u011fa fig\u00fcr\u00fcn\u00fc p\u0131rlanta detaylarla bulu\u015fturarak \u00f6zg\u00fcn bir stil sunar.<\/p>","protected":false},"featured_media":42143,"comment_status":"open","ping_status":"closed","template":"","meta":[],"product_brand":[77],"product_cat":[74],"product_tag":[2129,2133,1752,1750,2026,2135,914,373,2131,395,2042,2132,2134,374,2023,815,813,2130,1753],"class_list":{"0":"post-40179","1":"product","2":"type-product","3":"status-publish","4":"has-post-thumbnail","6":"product_brand-gasia","7":"product_cat-kupe-modelleri","8":"product_tag-animal-earring","9":"product_tag-buyuk-inci-kupe","10":"product_tag-designer-earring","11":"product_tag-diamond-earring","12":"product_tag-farkli-kupe","13":"product_tag-frog-earring","14":"product_tag-hayvan-figurlu-kupe","15":"product_tag-inci-kupe","16":"product_tag-jewelry-earring","17":"product_tag-kadin-kupe","18":"product_tag-kadin-taki","19":"product_tag-kurbaga-kupe","20":"product_tag-pearl-earring","21":"product_tag-pirlanta-kupe","22":"product_tag-statement-earring","23":"product_tag-tasarim-kupe","24":"product_tag-tasli-kupe","25":"product_tag-unique-earring","26":"product_tag-women-earring","27":"pa_cinsiyet-kadin","29":"first","30":"instock","31":"shipping-taxable","32":"purchasable","33":"product-type-simple"},"_links":{"self":[{"href":"https:\/\/www.gasia.com.tr\/en\/wp-json\/wp\/v2\/product\/40179","targetHints":{"allow":["GET"]}}],"collection":[{"href":"https:\/\/www.gasia.com.tr\/en\/wp-json\/wp\/v2\/product"}],"about":[{"href":"https:\/\/www.gasia.com.tr\/en\/wp-json\/wp\/v2\/types\/product"}],"replies":[{"embeddable":true,"href":"https:\/\/www.gasia.com.tr\/en\/wp-json\/wp\/v2\/comments?post=40179"}],"version-history":[{"count":3,"href":"https:\/\/www.gasia.com.tr\/en\/wp-json\/wp\/v2\/product\/40179\/revisions"}],"predecessor-version":[{"id":42145,"href":"https:\/\/www.gasia.com.tr\/en\/wp-json\/wp\/v2\/product\/40179\/revisions\/42145"}],"wp:featuredmedia":[{"embeddable":true,"href":"https:\/\/www.gasia.com.tr\/en\/wp-json\/wp\/v2\/media\/42143"}],"wp:attachment":[{"href":"https:\/\/www.gasia.com.tr\/en\/wp-json\/wp\/v2\/media?parent=40179"}],"wp:term":[{"taxonomy":"product_brand","embeddable":true,"href":"https:\/\/www.gasia.com.tr\/en\/wp-json\/wp\/v2\/product_brand?post=40179"},{"taxonomy":"product_cat","embeddable":true,"href":"https:\/\/www.gasia.com.tr\/en\/wp-json\/wp\/v2\/product_cat?post=40179"},{"taxonomy":"product_tag","embeddable":true,"href":"https:\/\/www.gasia.com.tr\/en\/wp-json\/wp\/v2\/product_tag?post=40179"}],"curies":[{"name":"wp","href":"https:\/\/api.w.org\/{rel}","templated":true}]}}