{"id":40183,"date":"2026-03-21T21:26:28","date_gmt":"2026-03-21T18:26:28","guid":{"rendered":"https:\/\/www.gasia.com.tr\/?post_type=product&#038;p=40183"},"modified":"2026-04-13T12:54:02","modified_gmt":"2026-04-13T09:54:02","slug":"pirlanta-detayli-rose-altin-yuzuk","status":"publish","type":"product","link":"https:\/\/www.gasia.com.tr\/en\/collections\/pirlanta-detayli-rose-altin-yuzuk\/","title":{"rendered":"P\u0131rlanta Detayl\u0131 Rose Alt\u0131n Y\u00fcz\u00fck"},"content":{"rendered":"<p>Geometrik formda tasarlanan rose alt\u0131n y\u00fcz\u00fck, y\u00fczeyine yay\u0131lan p\u0131rlanta detaylarla \u00f6ne \u00e7\u0131kar. Hafif ve iddial\u0131 bir tasar\u0131ma sahiptir.<\/p>","protected":false},"excerpt":{"rendered":"<ul>\n<li>18 Ayar Alt\u0131n<\/li>\n<li>0,76 ct P\u0131rlanta<\/li>\n<\/ul>","protected":false},"featured_media":40184,"comment_status":"open","ping_status":"closed","template":"","meta":[],"product_brand":[],"product_cat":[76],"product_tag":[289,2051,565,654,2136,566,2045,2041,577,2137,2042,520,335,2049,701,450,340,562,1872,1021],"class_list":{"0":"post-40183","1":"product","2":"type-product","3":"status-publish","4":"has-post-thumbnail","6":"product_cat-yuzuk-modelleri","7":"product_tag-altin-yuzuk","8":"product_tag-buyuk-yuzuk","9":"product_tag-designer-ring","10":"product_tag-diamond-ring","11":"product_tag-farkli-yuzuk","12":"product_tag-gemstone-ring","13":"product_tag-geometric-ring","14":"product_tag-geometrik-yuzuk","15":"product_tag-gold-ring","16":"product_tag-jewelry-ring","17":"product_tag-kadin-taki","18":"product_tag-kadin-yuzuk","19":"product_tag-pirlanta-yuzuk","20":"product_tag-rose-altin-yuzuk","21":"product_tag-rose-gold-ring","22":"product_tag-statement-ring","23":"product_tag-tasarim-yuzuk","24":"product_tag-tasli-yuzuk","25":"product_tag-unique-ring","26":"product_tag-women-ring","27":"pa_cinsiyet-kadin","29":"first","30":"instock","31":"shipping-taxable","32":"purchasable","33":"product-type-simple"},"_links":{"self":[{"href":"https:\/\/www.gasia.com.tr\/en\/wp-json\/wp\/v2\/product\/40183","targetHints":{"allow":["GET"]}}],"collection":[{"href":"https:\/\/www.gasia.com.tr\/en\/wp-json\/wp\/v2\/product"}],"about":[{"href":"https:\/\/www.gasia.com.tr\/en\/wp-json\/wp\/v2\/types\/product"}],"replies":[{"embeddable":true,"href":"https:\/\/www.gasia.com.tr\/en\/wp-json\/wp\/v2\/comments?post=40183"}],"version-history":[{"count":2,"href":"https:\/\/www.gasia.com.tr\/en\/wp-json\/wp\/v2\/product\/40183\/revisions"}],"predecessor-version":[{"id":41984,"href":"https:\/\/www.gasia.com.tr\/en\/wp-json\/wp\/v2\/product\/40183\/revisions\/41984"}],"wp:featuredmedia":[{"embeddable":true,"href":"https:\/\/www.gasia.com.tr\/en\/wp-json\/wp\/v2\/media\/40184"}],"wp:attachment":[{"href":"https:\/\/www.gasia.com.tr\/en\/wp-json\/wp\/v2\/media?parent=40183"}],"wp:term":[{"taxonomy":"product_brand","embeddable":true,"href":"https:\/\/www.gasia.com.tr\/en\/wp-json\/wp\/v2\/product_brand?post=40183"},{"taxonomy":"product_cat","embeddable":true,"href":"https:\/\/www.gasia.com.tr\/en\/wp-json\/wp\/v2\/product_cat?post=40183"},{"taxonomy":"product_tag","embeddable":true,"href":"https:\/\/www.gasia.com.tr\/en\/wp-json\/wp\/v2\/product_tag?post=40183"}],"curies":[{"name":"wp","href":"https:\/\/api.w.org\/{rel}","templated":true}]}}