{"id":40187,"date":"2026-03-28T00:00:00","date_gmt":"2026-03-27T21:00:00","guid":{"rendered":"https:\/\/www.gasia.com.tr\/?post_type=product&#038;p=40187"},"modified":"2026-04-21T15:39:20","modified_gmt":"2026-04-21T12:39:20","slug":"pirlanta-detayli-rose-altin-kolye","status":"publish","type":"product","link":"https:\/\/www.gasia.com.tr\/en\/collections\/pirlanta-detayli-rose-altin-kolye\/","title":{"rendered":"P\u0131rlanta Detayl\u0131 Rose Alt\u0131n Kolye"},"content":{"rendered":"<p>El i\u015f\u00e7ili\u011fi dokulu y\u00fczeye sahip rose alt\u0131n kolye, \u00fczerindeki p\u0131rlanta detaylarla sade ve dikkat \u00e7ekici bir g\u00f6r\u00fcn\u00fcm sunar. Modern formuyla \u00f6ne \u00e7\u0131kar.Sar\u0131 ve beyaz alt\u0131n olarak da sipari\u015f verilebilir.<\/p>","protected":false},"excerpt":{"rendered":"<p>El i\u015f\u00e7ili\u011fi dokulu y\u00fczeye sahip rose alt\u0131n kolye, \u00fczerindeki p\u0131rlanta detaylarla sade ve dikkat \u00e7ekici bir g\u00f6r\u00fcn\u00fcm sunar. Modern formuyla<\/p>","protected":false},"featured_media":40188,"comment_status":"open","ping_status":"closed","template":"","meta":[],"product_brand":[],"product_cat":[75],"product_tag":[278,633,294,1367,2070,811,322,2140,2124,473,2042,277,1993,276,2138,2139,274,329,2073,1632],"class_list":{"0":"post-40187","1":"product","2":"type-product","3":"status-publish","4":"has-post-thumbnail","6":"product_cat-kolye","7":"product_tag-altin-kolye","8":"product_tag-designer-necklace","9":"product_tag-diamond-necklace","10":"product_tag-el-isciligi-kolye","11":"product_tag-farkli-kolye","12":"product_tag-gemstone-necklace","13":"product_tag-gold-necklace","14":"product_tag-handmade-necklace","15":"product_tag-jewelry-necklace","16":"product_tag-kadin-kolye","17":"product_tag-kadin-taki","18":"product_tag-modern-kolye","19":"product_tag-modern-necklace","20":"product_tag-pirlanta-kolye","21":"product_tag-rose-altin-kolye","22":"product_tag-rose-gold-necklace","23":"product_tag-tasarim-kolye","24":"product_tag-tasli-kolye","25":"product_tag-unique-necklace","26":"product_tag-women-necklace","27":"pa_cinsiyet-kadin","29":"first","30":"instock","31":"shipping-taxable","32":"purchasable","33":"product-type-simple"},"_links":{"self":[{"href":"https:\/\/www.gasia.com.tr\/en\/wp-json\/wp\/v2\/product\/40187","targetHints":{"allow":["GET"]}}],"collection":[{"href":"https:\/\/www.gasia.com.tr\/en\/wp-json\/wp\/v2\/product"}],"about":[{"href":"https:\/\/www.gasia.com.tr\/en\/wp-json\/wp\/v2\/types\/product"}],"replies":[{"embeddable":true,"href":"https:\/\/www.gasia.com.tr\/en\/wp-json\/wp\/v2\/comments?post=40187"}],"version-history":[{"count":1,"href":"https:\/\/www.gasia.com.tr\/en\/wp-json\/wp\/v2\/product\/40187\/revisions"}],"predecessor-version":[{"id":40191,"href":"https:\/\/www.gasia.com.tr\/en\/wp-json\/wp\/v2\/product\/40187\/revisions\/40191"}],"wp:featuredmedia":[{"embeddable":true,"href":"https:\/\/www.gasia.com.tr\/en\/wp-json\/wp\/v2\/media\/40188"}],"wp:attachment":[{"href":"https:\/\/www.gasia.com.tr\/en\/wp-json\/wp\/v2\/media?parent=40187"}],"wp:term":[{"taxonomy":"product_brand","embeddable":true,"href":"https:\/\/www.gasia.com.tr\/en\/wp-json\/wp\/v2\/product_brand?post=40187"},{"taxonomy":"product_cat","embeddable":true,"href":"https:\/\/www.gasia.com.tr\/en\/wp-json\/wp\/v2\/product_cat?post=40187"},{"taxonomy":"product_tag","embeddable":true,"href":"https:\/\/www.gasia.com.tr\/en\/wp-json\/wp\/v2\/product_tag?post=40187"}],"curies":[{"name":"wp","href":"https:\/\/api.w.org\/{rel}","templated":true}]}}