{"id":40197,"date":"2026-03-28T00:00:00","date_gmt":"2026-03-27T21:00:00","guid":{"rendered":"https:\/\/www.gasia.com.tr\/?post_type=product&#038;p=40197"},"modified":"2026-04-21T15:39:20","modified_gmt":"2026-04-21T12:39:20","slug":"pirlanta-detayli-balik-figurlu-rose-altin-kolye","status":"publish","type":"product","link":"https:\/\/www.gasia.com.tr\/en\/collections\/pirlanta-detayli-balik-figurlu-rose-altin-kolye\/","title":{"rendered":"P\u0131rlanta Detayl\u0131 Bal\u0131k Fig\u00fcrl\u00fc Rose Alt\u0131n Kolye"},"content":{"rendered":"<div class=\"flex flex-col text-sm pb-25\">\n<section class=\"text-token-text-primary w-full focus:outline-none [--shadow-height:45px] has-data-writing-block:pointer-events-none has-data-writing-block:-mt-(--shadow-height) has-data-writing-block:pt-(--shadow-height) [&amp;:has([data-writing-block])&gt;*]:pointer-events-auto scroll-mt-[calc(var(--header-height)+min(200px,max(70px,20svh)))]\" dir=\"auto\" data-turn-id=\"request-69b94d33-b1f4-8389-b092-64453a5bcd6d-72\" data-testid=\"conversation-turn-180\" data-scroll-anchor=\"true\" data-turn=\"assistant\">\n<div class=\"text-base my-auto mx-auto pb-10 [--thread-content-margin:var(--thread-content-margin-xs,calc(var(--spacing)*4))] @w-sm\/main:[--thread-content-margin:var(--thread-content-margin-sm,calc(var(--spacing)*6))] @w-lg\/main:[--thread-content-margin:var(--thread-content-margin-lg,calc(var(--spacing)*16))] px-(--thread-content-margin)\">\n<div class=\"[--thread-content-max-width:40rem] @w-lg\/main:[--thread-content-max-width:48rem] mx-auto max-w-(--thread-content-max-width) flex-1 group\/turn-messages focus-visible:outline-hidden relative flex w-full min-w-0 flex-col agent-turn\">\n<div class=\"flex max-w-full flex-col gap-4 grow\">\n<div class=\"min-h-8 text-message relative flex w-full flex-col items-end gap-2 text-start break-words whitespace-normal outline-none keyboard-focused:focus-ring [.text-message+&amp;]:mt-1\" dir=\"auto\" data-message-author-role=\"assistant\" data-message-id=\"bf2ce8a2-c246-49a6-9e3a-56675468aedc\" data-message-model-slug=\"gpt-5-3\" data-turn-start-message=\"true\">\n<div class=\"flex w-full flex-col gap-1 empty:hidden\">\n<div class=\"markdown prose dark:prose-invert w-full wrap-break-word light markdown-new-styling\"><\/div>\n<\/div>\n<\/div>\n<\/div>\n<div class=\"z-0 flex min-h-[46px] justify-start\"><\/div>\n<div class=\"mt-3 w-full empty:hidden\">\n<div class=\"text-center\">El i\u015f\u00e7ili\u011fi dokulu y\u00fczeyiyle \u00f6ne \u00e7\u0131kan bal\u0131k fig\u00fcrl\u00fc rose alt\u0131n kolye, \u00fczerine yerle\u015ftirilmi\u015f p\u0131rlanta ta\u015flarla \u0131\u015f\u0131lt\u0131l\u0131 bir detay kazan\u0131r. Organik formu ve fig\u00fcrl\u00fc tasar\u0131m\u0131 sayesinde klasik kolyelerden ayr\u0131lan bu par\u00e7a, stiline karakter katmak isteyenler i\u00e7in g\u00fc\u00e7l\u00fc bir alternatif sunar. Tek ba\u015f\u0131na kullan\u0131ld\u0131\u011f\u0131nda dikkat \u00e7eken, farkl\u0131 kolyelerle kombinlendi\u011finde ise modern bir g\u00f6r\u00fcn\u00fcm olu\u015fturan \u00f6zel bir tasar\u0131md\u0131r.<\/div>\n<ul>\n<li>Sar\u0131 ve Beyaz Alt\u0131n olarak da sipari\u015f verilebilir<\/li>\n<\/ul>\n<\/div>\n<\/div>\n<\/div>\n<\/section>\n<\/div>\n<div class=\"pointer-events-none h-px w-px absolute bottom-0\" aria-hidden=\"true\" data-edge=\"true\"><\/div>\n","protected":false},"excerpt":{"rendered":"<p>El i\u015f\u00e7ili\u011fi dokulu y\u00fczeyiyle \u00f6ne \u00e7\u0131kan bal\u0131k fig\u00fcrl\u00fc rose alt\u0131n kolye, \u00fczerine yerle\u015ftirilmi\u015f p\u0131rlanta ta\u015flarla \u0131\u015f\u0131lt\u0131l\u0131 bir detay kazan\u0131r. Organik<\/p>","protected":false},"featured_media":40198,"comment_status":"open","ping_status":"closed","template":"","meta":[],"product_brand":[],"product_cat":[75],"product_tag":[278,470,633,294,2070,1991,1755,322,473,2143,324,276,2138,2139,274,329,2073,1632],"class_list":{"0":"post-40197","1":"product","2":"type-product","3":"status-publish","4":"has-post-thumbnail","6":"product_cat-kolye","7":"product_tag-altin-kolye","8":"product_tag-balik-kolye","9":"product_tag-designer-necklace","10":"product_tag-diamond-necklace","11":"product_tag-farkli-kolye","12":"product_tag-figurlu-kolye","13":"product_tag-fish-necklace","14":"product_tag-gold-necklace","15":"product_tag-kadin-kolye","16":"product_tag-ozgun-kolye","17":"product_tag-pendant-necklace","18":"product_tag-pirlanta-kolye","19":"product_tag-rose-altin-kolye","20":"product_tag-rose-gold-necklace","21":"product_tag-tasarim-kolye","22":"product_tag-tasli-kolye","23":"product_tag-unique-necklace","24":"product_tag-women-necklace","25":"pa_cinsiyet-kadin","27":"first","28":"instock","29":"shipping-taxable","30":"purchasable","31":"product-type-simple"},"_links":{"self":[{"href":"https:\/\/www.gasia.com.tr\/en\/wp-json\/wp\/v2\/product\/40197","targetHints":{"allow":["GET"]}}],"collection":[{"href":"https:\/\/www.gasia.com.tr\/en\/wp-json\/wp\/v2\/product"}],"about":[{"href":"https:\/\/www.gasia.com.tr\/en\/wp-json\/wp\/v2\/types\/product"}],"replies":[{"embeddable":true,"href":"https:\/\/www.gasia.com.tr\/en\/wp-json\/wp\/v2\/comments?post=40197"}],"version-history":[{"count":2,"href":"https:\/\/www.gasia.com.tr\/en\/wp-json\/wp\/v2\/product\/40197\/revisions"}],"predecessor-version":[{"id":40203,"href":"https:\/\/www.gasia.com.tr\/en\/wp-json\/wp\/v2\/product\/40197\/revisions\/40203"}],"wp:featuredmedia":[{"embeddable":true,"href":"https:\/\/www.gasia.com.tr\/en\/wp-json\/wp\/v2\/media\/40198"}],"wp:attachment":[{"href":"https:\/\/www.gasia.com.tr\/en\/wp-json\/wp\/v2\/media?parent=40197"}],"wp:term":[{"taxonomy":"product_brand","embeddable":true,"href":"https:\/\/www.gasia.com.tr\/en\/wp-json\/wp\/v2\/product_brand?post=40197"},{"taxonomy":"product_cat","embeddable":true,"href":"https:\/\/www.gasia.com.tr\/en\/wp-json\/wp\/v2\/product_cat?post=40197"},{"taxonomy":"product_tag","embeddable":true,"href":"https:\/\/www.gasia.com.tr\/en\/wp-json\/wp\/v2\/product_tag?post=40197"}],"curies":[{"name":"wp","href":"https:\/\/api.w.org\/{rel}","templated":true}]}}