{"id":40204,"date":"2026-03-15T00:00:00","date_gmt":"2026-03-14T21:00:00","guid":{"rendered":"https:\/\/www.gasia.com.tr\/?post_type=product&#038;p=40204"},"modified":"2026-04-18T23:41:47","modified_gmt":"2026-04-18T20:41:47","slug":"pirlanta-detayli-yonca-form-rose-altin-kolye","status":"publish","type":"product","link":"https:\/\/www.gasia.com.tr\/en\/collections\/pirlanta-detayli-yonca-form-rose-altin-kolye\/","title":{"rendered":"P\u0131rlanta Detayl\u0131 Yonca Form Rose Alt\u0131n Kolye"},"content":{"rendered":"<p>Yonca formundan ilham alan rose alt\u0131n kolye, dokulu y\u00fczeyi ve \u00fczerine yerle\u015ftirilen p\u0131rlanta ta\u015flarla dengeli bir \u0131\u015f\u0131lt\u0131 sunar. Yumu\u015fak hatl\u0131 formu ve el i\u015f\u00e7ili\u011fi hissi veren y\u00fczey yap\u0131s\u0131 sayesinde klasik fig\u00fcrl\u00fc kolyelerden ayr\u0131l\u0131r. Tek ba\u015f\u0131na g\u00fc\u00e7l\u00fc bir g\u00f6r\u00fcn\u00fcm sunan bu tasar\u0131m, stiline \u00f6zg\u00fcn bir dokunu\u015f katmak isteyenler i\u00e7in \u00f6ne \u00e7\u0131kar.<\/p>","protected":false},"excerpt":{"rendered":"<p>Yonca formundan ilham alan rose alt\u0131n kolye, dokulu y\u00fczeyi ve \u00fczerine yerle\u015ftirilen p\u0131rlanta ta\u015flarla dengeli bir \u0131\u015f\u0131lt\u0131 sunar. Yumu\u015fak hatl\u0131<\/p>","protected":false},"featured_media":40205,"comment_status":"open","ping_status":"closed","template":"","meta":[],"product_brand":[],"product_cat":[75],"product_tag":[278,1673,633,294,2070,1991,322,473,277,324,276,2138,2139,274,329,2073,1632,271],"class_list":{"0":"post-40204","1":"product","2":"type-product","3":"status-publish","4":"has-post-thumbnail","6":"product_cat-kolye","7":"product_tag-altin-kolye","8":"product_tag-clover-necklace","9":"product_tag-designer-necklace","10":"product_tag-diamond-necklace","11":"product_tag-farkli-kolye","12":"product_tag-figurlu-kolye","13":"product_tag-gold-necklace","14":"product_tag-kadin-kolye","15":"product_tag-modern-kolye","16":"product_tag-pendant-necklace","17":"product_tag-pirlanta-kolye","18":"product_tag-rose-altin-kolye","19":"product_tag-rose-gold-necklace","20":"product_tag-tasarim-kolye","21":"product_tag-tasli-kolye","22":"product_tag-unique-necklace","23":"product_tag-women-necklace","24":"product_tag-yonca-kolye","25":"pa_cinsiyet-kadin","27":"first","28":"instock","29":"shipping-taxable","30":"purchasable","31":"product-type-simple"},"_links":{"self":[{"href":"https:\/\/www.gasia.com.tr\/en\/wp-json\/wp\/v2\/product\/40204","targetHints":{"allow":["GET"]}}],"collection":[{"href":"https:\/\/www.gasia.com.tr\/en\/wp-json\/wp\/v2\/product"}],"about":[{"href":"https:\/\/www.gasia.com.tr\/en\/wp-json\/wp\/v2\/types\/product"}],"replies":[{"embeddable":true,"href":"https:\/\/www.gasia.com.tr\/en\/wp-json\/wp\/v2\/comments?post=40204"}],"version-history":[{"count":2,"href":"https:\/\/www.gasia.com.tr\/en\/wp-json\/wp\/v2\/product\/40204\/revisions"}],"predecessor-version":[{"id":40207,"href":"https:\/\/www.gasia.com.tr\/en\/wp-json\/wp\/v2\/product\/40204\/revisions\/40207"}],"wp:featuredmedia":[{"embeddable":true,"href":"https:\/\/www.gasia.com.tr\/en\/wp-json\/wp\/v2\/media\/40205"}],"wp:attachment":[{"href":"https:\/\/www.gasia.com.tr\/en\/wp-json\/wp\/v2\/media?parent=40204"}],"wp:term":[{"taxonomy":"product_brand","embeddable":true,"href":"https:\/\/www.gasia.com.tr\/en\/wp-json\/wp\/v2\/product_brand?post=40204"},{"taxonomy":"product_cat","embeddable":true,"href":"https:\/\/www.gasia.com.tr\/en\/wp-json\/wp\/v2\/product_cat?post=40204"},{"taxonomy":"product_tag","embeddable":true,"href":"https:\/\/www.gasia.com.tr\/en\/wp-json\/wp\/v2\/product_tag?post=40204"}],"curies":[{"name":"wp","href":"https:\/\/api.w.org\/{rel}","templated":true}]}}