{"id":40208,"date":"2026-03-15T00:00:00","date_gmt":"2026-03-14T21:00:00","guid":{"rendered":"https:\/\/www.gasia.com.tr\/?post_type=product&#038;p=40208"},"modified":"2026-03-31T17:11:08","modified_gmt":"2026-03-31T14:11:08","slug":"pirlanta-detayli-organik-form-rose-altin-kolye","status":"publish","type":"product","link":"https:\/\/www.gasia.com.tr\/en\/collections\/pirlanta-detayli-organik-form-rose-altin-kolye\/","title":{"rendered":"P\u0131rlanta Detayl\u0131 Organik Form Rose Alt\u0131n Kolye"},"content":{"rendered":"<p>Do\u011fal ve serbest formda tasarlanm\u0131\u015f rose alt\u0131n kolye, y\u00fczeyine yerle\u015ftirilmi\u015f p\u0131rlanta ta\u015flarla dengeli bir \u0131\u015f\u0131lt\u0131 sunar. El i\u015f\u00e7ili\u011fi hissi veren dokulu y\u00fczeyi ve d\u00fczensiz hatlar\u0131 sayesinde klasik tasar\u0131mlardan ayr\u0131l\u0131r. Tek ba\u015f\u0131na g\u00fc\u00e7l\u00fc bir ifade sunan bu par\u00e7a, modern ve \u00f6zg\u00fcn stil arayanlar i\u00e7in \u00f6ne \u00e7\u0131kar.<\/p>\n<ul>\n<li>Sar\u0131 ve Beyaz Alt\u0131n olarak da sipari\u015f verilebilir.<\/li>\n<\/ul>","protected":false},"excerpt":{"rendered":"<p>Do\u011fal ve serbest formda tasarlanm\u0131\u015f rose alt\u0131n kolye, y\u00fczeyine yerle\u015ftirilmi\u015f p\u0131rlanta ta\u015flarla dengeli bir \u0131\u015f\u0131lt\u0131 sunar. El i\u015f\u00e7ili\u011fi hissi veren<\/p>","protected":false},"featured_media":40209,"comment_status":"open","ping_status":"closed","template":"","meta":[],"product_brand":[],"product_cat":[75],"product_tag":[278,633,294,2070,322,473,277,1993,2145,2144,2143,276,2138,2139,274,329,2073,1632],"class_list":{"0":"post-40208","1":"product","2":"type-product","3":"status-publish","4":"has-post-thumbnail","6":"product_cat-kolye","7":"product_tag-altin-kolye","8":"product_tag-designer-necklace","9":"product_tag-diamond-necklace","10":"product_tag-farkli-kolye","11":"product_tag-gold-necklace","12":"product_tag-kadin-kolye","13":"product_tag-modern-kolye","14":"product_tag-modern-necklace","15":"product_tag-organic-shape-necklace","16":"product_tag-organik-form-kolye","17":"product_tag-ozgun-kolye","18":"product_tag-pirlanta-kolye","19":"product_tag-rose-altin-kolye","20":"product_tag-rose-gold-necklace","21":"product_tag-tasarim-kolye","22":"product_tag-tasli-kolye","23":"product_tag-unique-necklace","24":"product_tag-women-necklace","25":"pa_cinsiyet-kadin","27":"first","28":"instock","29":"shipping-taxable","30":"purchasable","31":"product-type-simple"},"_links":{"self":[{"href":"https:\/\/www.gasia.com.tr\/en\/wp-json\/wp\/v2\/product\/40208","targetHints":{"allow":["GET"]}}],"collection":[{"href":"https:\/\/www.gasia.com.tr\/en\/wp-json\/wp\/v2\/product"}],"about":[{"href":"https:\/\/www.gasia.com.tr\/en\/wp-json\/wp\/v2\/types\/product"}],"replies":[{"embeddable":true,"href":"https:\/\/www.gasia.com.tr\/en\/wp-json\/wp\/v2\/comments?post=40208"}],"version-history":[{"count":2,"href":"https:\/\/www.gasia.com.tr\/en\/wp-json\/wp\/v2\/product\/40208\/revisions"}],"predecessor-version":[{"id":40214,"href":"https:\/\/www.gasia.com.tr\/en\/wp-json\/wp\/v2\/product\/40208\/revisions\/40214"}],"wp:featuredmedia":[{"embeddable":true,"href":"https:\/\/www.gasia.com.tr\/en\/wp-json\/wp\/v2\/media\/40209"}],"wp:attachment":[{"href":"https:\/\/www.gasia.com.tr\/en\/wp-json\/wp\/v2\/media?parent=40208"}],"wp:term":[{"taxonomy":"product_brand","embeddable":true,"href":"https:\/\/www.gasia.com.tr\/en\/wp-json\/wp\/v2\/product_brand?post=40208"},{"taxonomy":"product_cat","embeddable":true,"href":"https:\/\/www.gasia.com.tr\/en\/wp-json\/wp\/v2\/product_cat?post=40208"},{"taxonomy":"product_tag","embeddable":true,"href":"https:\/\/www.gasia.com.tr\/en\/wp-json\/wp\/v2\/product_tag?post=40208"}],"curies":[{"name":"wp","href":"https:\/\/api.w.org\/{rel}","templated":true}]}}