{"id":40215,"date":"2026-03-15T00:00:00","date_gmt":"2026-03-14T21:00:00","guid":{"rendered":"https:\/\/www.gasia.com.tr\/?post_type=product&#038;p=40215"},"modified":"2026-03-31T17:13:12","modified_gmt":"2026-03-31T14:13:12","slug":"pirlanta-detayli-kalp-formlu-rose-altin-kolye","status":"publish","type":"product","link":"https:\/\/www.gasia.com.tr\/en\/collections\/pirlanta-detayli-kalp-formlu-rose-altin-kolye\/","title":{"rendered":"P\u0131rlanta Detayl\u0131 Kalp Formlu Rose Alt\u0131n Kolye"},"content":{"rendered":"<p>Dokulu y\u00fczeye sahip kalp formlu rose alt\u0131n kolye, merkezindeki p\u0131rlanta detay\u0131yla sade bir \u0131\u015f\u0131lt\u0131 sunar. Yumu\u015fak hatl\u0131 formu ve do\u011fal y\u00fczey efekti sayesinde klasik kalp tasar\u0131mlar\u0131ndan ayr\u0131l\u0131r. Tek ba\u015f\u0131na g\u00fc\u00e7l\u00fc bir g\u00f6r\u00fcn\u00fcm sunarken, katmanl\u0131 kullan\u0131mlarda da uyum sa\u011flayan \u00f6zel bir par\u00e7ad\u0131r.<\/p>","protected":false},"excerpt":{"rendered":"<p>Dokulu y\u00fczeye sahip kalp formlu rose alt\u0131n kolye, merkezindeki p\u0131rlanta detay\u0131yla sade bir \u0131\u015f\u0131lt\u0131 sunar. Yumu\u015fak hatl\u0131 formu ve do\u011fal<\/p>","protected":false},"featured_media":40216,"comment_status":"open","ping_status":"closed","template":"","meta":[],"product_brand":[],"product_cat":[75,210],"product_tag":[278,633,294,322,2115,473,2147,2146,273,1767,324,276,2138,2139,274,329,1632,476],"class_list":{"0":"post-40215","1":"product","2":"type-product","3":"status-publish","4":"has-post-thumbnail","6":"product_cat-kolye","7":"product_cat-love-you-koleksiyonu","8":"product_tag-altin-kolye","9":"product_tag-designer-necklace","10":"product_tag-diamond-necklace","11":"product_tag-gold-necklace","12":"product_tag-heart-necklace","13":"product_tag-kadin-kolye","14":"product_tag-kalp-form-kolye","15":"product_tag-kalp-kolye","16":"product_tag-minimal-kolye","17":"product_tag-minimalist-necklace","18":"product_tag-pendant-necklace","19":"product_tag-pirlanta-kolye","20":"product_tag-rose-altin-kolye","21":"product_tag-rose-gold-necklace","22":"product_tag-tasarim-kolye","23":"product_tag-tasli-kolye","24":"product_tag-women-necklace","25":"product_tag-zarif-kolye","26":"pa_cinsiyet-kadin","28":"first","29":"instock","30":"shipping-taxable","31":"purchasable","32":"product-type-simple"},"_links":{"self":[{"href":"https:\/\/www.gasia.com.tr\/en\/wp-json\/wp\/v2\/product\/40215","targetHints":{"allow":["GET"]}}],"collection":[{"href":"https:\/\/www.gasia.com.tr\/en\/wp-json\/wp\/v2\/product"}],"about":[{"href":"https:\/\/www.gasia.com.tr\/en\/wp-json\/wp\/v2\/types\/product"}],"replies":[{"embeddable":true,"href":"https:\/\/www.gasia.com.tr\/en\/wp-json\/wp\/v2\/comments?post=40215"}],"version-history":[{"count":1,"href":"https:\/\/www.gasia.com.tr\/en\/wp-json\/wp\/v2\/product\/40215\/revisions"}],"predecessor-version":[{"id":40219,"href":"https:\/\/www.gasia.com.tr\/en\/wp-json\/wp\/v2\/product\/40215\/revisions\/40219"}],"wp:featuredmedia":[{"embeddable":true,"href":"https:\/\/www.gasia.com.tr\/en\/wp-json\/wp\/v2\/media\/40216"}],"wp:attachment":[{"href":"https:\/\/www.gasia.com.tr\/en\/wp-json\/wp\/v2\/media?parent=40215"}],"wp:term":[{"taxonomy":"product_brand","embeddable":true,"href":"https:\/\/www.gasia.com.tr\/en\/wp-json\/wp\/v2\/product_brand?post=40215"},{"taxonomy":"product_cat","embeddable":true,"href":"https:\/\/www.gasia.com.tr\/en\/wp-json\/wp\/v2\/product_cat?post=40215"},{"taxonomy":"product_tag","embeddable":true,"href":"https:\/\/www.gasia.com.tr\/en\/wp-json\/wp\/v2\/product_tag?post=40215"}],"curies":[{"name":"wp","href":"https:\/\/api.w.org\/{rel}","templated":true}]}}