{"id":40225,"date":"2026-03-28T00:00:00","date_gmt":"2026-03-27T21:00:00","guid":{"rendered":"https:\/\/www.gasia.com.tr\/?post_type=product&#038;p=40225"},"modified":"2026-04-21T15:39:19","modified_gmt":"2026-04-21T12:39:19","slug":"safir-ve-pirlanta-goz-boncugu-detayli-altin-kolye","status":"publish","type":"product","link":"https:\/\/www.gasia.com.tr\/en\/collections\/safir-ve-pirlanta-goz-boncugu-detayli-altin-kolye\/","title":{"rendered":"Safir ve P\u0131rlanta G\u00f6z Boncu\u011fu Detayl\u0131 Alt\u0131n Kolye"},"content":{"rendered":"<p>Dokulu y\u00fczeye sahip alt\u0131n kolye, safir ve p\u0131rlanta ta\u015flarla olu\u015fturulmu\u015f g\u00f6z boncu\u011fu detay\u0131yla \u00f6ne \u00e7\u0131kar. Organik formu ve merkezde yer alan bu anlaml\u0131 motif sayesinde hem dikkat \u00e7ekici hem de karakterli bir g\u00f6r\u00fcn\u00fcm sunar. Klasik kolyelerden ayr\u0131lan tasar\u0131m\u0131yla g\u00fc\u00e7l\u00fc bir stil vurgusu yapar.<\/p>\n<ul>\n<li>Sar\u0131 ve Beyaz Alt\u0131n olarak da sipari\u015f verilebilir.<\/li>\n<\/ul>","protected":false},"excerpt":{"rendered":"<p>Dokulu y\u00fczeye sahip alt\u0131n kolye, safir ve p\u0131rlanta ta\u015flarla olu\u015fturulmu\u015f g\u00f6z boncu\u011fu detay\u0131yla \u00f6ne \u00e7\u0131kar. Organik formu ve merkezde yer<\/p>","protected":false},"featured_media":40226,"comment_status":"open","ping_status":"closed","template":"","meta":[],"product_brand":[],"product_cat":[75],"product_tag":[278,2149,633,294,726,2070,811,322,2148,473,280,276,1794,1795,274,329,2073,1632],"class_list":{"0":"post-40225","1":"product","2":"type-product","3":"status-publish","4":"has-post-thumbnail","6":"product_cat-kolye","7":"product_tag-altin-kolye","8":"product_tag-altin-taki","9":"product_tag-designer-necklace","10":"product_tag-diamond-necklace","11":"product_tag-evil-eye-necklace","12":"product_tag-farkli-kolye","13":"product_tag-gemstone-necklace","14":"product_tag-gold-necklace","15":"product_tag-goz-boncugu-kolye","16":"product_tag-kadin-kolye","17":"product_tag-nazar-kolye","18":"product_tag-pirlanta-kolye","19":"product_tag-safir-kolye","20":"product_tag-sapphire-necklace","21":"product_tag-tasarim-kolye","22":"product_tag-tasli-kolye","23":"product_tag-unique-necklace","24":"product_tag-women-necklace","25":"pa_cinsiyet-kadin","27":"first","28":"instock","29":"shipping-taxable","30":"purchasable","31":"product-type-simple"},"_links":{"self":[{"href":"https:\/\/www.gasia.com.tr\/en\/wp-json\/wp\/v2\/product\/40225","targetHints":{"allow":["GET"]}}],"collection":[{"href":"https:\/\/www.gasia.com.tr\/en\/wp-json\/wp\/v2\/product"}],"about":[{"href":"https:\/\/www.gasia.com.tr\/en\/wp-json\/wp\/v2\/types\/product"}],"replies":[{"embeddable":true,"href":"https:\/\/www.gasia.com.tr\/en\/wp-json\/wp\/v2\/comments?post=40225"}],"version-history":[{"count":2,"href":"https:\/\/www.gasia.com.tr\/en\/wp-json\/wp\/v2\/product\/40225\/revisions"}],"predecessor-version":[{"id":40229,"href":"https:\/\/www.gasia.com.tr\/en\/wp-json\/wp\/v2\/product\/40225\/revisions\/40229"}],"wp:featuredmedia":[{"embeddable":true,"href":"https:\/\/www.gasia.com.tr\/en\/wp-json\/wp\/v2\/media\/40226"}],"wp:attachment":[{"href":"https:\/\/www.gasia.com.tr\/en\/wp-json\/wp\/v2\/media?parent=40225"}],"wp:term":[{"taxonomy":"product_brand","embeddable":true,"href":"https:\/\/www.gasia.com.tr\/en\/wp-json\/wp\/v2\/product_brand?post=40225"},{"taxonomy":"product_cat","embeddable":true,"href":"https:\/\/www.gasia.com.tr\/en\/wp-json\/wp\/v2\/product_cat?post=40225"},{"taxonomy":"product_tag","embeddable":true,"href":"https:\/\/www.gasia.com.tr\/en\/wp-json\/wp\/v2\/product_tag?post=40225"}],"curies":[{"name":"wp","href":"https:\/\/api.w.org\/{rel}","templated":true}]}}