{"id":40230,"date":"2026-03-18T11:42:22","date_gmt":"2026-03-18T08:42:22","guid":{"rendered":"https:\/\/www.gasia.com.tr\/?post_type=product&#038;p=40230"},"modified":"2026-04-13T13:28:12","modified_gmt":"2026-04-13T10:28:12","slug":"inci-ve-pirlanta-detayli-altin-kupe","status":"publish","type":"product","link":"https:\/\/www.gasia.com.tr\/en\/collections\/inci-ve-pirlanta-detayli-altin-kupe\/","title":{"rendered":"\u0130nci ve P\u0131rlanta Detayl\u0131 Alt\u0131n K\u00fcpe"},"content":{"rendered":"<p>B\u00fcy\u00fck boy inci detay\u0131yla \u00f6ne \u00e7\u0131kan alt\u0131n k\u00fcpe, \u00fcst k\u0131sm\u0131ndaki p\u0131rlanta ta\u015flar ve sar\u0131 tonlu ta\u015f ge\u00e7i\u015fleriyle zengin bir g\u00f6r\u00fcn\u00fcm sunar. Hareketli yap\u0131s\u0131 ve dengeli tasar\u0131m\u0131 sayesinde klasik inci k\u00fcpeleri farkl\u0131 bir yorumla sunan dikkat \u00e7ekici bir par\u00e7ad\u0131r.<\/p>","protected":false},"excerpt":{"rendered":"<ul>\n<li>18 Ayar Alt\u0131n<\/li>\n<li>0,23 ct P\u0131rlanta<\/li>\n<li>0,41 ct Elmas Kesim\u00a0 P\u0131rlanta<\/li>\n<\/ul>","protected":false},"featured_media":40231,"comment_status":"open","ping_status":"closed","template":"","meta":[],"product_brand":[],"product_cat":[74],"product_tag":[1713,1574,1715,833,2026,1594,1714,373,1847,395,1718,374,814,375,815,813,2027,1596],"class_list":{"0":"post-40230","1":"product","2":"type-product","3":"status-publish","4":"has-post-thumbnail","6":"product_cat-kupe-modelleri","7":"product_tag-altin-kupe","8":"product_tag-designer-earrings","9":"product_tag-diamond-earrings","10":"product_tag-drop-earrings","11":"product_tag-farkli-kupe","12":"product_tag-gemstone-earrings","13":"product_tag-gold-earrings","14":"product_tag-inci-kupe","15":"product_tag-inci-taki","16":"product_tag-kadin-kupe","17":"product_tag-pearl-earrings","18":"product_tag-pirlanta-kupe","19":"product_tag-sallantili-kupe","20":"product_tag-sik-kupe","21":"product_tag-tasarim-kupe","22":"product_tag-tasli-kupe","23":"product_tag-unique-earrings","24":"product_tag-women-earrings","25":"pa_cinsiyet-kadin","27":"first","28":"instock","29":"shipping-taxable","30":"purchasable","31":"product-type-simple"},"_links":{"self":[{"href":"https:\/\/www.gasia.com.tr\/en\/wp-json\/wp\/v2\/product\/40230","targetHints":{"allow":["GET"]}}],"collection":[{"href":"https:\/\/www.gasia.com.tr\/en\/wp-json\/wp\/v2\/product"}],"about":[{"href":"https:\/\/www.gasia.com.tr\/en\/wp-json\/wp\/v2\/types\/product"}],"replies":[{"embeddable":true,"href":"https:\/\/www.gasia.com.tr\/en\/wp-json\/wp\/v2\/comments?post=40230"}],"version-history":[{"count":3,"href":"https:\/\/www.gasia.com.tr\/en\/wp-json\/wp\/v2\/product\/40230\/revisions"}],"predecessor-version":[{"id":42001,"href":"https:\/\/www.gasia.com.tr\/en\/wp-json\/wp\/v2\/product\/40230\/revisions\/42001"}],"wp:featuredmedia":[{"embeddable":true,"href":"https:\/\/www.gasia.com.tr\/en\/wp-json\/wp\/v2\/media\/40231"}],"wp:attachment":[{"href":"https:\/\/www.gasia.com.tr\/en\/wp-json\/wp\/v2\/media?parent=40230"}],"wp:term":[{"taxonomy":"product_brand","embeddable":true,"href":"https:\/\/www.gasia.com.tr\/en\/wp-json\/wp\/v2\/product_brand?post=40230"},{"taxonomy":"product_cat","embeddable":true,"href":"https:\/\/www.gasia.com.tr\/en\/wp-json\/wp\/v2\/product_cat?post=40230"},{"taxonomy":"product_tag","embeddable":true,"href":"https:\/\/www.gasia.com.tr\/en\/wp-json\/wp\/v2\/product_tag?post=40230"}],"curies":[{"name":"wp","href":"https:\/\/api.w.org\/{rel}","templated":true}]}}