{"id":40233,"date":"2026-03-28T00:00:00","date_gmt":"2026-03-27T21:00:00","guid":{"rendered":"https:\/\/www.gasia.com.tr\/?post_type=product&#038;p=40233"},"modified":"2026-04-21T15:39:19","modified_gmt":"2026-04-21T12:39:19","slug":"pirlanta-detayli-rose-altin-plaka-kolye-2","status":"publish","type":"product","link":"https:\/\/www.gasia.com.tr\/en\/collections\/pirlanta-detayli-rose-altin-plaka-kolye-2\/","title":{"rendered":"P\u0131rlanta Detayl\u0131 Rose Alt\u0131n Plaka Kolye"},"content":{"rendered":"<p>Yatay formda tasarlanm\u0131\u015f rose alt\u0131n plaka kolye, dokulu y\u00fczeyi ve farkl\u0131 noktalara yerle\u015ftirilmi\u015f p\u0131rlanta ta\u015flarla dengeli bir \u0131\u015f\u0131lt\u0131 sunar. Minimal formu ile \u00f6ne \u00e7\u0131kan bu tasar\u0131m, sade ama karakterli bir g\u00f6r\u00fcn\u00fcm arayanlar i\u00e7in g\u00fc\u00e7l\u00fc bir alternatif olu\u015fturur. Tek ba\u015f\u0131na kullan\u0131ld\u0131\u011f\u0131nda dikkat \u00e7eker, katmanl\u0131 kombinlerde ise modern bir stil yarat\u0131r.<\/p>\n<ul>\n<li>Sar\u0131 ve Beyaz Alt\u0131n olarak da sipari\u015f verilebilir.<\/li>\n<\/ul>","protected":false},"excerpt":{"rendered":"<p>Yatay formda tasarlanm\u0131\u015f rose alt\u0131n plaka kolye, dokulu y\u00fczeyi ve farkl\u0131 noktalara yerle\u015ftirilmi\u015f p\u0131rlanta ta\u015flarla dengeli bir \u0131\u015f\u0131lt\u0131 sunar. Minimal<\/p>","protected":false},"featured_media":40234,"comment_status":"open","ping_status":"closed","template":"","meta":[],"product_brand":[],"product_cat":[75],"product_tag":[278,633,294,322,2151,473,273,1767,277,276,2141,2142,2138,2139,274,329,1632,2150],"class_list":{"0":"post-40233","1":"product","2":"type-product","3":"status-publish","4":"has-post-thumbnail","6":"product_cat-kolye","7":"product_tag-altin-kolye","8":"product_tag-designer-necklace","9":"product_tag-diamond-necklace","10":"product_tag-gold-necklace","11":"product_tag-horizontal-necklace","12":"product_tag-kadin-kolye","13":"product_tag-minimal-kolye","14":"product_tag-minimalist-necklace","15":"product_tag-modern-kolye","16":"product_tag-pirlanta-kolye","17":"product_tag-plaka-kolye","18":"product_tag-plate-necklace","19":"product_tag-rose-altin-kolye","20":"product_tag-rose-gold-necklace","21":"product_tag-tasarim-kolye","22":"product_tag-tasli-kolye","23":"product_tag-women-necklace","24":"product_tag-yatay-kolye","25":"pa_cinsiyet-kadin","27":"first","28":"instock","29":"shipping-taxable","30":"purchasable","31":"product-type-simple"},"_links":{"self":[{"href":"https:\/\/www.gasia.com.tr\/en\/wp-json\/wp\/v2\/product\/40233","targetHints":{"allow":["GET"]}}],"collection":[{"href":"https:\/\/www.gasia.com.tr\/en\/wp-json\/wp\/v2\/product"}],"about":[{"href":"https:\/\/www.gasia.com.tr\/en\/wp-json\/wp\/v2\/types\/product"}],"replies":[{"embeddable":true,"href":"https:\/\/www.gasia.com.tr\/en\/wp-json\/wp\/v2\/comments?post=40233"}],"version-history":[{"count":2,"href":"https:\/\/www.gasia.com.tr\/en\/wp-json\/wp\/v2\/product\/40233\/revisions"}],"predecessor-version":[{"id":40236,"href":"https:\/\/www.gasia.com.tr\/en\/wp-json\/wp\/v2\/product\/40233\/revisions\/40236"}],"wp:featuredmedia":[{"embeddable":true,"href":"https:\/\/www.gasia.com.tr\/en\/wp-json\/wp\/v2\/media\/40234"}],"wp:attachment":[{"href":"https:\/\/www.gasia.com.tr\/en\/wp-json\/wp\/v2\/media?parent=40233"}],"wp:term":[{"taxonomy":"product_brand","embeddable":true,"href":"https:\/\/www.gasia.com.tr\/en\/wp-json\/wp\/v2\/product_brand?post=40233"},{"taxonomy":"product_cat","embeddable":true,"href":"https:\/\/www.gasia.com.tr\/en\/wp-json\/wp\/v2\/product_cat?post=40233"},{"taxonomy":"product_tag","embeddable":true,"href":"https:\/\/www.gasia.com.tr\/en\/wp-json\/wp\/v2\/product_tag?post=40233"}],"curies":[{"name":"wp","href":"https:\/\/api.w.org\/{rel}","templated":true}]}}