{"id":40237,"date":"2026-03-21T23:33:05","date_gmt":"2026-03-21T20:33:05","guid":{"rendered":"https:\/\/www.gasia.com.tr\/?post_type=product&#038;p=40237"},"modified":"2026-04-02T15:29:55","modified_gmt":"2026-04-02T12:29:55","slug":"oltu-tasi-pirlanta-ve-elmas-detayli-yaprak-kolye","status":"publish","type":"product","link":"https:\/\/www.gasia.com.tr\/en\/collections\/oltu-tasi-pirlanta-ve-elmas-detayli-yaprak-kolye\/","title":{"rendered":"Oltu Ta\u015f\u0131 P\u0131rlanta ve Elmas Detayl\u0131 Yaprak Kolye"},"content":{"rendered":"<p>Oltu ta\u015f\u0131n\u0131n derin siyah tonu, yaprak formundaki detayl\u0131 i\u015f\u00e7ilikle bulu\u015farak g\u00fc\u00e7l\u00fc bir g\u00f6r\u00fcn\u00fcm sunar. \u00dczerinde yer alan p\u0131rlanta ve elmas ta\u015flar tasar\u0131ma \u0131\u015f\u0131lt\u0131 katarken, kontrast etkisiyle daha belirgin hale gelir. Do\u011fadan ilham alan bu \u00f6zel kolye, klasik \u00e7izgilerden uzak ve karakter sahibi bir stil arayanlar i\u00e7in dikkat \u00e7ekici bir par\u00e7ad\u0131r.<\/p>","protected":false},"excerpt":{"rendered":"<ul>\n<li>18 Ayar Alt\u0131n<\/li>\n<li>925 Ayar Okside G\u00fcm\u00fc\u015f<\/li>\n<li>1.59 ct Toplam Elmas<\/li>\n<li>0.13 ct toplam P\u0131rlanta<\/li>\n<li>60 cm uzunlu\u011funda zincir<\/li>\n<\/ul>","protected":false},"featured_media":40238,"comment_status":"open","ping_status":"closed","template":"","meta":[],"product_brand":[77],"product_cat":[75],"product_tag":[278,1619,633,294,1623,328,2070,322,2153,473,2154,1740,276,1613,274,2073,1632,2152],"class_list":{"0":"post-40237","1":"product","2":"type-product","3":"status-publish","4":"has-post-thumbnail","6":"product_brand-gasia","7":"product_cat-kolye","8":"product_tag-altin-kolye","9":"product_tag-black-stone-necklace","10":"product_tag-designer-necklace","11":"product_tag-diamond-necklace","12":"product_tag-dogal-tas-kolye","13":"product_tag-elmas-kolye","14":"product_tag-farkli-kolye","15":"product_tag-gold-necklace","16":"product_tag-jet-stone-necklace","17":"product_tag-kadin-kolye","18":"product_tag-leaf-necklace","19":"product_tag-oltu-tasi-kolye","20":"product_tag-pirlanta-kolye","21":"product_tag-siyah-tas-kolye","22":"product_tag-tasarim-kolye","23":"product_tag-unique-necklace","24":"product_tag-women-necklace","25":"product_tag-yaprak-kolye","26":"pa_cinsiyet-kadin","28":"first","29":"instock","30":"shipping-taxable","31":"purchasable","32":"product-type-simple"},"_links":{"self":[{"href":"https:\/\/www.gasia.com.tr\/en\/wp-json\/wp\/v2\/product\/40237","targetHints":{"allow":["GET"]}}],"collection":[{"href":"https:\/\/www.gasia.com.tr\/en\/wp-json\/wp\/v2\/product"}],"about":[{"href":"https:\/\/www.gasia.com.tr\/en\/wp-json\/wp\/v2\/types\/product"}],"replies":[{"embeddable":true,"href":"https:\/\/www.gasia.com.tr\/en\/wp-json\/wp\/v2\/comments?post=40237"}],"version-history":[{"count":2,"href":"https:\/\/www.gasia.com.tr\/en\/wp-json\/wp\/v2\/product\/40237\/revisions"}],"predecessor-version":[{"id":41294,"href":"https:\/\/www.gasia.com.tr\/en\/wp-json\/wp\/v2\/product\/40237\/revisions\/41294"}],"wp:featuredmedia":[{"embeddable":true,"href":"https:\/\/www.gasia.com.tr\/en\/wp-json\/wp\/v2\/media\/40238"}],"wp:attachment":[{"href":"https:\/\/www.gasia.com.tr\/en\/wp-json\/wp\/v2\/media?parent=40237"}],"wp:term":[{"taxonomy":"product_brand","embeddable":true,"href":"https:\/\/www.gasia.com.tr\/en\/wp-json\/wp\/v2\/product_brand?post=40237"},{"taxonomy":"product_cat","embeddable":true,"href":"https:\/\/www.gasia.com.tr\/en\/wp-json\/wp\/v2\/product_cat?post=40237"},{"taxonomy":"product_tag","embeddable":true,"href":"https:\/\/www.gasia.com.tr\/en\/wp-json\/wp\/v2\/product_tag?post=40237"}],"curies":[{"name":"wp","href":"https:\/\/api.w.org\/{rel}","templated":true}]}}