{"id":40241,"date":"2025-10-09T00:00:00","date_gmt":"2025-10-08T21:00:00","guid":{"rendered":"https:\/\/www.gasia.com.tr\/?post_type=product&#038;p=40241"},"modified":"2026-03-30T13:47:17","modified_gmt":"2026-03-30T10:47:17","slug":"altin-zincir-puskullu-pirlanta-detayli-tek-kupe","status":"publish","type":"product","link":"https:\/\/www.gasia.com.tr\/en\/collections\/altin-zincir-puskullu-pirlanta-detayli-tek-kupe\/","title":{"rendered":"Alt\u0131n Zincir P\u00fcsk\u00fcll\u00fc P\u0131rlanta Detayl\u0131 Tek K\u00fcpe"},"content":{"rendered":"<p>Alt\u0131n tonun s\u0131cakl\u0131\u011f\u0131, \u00e7oklu zincir p\u00fcsk\u00fcl tasar\u0131m\u0131yla hareket kazan\u0131r. \u00dcst b\u00f6l\u00fcmde yer alan p\u0131rlanta detaylar, tasar\u0131ma zarif bir \u0131\u015f\u0131lt\u0131 eklerken k\u00fcpenin ak\u0131\u015fkan formunu \u00f6ne \u00e7\u0131kar\u0131r. Modern ve dikkat \u00e7ekici \u00e7izgisiyle tek k\u00fcpe kullan\u0131m\u0131n\u0131 farkl\u0131 bir seviyeye ta\u015f\u0131r.<\/p>","protected":false},"excerpt":{"rendered":"<p>Alt\u0131n tonun s\u0131cakl\u0131\u011f\u0131, \u00e7oklu zincir p\u00fcsk\u00fcl tasar\u0131m\u0131yla hareket kazan\u0131r. \u00dcst b\u00f6l\u00fcmde yer alan p\u0131rlanta detaylar, tasar\u0131ma zarif bir \u0131\u015f\u0131lt\u0131 eklerken<\/p>","protected":false},"featured_media":40242,"comment_status":"open","ping_status":"closed","template":"","meta":[],"product_brand":[],"product_cat":[74],"product_tag":[1713,2025,1751,1752,1750,2158,395,2159,392,374,2156,814,1747,2023,815,2157,1746,2058,1753,2155],"class_list":{"0":"post-40241","1":"product","2":"type-product","3":"status-publish","4":"has-post-thumbnail","6":"product_cat-kupe-modelleri","7":"product_tag-altin-kupe","8":"product_tag-chain-earring","9":"product_tag-dangle-earring","10":"product_tag-designer-earring","11":"product_tag-diamond-earring","12":"product_tag-gold-earring","13":"product_tag-kadin-kupe","14":"product_tag-long-earring","15":"product_tag-modern-kupe","16":"product_tag-pirlanta-kupe","17":"product_tag-puskullu-kupe","18":"product_tag-sallantili-kupe","19":"product_tag-single-earring","20":"product_tag-statement-earring","21":"product_tag-tasarim-kupe","22":"product_tag-tassel-earring","23":"product_tag-tek-kupe","24":"product_tag-uzun-kupe","25":"product_tag-women-earring","26":"product_tag-zincir-kupe","27":"pa_cinsiyet-kadin","29":"first","30":"instock","31":"shipping-taxable","32":"product-type-simple"},"_links":{"self":[{"href":"https:\/\/www.gasia.com.tr\/en\/wp-json\/wp\/v2\/product\/40241","targetHints":{"allow":["GET"]}}],"collection":[{"href":"https:\/\/www.gasia.com.tr\/en\/wp-json\/wp\/v2\/product"}],"about":[{"href":"https:\/\/www.gasia.com.tr\/en\/wp-json\/wp\/v2\/types\/product"}],"replies":[{"embeddable":true,"href":"https:\/\/www.gasia.com.tr\/en\/wp-json\/wp\/v2\/comments?post=40241"}],"version-history":[{"count":2,"href":"https:\/\/www.gasia.com.tr\/en\/wp-json\/wp\/v2\/product\/40241\/revisions"}],"predecessor-version":[{"id":40244,"href":"https:\/\/www.gasia.com.tr\/en\/wp-json\/wp\/v2\/product\/40241\/revisions\/40244"}],"wp:featuredmedia":[{"embeddable":true,"href":"https:\/\/www.gasia.com.tr\/en\/wp-json\/wp\/v2\/media\/40242"}],"wp:attachment":[{"href":"https:\/\/www.gasia.com.tr\/en\/wp-json\/wp\/v2\/media?parent=40241"}],"wp:term":[{"taxonomy":"product_brand","embeddable":true,"href":"https:\/\/www.gasia.com.tr\/en\/wp-json\/wp\/v2\/product_brand?post=40241"},{"taxonomy":"product_cat","embeddable":true,"href":"https:\/\/www.gasia.com.tr\/en\/wp-json\/wp\/v2\/product_cat?post=40241"},{"taxonomy":"product_tag","embeddable":true,"href":"https:\/\/www.gasia.com.tr\/en\/wp-json\/wp\/v2\/product_tag?post=40241"}],"curies":[{"name":"wp","href":"https:\/\/api.w.org\/{rel}","templated":true}]}}